{"id":884,"date":"2023-03-15T12:07:51","date_gmt":"2023-03-15T11:07:51","guid":{"rendered":"https:\/\/consdortmund.esteri.it\/?page_id=884"},"modified":"2025-07-07T12:14:01","modified_gmt":"2025-07-07T10:14:01","slug":"viaggio-minori-non-accompagnati","status":"publish","type":"page","link":"https:\/\/consdortmund.esteri.it\/it\/servizi-consolari-e-visti\/servizi-per-il-cittadino-italiano\/viaggio-minori-non-accompagnati\/","title":{"rendered":"Viaggio minori non accompagnati"},"content":{"rendered":"<p style=\"text-align: justify;\">Il minore italiano\u00a0<strong>di et\u00e0 inferiore ai quattordici anni<\/strong>\u00a0che<strong> viaggi fuori del Paese di residenza<\/strong> non accompagnato da almeno un titolare della responsabilit\u00e0 genitoriale deve essere munito di un&#8217;attestazione di accompagnamento in cui figurino le generalit\u00e0 della\/e persona\/e, dell&#8217;ente o della compagnia di trasporto a cui viene affidato. Nel caso in cui il minore venga affidato ad una compagnia di trasporto <strong>\u00e8 onere della famiglia prendere contatto con la compagnia area<\/strong>.<\/p>\n<p style=\"text-align: justify;\">L&#8217;attestazione viene rilasciata su richiesta sottoscritta da tutti coloro che secondo l&#8217;ordinamento italiano risultino titolari della responsabilit\u00e0 genitoriale. Avr\u00e0 una <strong>validit\u00e0 limitata<\/strong> ad <span style=\"text-decoration: underline;\"><strong>un solo viaggio<\/strong><\/span> e <span style=\"text-decoration: underline;\"><strong>non potr\u00e0 comunque superare i sei mesi<\/strong><\/span>.<\/p>\n<p style=\"text-align: justify;\">Il<strong>\u00a0<a href=\"https:\/\/consdortmund.esteri.it\/wp-content\/uploads\/2025\/07\/dichiarazione_di_accompagnamento_per_minori.pdf\">modulo di richiesta<\/a> <\/strong>potr\u00e0 essere caricato sul portale <strong><a href=\"https:\/\/prenotami.esteri.it\/\">Prenot@mi<\/a><\/strong> nella sezione dedicata alla richiesta di <strong>appuntamento per il passaporto<\/strong>. Ugualmente andranno caricati:<\/p>\n<p style=\"text-align: justify;\">&#8211; <strong>Copia del documento di identit\u00e0 con cui il minore viagger\u00e0<\/strong>;<br \/>\n&#8211;\u00a0<strong>Copia dei documenti di identit\u00e0<\/strong> dei titolari del <strong>responsabilit\u00e0 genitoriale<\/strong>;<br \/>\n&#8211;<strong> Copia del documento di identit\u00e0 della\/e persona\/e alla\/e quale\/i il minore viene affidato<\/strong>.<br \/>\n(non necessaria in caso di affidamento ad una compagnia di trasporto)<\/p>\n<p style=\"text-align: justify;\">Eventuale ulteriore documentazione potr\u00e0 essere richiesta per informazioni non in possesso dell&#8217;ufficio.<\/p>\n<p style=\"text-align: justify;\">Per il ritiro bisogner\u00e0 aspettare la convocazione dall&#8217;Ufficio\u00a0competente.<\/p>\n<p style=\"text-align: justify;\">Per maggiori ulteriori informazioni contattare:<\/p>\n<ul>\n<li style=\"text-align: justify;\">Indirizzo mail: <strong>passaporti.dortmund@esteri.it<\/strong><\/li>\n<li style=\"text-align: justify;\">Tel. <strong>+49 (0)231 57796 10<\/strong><\/li>\n<\/ul>\n","protected":false},"excerpt":{"rendered":"Il minore italiano\u00a0di et\u00e0 inferiore ai quattordici anni\u00a0che viaggi fuori del Paese di residenza non accompagnato da almeno un titolare della responsabilit\u00e0 genitoriale deve essere munito di un&#8217;attestazione di accompagnamento in cui figurino le generalit\u00e0 della\/e persona\/e, dell&#8217;ente o della compagnia di trasporto a cui viene affidato. Nel caso in cui il minore venga affidato [&hellip;]","protected":false},"author":4,"featured_media":0,"parent":53,"menu_order":8,"comment_status":"closed","ping_status":"closed","template":"","meta":{"footnotes":""},"class_list":["post-884","page","type-page","status-publish","hentry"],"_links":{"self":[{"href":"https:\/\/consdortmund.esteri.it\/it\/wp-json\/wp\/v2\/pages\/884","targetHints":{"allow":["GET"]}}],"collection":[{"href":"https:\/\/consdortmund.esteri.it\/it\/wp-json\/wp\/v2\/pages"}],"about":[{"href":"https:\/\/consdortmund.esteri.it\/it\/wp-json\/wp\/v2\/types\/page"}],"author":[{"embeddable":true,"href":"https:\/\/consdortmund.esteri.it\/it\/wp-json\/wp\/v2\/users\/4"}],"replies":[{"embeddable":true,"href":"https:\/\/consdortmund.esteri.it\/it\/wp-json\/wp\/v2\/comments?post=884"}],"version-history":[{"count":1,"href":"https:\/\/consdortmund.esteri.it\/it\/wp-json\/wp\/v2\/pages\/884\/revisions"}],"predecessor-version":[{"id":2455,"href":"https:\/\/consdortmund.esteri.it\/it\/wp-json\/wp\/v2\/pages\/884\/revisions\/2455"}],"up":[{"embeddable":true,"href":"https:\/\/consdortmund.esteri.it\/it\/wp-json\/wp\/v2\/pages\/53"}],"wp:attachment":[{"href":"https:\/\/consdortmund.esteri.it\/it\/wp-json\/wp\/v2\/media?parent=884"}],"curies":[{"name":"wp","href":"https:\/\/api.w.org\/{rel}","templated":true}]}}