{"id":679,"date":"2023-03-13T14:54:46","date_gmt":"2023-03-13T13:54:46","guid":{"rendered":"https:\/\/consdortmund.esteri.it\/?page_id=679"},"modified":"2023-04-13T11:55:37","modified_gmt":"2023-04-13T09:55:37","slug":"fare-affari-in-germania","status":"publish","type":"page","link":"https:\/\/consdortmund.esteri.it\/it\/servizi-consolari-e-visti\/servizi-per-il-cittadino-straniero\/fare-affari-in-germania\/","title":{"rendered":"Fare affari in Germania"},"content":{"rendered":"<p style=\"text-align: justify;\"><strong>ENIT<\/strong><\/p>\n<p style=\"text-align: justify;\">ENIT &#8211; <a href=\"https:\/\/www.enit.it\/it\">Agenzia Nazionale del Turismo<\/a> &#8211; \u00e8 un ente pubblico economico, ai sensi dell\u2019 art.16 del Decreto legge 31 maggio 2014 n. 83, convertito con modificazioni dalla Legge 29 Luglio 2014 n. 106. Svolge le proprie funzioni ed attivit\u00e0 attraverso la sede centrale e le sedi periferiche. L\u2019Agenzia Nazionale del Turismo, sottoposta alla vigilanza del Ministero per i beni e le attivit\u00e0 culturali e per il turismo, adotta propri regolamenti di contabilit\u00e0 e di amministrazione.<\/p>\n<p style=\"text-align: justify;\">L&#8217; ENIT ha una rete di due Uffici in Germania:<\/p>\n<p style=\"text-align: justify;\">&#8211;\u00a0\u00a0\u00a0\u00a0<a href=\"https:\/\/www.enit.it\/it\/francoforte-sul-meno\"><strong>Francoforte sul Meno<\/strong><\/a><\/p>\n<p>Schaumainkai 87<br \/>\n60596 Frankfurt am Main<br \/>\nE-Mail:\u00a0<a>frankfurt@enit.it<\/a><\/p>\n<p style=\"text-align: justify;\">&#8211;\u00a0\u00a0\u00a0\u00a0<a href=\"https:\/\/www.enit.it\/it\/monaco\"><strong>Monaco di Baviera<\/strong><\/a><\/p>\n<p>c\/o Italienisches Kulturinstitut<br \/>\nHermann-Schmid-Stra\u00dfe 8<br \/>\n80336 M\u00fcnchen<br \/>\nEmail:\u00a0<a href=\"mailto:monaco@enit.it\">monaco@enit.it<\/a><\/p>\n<p style=\"text-align: justify;\"><strong>ICE Locale<\/strong><\/p>\n<p style=\"text-align: justify;\">L\u2019<a href=\"https:\/\/www.ice.it\/it\/it\">ICE-Agenzia per la promozione all\u2019estero e l\u2019internazionalizzazione delle imprese italiane<\/a> \u00e8 l\u2019organismo attraverso cui il Governo favorisce il consolidamento e lo sviluppo economico-commerciale delle nostre imprese sui mercati esteri. Agisce, inoltre, quale soggetto incaricato di promuovere l\u2019attrazione degli investimenti esteri in Italia. Con una organizzazione dinamica motivata e moderna e una diffusa rete di uffici all\u2019estero, l\u2019ICE svolge attivit\u00e0 di informazione, assistenza, consulenza, promozione e formazione alle piccole e medie imprese italiane. Grazie all\u2019utilizzo dei pi\u00f9 moderni strumenti di promozione e di comunicazione multicanale, agisce per affermare le eccellenze del Made in Italy nel mondo.<\/p>\n<p style=\"text-align: justify;\">Al momento in Germania \u00e8 presente un solo <a href=\"https:\/\/www.ice.it\/it\/mercati\/germania\"><strong>ufficio ICE con sede a Berlino<\/strong><\/a>.<\/p>\n<p><strong>Camere di Commercio italo-tedesche<\/strong><\/p>\n<p>La Camera di Commercio Italo-Tedesca rappresenta l&#8217;imprenditoria italo-tedesca dal 1921. Come associazione promuove le relazioni economiche tra le imprese italiane e tedesche per conto del Ministero federale dell&#8217;Economia e del Clima ed \u00e8 il rappresentante ufficiale dell&#8217;imprenditoria tedesca in Italia. In Germania sono attive due Camere di Commercio italo-tedesche riconosciute ai sensi della legge 1\u00b0 luglio 1970, n. 518<\/p>\n<p><strong>Camera di Commercio italiana per la Germania<br \/>\n<\/strong>Sede centrale di Francoforte sul Meno<br \/>\nPresidente: Dottor Emanuele Gatti<br \/>\nSegretario Generale: Dott. Eliomaria Narducci<br \/>\nCorneliusstr. 18<br \/>\nD-60325 Frankfurt am Main<br \/>\nTel.: +49 (0)69 97145-210<br \/>\nFax: +49 (0)69 97145-299<br \/>\nE-mail:\u00a0<a href=\"mailto:info@itkam.org\">info@itkam.org<\/a><br \/>\nWebsite:\u00a0<a href=\"http:\/\/www.itkam.org\/\">www.itkam.org<\/a><br \/>\n<a href=\"http:\/\/www.itkam.org\/\"><br \/>\n<\/a><strong>Uffici Regionali &#8211; sede di Berlino<\/strong><br \/>\nc\/o Rent 24 COWORKING<br \/>\nOberwallstra\u00dfe 6<br \/>\n10117 Berlin<br \/>\nTel.: +49 (0)30 243104-0<br \/>\nFax: +49 (0)30 243104-11<br \/>\nE-mail:\u00a0<a href=\"https:\/\/ambberlino.esteri.it\/ambasciata_berlino\/berlin@itkam.org\">berlin@itkam.org<\/a><\/p>\n<p><strong>Uffici Regionali &#8211; sede di Lipsia<\/strong><br \/>\nGoerdelerring 5<br \/>\nD-04109 Leipzig<br \/>\nTel.: +49 (0)341 126714-45<br \/>\nFax: +49 (0)341 126714-46<br \/>\nE-mail: l<a href=\"mailto:info@itkam.org\">eipzig@itkam.org<\/a><\/p>\n<p><strong>Camera di Commercio Italo-Tedesca<\/strong><\/p>\n<p style=\"text-align: justify;\">La <a href=\"https:\/\/www.ahk-italien.it\/it\/chi-siamo\/\">Camera di Commercio Italo-tedesca<\/a> rappresenta dal 1921 la business community italo-tedesca. Come associazione agiscono su incarico del ministero dell\u2019Economia e del Clima tedesco per promuovere le relazioni economiche tra aziende italiane e tedesche e sono la rappresentanza ufficiale dell\u2019economia tedesca in Italia.<\/p>\n<p><strong>Italienische Handelskammer M\u00fcnchen-Stuttgart<\/strong><br \/>\nPresidente: Dott.ssa Anna Maria Andretta<br \/>\nSegretario Generale: Dott. Alessandro Marino<br \/>\nOttostr. 1<br \/>\nD-80333 M\u00fcnchen<br \/>\nTel.: +49 (0)89 961661-70<br \/>\nFax: +49 (0)89 2904894<br \/>\nE-Mail:\u00a0<a href=\"mailto:info@italcam.de\">info@italcam.de<\/a><br \/>\nWebsite:\u00a0<a href=\"http:\/\/www.italcam.de\/\">www.italcam.de<\/a><\/p>\n<p><strong>Ufficio di Stoccarda\/Regionalb\u00fcro f\u00fcr Baden-W\u00fcrttemberg<\/strong><br \/>\nDirettore: Dott. Alessandro Marino<br \/>\nLenzhalde 69<br \/>\nD-70192 Stuttgart<br \/>\nTel.: +49 (0)711 22680-42<br \/>\nFax: +49 (0)711 22680-79<br \/>\nE-Mail:\u00a0<a href=\"mailto:stuttgart@italcam.de\">stuttgart@italcam.de<\/a><\/p>\n","protected":false},"excerpt":{"rendered":"ENIT ENIT &#8211; Agenzia Nazionale del Turismo &#8211; \u00e8 un ente pubblico economico, ai sensi dell\u2019 art.16 del Decreto legge 31 maggio 2014 n. 83, convertito con modificazioni dalla Legge 29 Luglio 2014 n. 106. Svolge le proprie funzioni ed attivit\u00e0 attraverso la sede centrale e le sedi periferiche. L\u2019Agenzia Nazionale del Turismo, sottoposta alla [&hellip;]","protected":false},"author":4,"featured_media":0,"parent":55,"menu_order":0,"comment_status":"closed","ping_status":"closed","template":"","meta":{"footnotes":""},"class_list":["post-679","page","type-page","status-publish","hentry"],"_links":{"self":[{"href":"https:\/\/consdortmund.esteri.it\/it\/wp-json\/wp\/v2\/pages\/679","targetHints":{"allow":["GET"]}}],"collection":[{"href":"https:\/\/consdortmund.esteri.it\/it\/wp-json\/wp\/v2\/pages"}],"about":[{"href":"https:\/\/consdortmund.esteri.it\/it\/wp-json\/wp\/v2\/types\/page"}],"author":[{"embeddable":true,"href":"https:\/\/consdortmund.esteri.it\/it\/wp-json\/wp\/v2\/users\/4"}],"replies":[{"embeddable":true,"href":"https:\/\/consdortmund.esteri.it\/it\/wp-json\/wp\/v2\/comments?post=679"}],"version-history":[{"count":0,"href":"https:\/\/consdortmund.esteri.it\/it\/wp-json\/wp\/v2\/pages\/679\/revisions"}],"up":[{"embeddable":true,"href":"https:\/\/consdortmund.esteri.it\/it\/wp-json\/wp\/v2\/pages\/55"}],"wp:attachment":[{"href":"https:\/\/consdortmund.esteri.it\/it\/wp-json\/wp\/v2\/media?parent=679"}],"curies":[{"name":"wp","href":"https:\/\/api.w.org\/{rel}","templated":true}]}}