{"id":579,"date":"2023-03-13T12:14:34","date_gmt":"2023-03-13T11:14:34","guid":{"rendered":"https:\/\/consdortmund.esteri.it\/?page_id=579"},"modified":"2023-03-21T12:47:08","modified_gmt":"2023-03-21T11:47:08","slug":"per-chi-si-reca-in-italia","status":"publish","type":"page","link":"https:\/\/consdortmund.esteri.it\/it\/servizi-consolari-e-visti\/servizi-per-il-cittadino-straniero\/per-chi-si-reca-in-italia\/","title":{"rendered":"Per chi si reca in Italia"},"content":{"rendered":"<p style=\"text-align: justify;\"><strong>Visti d&#8217;ingresso per l&#8217;Italia<\/strong><\/p>\n<p style=\"text-align: justify;\">I cittadini di Paesi terzi in possesso di un valido permesso di soggiorno, diritto di soggiorno, autorizzazione di soggiorno o di un visto per uno dei Paesi membri dell&#8217;Accordo Schengen, possono recarsi in Italia senza apposito visto d&#8217;ingresso. Tutti gli altri stranieri hanno bisogno di un visto.<\/p>\n<p style=\"text-align: justify;\">All&#8217;indirizzo web <a href=\"https:\/\/vistoperitalia.esteri.it\/home.aspx#BMSommario\">Il visto per l&#8217;Italia (esteri.it)<\/a> sono disponibili, in italiano, inglese, francese e spagnolo tutte le informazioni ufficiali utili per capire quando \u00e8 necessario un visto d&#8217;ingresso per recarsi in Italia, di che tipo di visto si ha bisogno e cosa bisogna fare per richiederlo.<\/p>\n<p style=\"text-align: justify;\">In Germania, il Consolato Generale d&#8217;Italia in Francoforte \u00e8 competente per l&#8217;accettazione di domande di visti per l&#8217;Italia provenienti da tutta la Germania, inclusi i visti per i lavoratori marittimi.<\/p>\n<p style=\"text-align: justify;\"><strong>Consolato Generale d&#8217;Italia in Francoforte<\/strong><\/p>\n<p style=\"text-align: justify;\">Danziger Platz 12<\/p>\n<p style=\"text-align: justify;\">60314 Francoforte sul Meno<\/p>\n<p style=\"text-align: justify;\"><strong>Homepage: <a href=\"https:\/\/consfrancoforte.esteri.it\/Consolato_Francoforte\/it\/\">Consolato Generale &#8211; Francoforte (esteri.it)<\/a><br \/>\n<\/strong><strong>Ufficio visti: visti.francoforte@esteri.it<br \/>\n<\/strong>Tel.: <strong>0049 (0)69 7531 &#8211; 306 (orario per la consultazione telefonica <span style=\"text-decoration: underline;\">dalle ore 12:00 alle ore 13:00<\/span>)<\/strong><br \/>\nOrario di apertura dell&#8217;Ufficio Visti: dal luned\u00ec al venerd\u00ec dalle ore 08.30 alle ore 12.00 e il mercoled\u00ec dalle ore 14.30 alle ore 17.00<\/p>\n","protected":false},"excerpt":{"rendered":"Visti d&#8217;ingresso per l&#8217;Italia I cittadini di Paesi terzi in possesso di un valido permesso di soggiorno, diritto di soggiorno, autorizzazione di soggiorno o di un visto per uno dei Paesi membri dell&#8217;Accordo Schengen, possono recarsi in Italia senza apposito visto d&#8217;ingresso. Tutti gli altri stranieri hanno bisogno di un visto. All&#8217;indirizzo web Il visto [&hellip;]","protected":false},"author":4,"featured_media":0,"parent":55,"menu_order":0,"comment_status":"closed","ping_status":"closed","template":"","meta":{"footnotes":""},"class_list":["post-579","page","type-page","status-publish","hentry"],"_links":{"self":[{"href":"https:\/\/consdortmund.esteri.it\/it\/wp-json\/wp\/v2\/pages\/579","targetHints":{"allow":["GET"]}}],"collection":[{"href":"https:\/\/consdortmund.esteri.it\/it\/wp-json\/wp\/v2\/pages"}],"about":[{"href":"https:\/\/consdortmund.esteri.it\/it\/wp-json\/wp\/v2\/types\/page"}],"author":[{"embeddable":true,"href":"https:\/\/consdortmund.esteri.it\/it\/wp-json\/wp\/v2\/users\/4"}],"replies":[{"embeddable":true,"href":"https:\/\/consdortmund.esteri.it\/it\/wp-json\/wp\/v2\/comments?post=579"}],"version-history":[{"count":0,"href":"https:\/\/consdortmund.esteri.it\/it\/wp-json\/wp\/v2\/pages\/579\/revisions"}],"up":[{"embeddable":true,"href":"https:\/\/consdortmund.esteri.it\/it\/wp-json\/wp\/v2\/pages\/55"}],"wp:attachment":[{"href":"https:\/\/consdortmund.esteri.it\/it\/wp-json\/wp\/v2\/media?parent=579"}],"curies":[{"name":"wp","href":"https:\/\/api.w.org\/{rel}","templated":true}]}}