{"id":46,"date":"2023-02-20T14:44:05","date_gmt":"2023-02-20T13:44:05","guid":{"rendered":"https:\/\/consdortmund.esteri.it\/?page_id=46"},"modified":"2023-03-14T11:16:12","modified_gmt":"2023-03-14T10:16:12","slug":"diplomazia-culturale","status":"publish","type":"page","link":"https:\/\/consdortmund.esteri.it\/it\/italia-e-germania\/diplomazia-culturale\/","title":{"rendered":"Diplomazia culturale"},"content":{"rendered":"<p style=\"text-align: justify;\">La cultura \u00e8 un elemento essenziale dell\u2019identit\u00e0 italiana nel mondo e rappresenta un patrimonio materiale e immateriale cui attingere per affrontare le sfide della contemporaneit\u00e0. Ne fanno parte a pieno titolo la lingua italiana come eredit\u00e0 del passato e ponte verso il futuro, e la ricerca scientifica, settore in cui il nostro Paese pu\u00f2 vantare punte di eccellenza a livello mondiale.<\/p>\n<p style=\"text-align: justify;\">La promozione culturale occupa quindi un ruolo fondamentale nella politica estera del nostro Paese e costituisce uno dei principali strumenti di proiezione esterna.<\/p>\n<p><img loading=\"lazy\" decoding=\"async\" class=\"aligncenter\" src=\"https:\/\/www.esteri.it\/wp-content\/uploads\/2022\/07\/LaCittaIdeale.jpg\" alt=\"Cultura\" width=\"743\" height=\"188\" \/><\/p>\n<p style=\"text-align: justify;\">Per ulteriori informazioni riguardo temi culturali quali gli Istituti Italiani di Cultura, la promozione della lingua italiana, l&#8217;internazionalizzazione del sistema accademico italiano e gli organismi internazionali in campo culturale \u00e8 possibile visitare il sito ufficiale del Ministero degli Affari Esteri e della Cooperazione Internazionale al seguente link: <a href=\"https:\/\/www.esteri.it\/it\/diplomazia-culturale-e-diplomazia-scientifica\/cultura\/\">Diplomazia Culturale \u2013 Ministero degli Affari Esteri e della Cooperazione Internazionale<\/a><\/p>\n","protected":false},"excerpt":{"rendered":"La cultura \u00e8 un elemento essenziale dell\u2019identit\u00e0 italiana nel mondo e rappresenta un patrimonio materiale e immateriale cui attingere per affrontare le sfide della contemporaneit\u00e0. Ne fanno parte a pieno titolo la lingua italiana come eredit\u00e0 del passato e ponte verso il futuro, e la ricerca scientifica, settore in cui il nostro Paese pu\u00f2 vantare [&hellip;]","protected":false},"author":3,"featured_media":0,"parent":13,"menu_order":2,"comment_status":"closed","ping_status":"closed","template":"","meta":{"footnotes":""},"class_list":["post-46","page","type-page","status-publish","hentry"],"_links":{"self":[{"href":"https:\/\/consdortmund.esteri.it\/it\/wp-json\/wp\/v2\/pages\/46","targetHints":{"allow":["GET"]}}],"collection":[{"href":"https:\/\/consdortmund.esteri.it\/it\/wp-json\/wp\/v2\/pages"}],"about":[{"href":"https:\/\/consdortmund.esteri.it\/it\/wp-json\/wp\/v2\/types\/page"}],"author":[{"embeddable":true,"href":"https:\/\/consdortmund.esteri.it\/it\/wp-json\/wp\/v2\/users\/3"}],"replies":[{"embeddable":true,"href":"https:\/\/consdortmund.esteri.it\/it\/wp-json\/wp\/v2\/comments?post=46"}],"version-history":[{"count":0,"href":"https:\/\/consdortmund.esteri.it\/it\/wp-json\/wp\/v2\/pages\/46\/revisions"}],"up":[{"embeddable":true,"href":"https:\/\/consdortmund.esteri.it\/it\/wp-json\/wp\/v2\/pages\/13"}],"wp:attachment":[{"href":"https:\/\/consdortmund.esteri.it\/it\/wp-json\/wp\/v2\/media?parent=46"}],"curies":[{"name":"wp","href":"https:\/\/api.w.org\/{rel}","templated":true}]}}