{"id":42,"date":"2023-02-20T14:43:14","date_gmt":"2023-02-20T13:43:14","guid":{"rendered":"https:\/\/consdortmund.esteri.it\/?page_id=42"},"modified":"2026-02-02T16:21:41","modified_gmt":"2026-02-02T15:21:41","slug":"numeri-di-emergenza","status":"publish","type":"page","link":"https:\/\/consdortmund.esteri.it\/it\/chi-siamo\/numeri-di-emergenza\/","title":{"rendered":"Numeri di emergenza"},"content":{"rendered":"<p><strong><u>Cellulare per le sole emergenze consolari:<\/u><\/strong><\/p>\n<p>&nbsp;<\/p>\n<p>In caso di <strong>incidente grave<\/strong> o altra questione comportante <strong>rischi per la salute o situazione di pericolo per l\u2019incolumit\u00e0 personale<\/strong> di cittadini italiani che richieda l\u2019intervento urgente del Consolato di Dortmund, chiamare il seguente numero di emergenza:<\/p>\n<p>&nbsp;<\/p>\n<p><strong>0049 (0) 171 9335154<\/strong><\/p>\n<p>&nbsp;<\/p>\n<p>Non sar\u00e0 dato riscontro a chiamate al numero di emergenza volte ad ottenere informazioni sulle pratiche consolari, per le quali si invita l&#8217;utenza a consultare le sezioni dedicate sul sito.<\/p>\n<p>&nbsp;<\/p>\n<p>Gli orari di reperibilit\u00e0 sulla linea di emergenza sono i seguenti:<\/p>\n<p>&nbsp;<\/p>\n<p>luned\u00ec: dalle ore 16:00 alle ore 22:00<\/p>\n<p>marted\u00ec: dalle ore 16:00 alle ore 22:00<\/p>\n<p>mercoled\u00ec: dalle ore 18:00 alle ore 22:00<\/p>\n<p>gioved\u00ec: dalle ore 16:00 alle ore 22:00<\/p>\n<p>venerd\u00ec: dalle ore 14:00 alle ore 22:00<\/p>\n<p>sabato, domenica e giorni festivi: dalle ore 08:00 alle ore 22:00<\/p>\n<p>&nbsp;<\/p>\n<p>________<\/p>\n<p>&nbsp;<\/p>\n<p><strong>Emergenze sanitarie e pubblica sicurezza<\/strong><\/p>\n<p>&nbsp;<\/p>\n<p>Per contattare le strutture di pubblica sicurezza e soccorso in Germania il numero unico d\u2019emergenza \u00e8 il 112, raggiungibile gratuitamente 24h.<\/p>\n<p>&nbsp;<\/p>\n<p>Le strutture pubbliche forniscono assistenza medica d\u2019urgenza dietro presentazione della tessera sanitaria italiana (TEAM).<\/p>\n<p>&nbsp;<\/p>\n<p><u>Numeri utili:<\/u><\/p>\n<p>&nbsp;<\/p>\n<ul>\n<li>Ambulanza e vigili del fuoco: 112<\/li>\n<li>Guardia medica: 116117<\/li>\n<li>Polizia: 110<\/li>\n<\/ul>\n<p>&nbsp;<\/p>\n<ul>\n<li>Weisser Ring (violenza generica): 116006<\/li>\n<li>NINA Info Hotline (abusi sui bambini): 0800 2255530<\/li>\n<\/ul>\n<p>_______<\/p>\n<p>&nbsp;<\/p>\n<p>Per i casi di ASSOLUTA EMERGENZA in orari diversi da quelli di apertura degli uffici o di reperibilit\u00e0 si pu\u00f2 contattare il funzionario di turno del Ministero degli Affari Esteri e della Cooperazione Internazionale: +39 06 3691 2666<\/p>\n<p>&nbsp;<\/p>\n<p>\u2013 Unit\u00e0 di Crisi: +39 06 36225 (<a href=\"https:\/\/www.esteri.it\/it\/unita_crisi\/\">https:\/\/www.esteri.it\/it\/unita_crisi\/<\/a>)<\/p>\n<p>&nbsp;<\/p>\n<p>________<\/p>\n<p>&nbsp;<\/p>\n<p><strong>Emergency Travel Document (ETD)<\/strong><\/p>\n<p>&nbsp;<\/p>\n<p>Per informazioni in merito al rilascio degli ETD cliccare <a href=\"https:\/\/consdortmund.esteri.it\/de\/servizi-consolari-e-visti\/servizi-per-il-cittadino-italiano\/eu-etd\/\"><strong>QUI<\/strong><\/a><\/p>\n<p>Nell\u2019ambito delle proprie policies commerciali, alcune compagnie aeree potrebbero consentire l\u2019imbarco previa esibizione della denuncia di smarrimento o furto del documento di identit\u00e0 resa presso le autorit\u00e0 di polizia tedesche, dunque senza necessit\u00e0 di un ETD. Si prega di verificare tale possibilit\u00e0 direttamente con la compagnia prescelta.<\/p>\n<p>________<\/p>\n<p>&nbsp;<\/p>\n<p><strong>Difficolt\u00e0 economiche<\/strong><\/p>\n<p>&nbsp;<\/p>\n<p>L&#8217;assistenza finanziaria spetta in primo luogo ai familiari che, avvalendosi di servizi quali Western Union o MoneyGram, possono inviare in tempo reale somme di denaro che l\u2019utente ritirer\u00e0 esibendo un documento di identit\u00e0 ed un codice.<\/p>\n<p>Solo sussidiariamente e in casi di particolare gravit\u00e0 ci si potr\u00e0 rivolgere al Consolato.<\/p>\n","protected":false},"excerpt":{"rendered":"Cellulare per le sole emergenze consolari: &nbsp; In caso di incidente grave o altra questione comportante rischi per la salute o situazione di pericolo per l\u2019incolumit\u00e0 personale di cittadini italiani che richieda l\u2019intervento urgente del Consolato di Dortmund, chiamare il seguente numero di emergenza: &nbsp; 0049 (0) 171 9335154 &nbsp; Non sar\u00e0 dato riscontro a [&hellip;]","protected":false},"author":3,"featured_media":0,"parent":9,"menu_order":8,"comment_status":"closed","ping_status":"closed","template":"","meta":{"footnotes":""},"class_list":["post-42","page","type-page","status-publish","hentry"],"_links":{"self":[{"href":"https:\/\/consdortmund.esteri.it\/it\/wp-json\/wp\/v2\/pages\/42","targetHints":{"allow":["GET"]}}],"collection":[{"href":"https:\/\/consdortmund.esteri.it\/it\/wp-json\/wp\/v2\/pages"}],"about":[{"href":"https:\/\/consdortmund.esteri.it\/it\/wp-json\/wp\/v2\/types\/page"}],"author":[{"embeddable":true,"href":"https:\/\/consdortmund.esteri.it\/it\/wp-json\/wp\/v2\/users\/3"}],"replies":[{"embeddable":true,"href":"https:\/\/consdortmund.esteri.it\/it\/wp-json\/wp\/v2\/comments?post=42"}],"version-history":[{"count":3,"href":"https:\/\/consdortmund.esteri.it\/it\/wp-json\/wp\/v2\/pages\/42\/revisions"}],"predecessor-version":[{"id":3171,"href":"https:\/\/consdortmund.esteri.it\/it\/wp-json\/wp\/v2\/pages\/42\/revisions\/3171"}],"up":[{"embeddable":true,"href":"https:\/\/consdortmund.esteri.it\/it\/wp-json\/wp\/v2\/pages\/9"}],"wp:attachment":[{"href":"https:\/\/consdortmund.esteri.it\/it\/wp-json\/wp\/v2\/media?parent=42"}],"curies":[{"name":"wp","href":"https:\/\/api.w.org\/{rel}","templated":true}]}}