{"id":2257,"date":"2025-05-30T17:07:36","date_gmt":"2025-05-30T15:07:36","guid":{"rendered":"https:\/\/consdortmund.esteri.it\/?page_id=2257"},"modified":"2025-05-30T17:07:36","modified_gmt":"2025-05-30T15:07:36","slug":"codice-fiscale","status":"publish","type":"page","link":"https:\/\/consdortmund.esteri.it\/it\/servizi-consolari-e-visti\/servizi-per-il-cittadino-italiano\/assistenza-sociale-notarile-e-titoli-di-studio\/codice-fiscale\/","title":{"rendered":"Codice fiscale"},"content":{"rendered":"<ol>\n<li><strong>Cos\u2019\u00e8?<\/strong><\/li>\n<li><strong>A cosa serve?<\/strong><\/li>\n<li><strong>A chi presentare la richiesta <\/strong><\/li>\n<li><strong>Come presentare la richiesta<\/strong><\/li>\n<\/ol>\n<ol>\n<li><strong> Cos\u2019\u00e8<\/strong><\/li>\n<\/ol>\n<p style=\"text-align: justify;\">Il codice fiscale \u00e8 il codice alfanumerico rilasciato dall\u2019Agenzia delle Entrate per identificare il cittadino (italiano o straniero) nei rapporti con le amministrazioni pubbliche, i privati e gli enti, italiani. Per le persone fisiche il codice fiscale viene determinato sulla base dei dati anagrafici.<\/p>\n<ol start=\"2\">\n<li><strong> A cosa serve?<\/strong><\/li>\n<\/ol>\n<p style=\"text-align: justify;\">Qualsiasi adempimento amministrativo (versamento di tasse, imposte, canoni, ecc.) o attivit\u00e0 negoziale (accettazione di eredit\u00e0, contratti con soggetti pubblici o privati, richiesta di finanziamenti, sponsorizzazioni, locazioni o comodati di bene immobile ecc.) esige l\u2019indicazione del codice fiscale del soggetto che la effettua.<\/p>\n<ol start=\"3\">\n<li><strong> A chi presentare la richiesta<\/strong><\/li>\n<\/ol>\n<p style=\"text-align: justify;\">I <strong>cittadini italiani<\/strong> <strong>residenti nella <\/strong><a href=\"https:\/\/consdortmund.esteri.it\/it\/chi-siamo\/la-rete-consolare\/la-circoscrizione-consolare\/\"><strong>circoscrizione consolare di Dortmund<\/strong><\/a> possono chiedere il codice fiscale per il <strong>tramite del Consolato d\u2019Italia a Dortmund<\/strong>, oltre che <strong>direttamente agli uffici dell\u2019Agenzia delle Entrate dislocati sul territorio italiano<\/strong>, ai sensi dell\u2019art. 1 del D.M. attuativo del 17 maggio 2001, n. 281, tenuto conto dell\u2019ampia articolazione e capillare diffusione di uffici dell\u2019Agenzia dell\u2019Entrate in Italia.<\/p>\n<p style=\"text-align: justify;\">I <strong>cittadini stranieri non residenti in Italia<\/strong> <strong>possono delegare<\/strong> appositamente un soggetto a presentare il modello di richiesta del Codice Fiscale direttamente agli uffici dell\u2019Agenzia delle Entrate dislocati sul territorio italiano.<\/p>\n<ol start=\"4\">\n<li><strong> Come presentare la richiesta<\/strong><\/li>\n<\/ol>\n<p><u>4.1 CITTADINI ITALIANI RESIDENTI NELLA CIRCOSCRIZIONE CONSOLARE DI DORTMUND E REGOLARMENTE ISCRITTI ALL\u2019AIRE<\/u><\/p>\n<p style=\"text-align: justify;\">I cittadini italiani maggiorenni iscritti all\u2019AIRE possono <strong>richiedere il codice fiscale<\/strong>, per s\u00e9 stessi e per i figli minorenni, attraverso il <strong>portale telematico <\/strong><a href=\"https:\/\/serviziconsolari.esteri.it\/ScoFE\/index.sco\"><strong>Fast-it<\/strong><\/a>, accedendo al relativo servizio e seguendo le indicazioni ivi riportate. Sempre attraverso il portale Fast-it sar\u00e0 possibile scaricare il certificato di attestazione del codice fiscale, una volta che sar\u00e0 stata completata la lavorazione della pratica.<\/p>\n<p><strong><em>Come?<\/em><\/strong><\/p>\n<ol>\n<li>Accedi al <a href=\"https:\/\/serviziconsolari.esteri.it\/#_blank\">Portale FAST-IT<\/a>;<\/li>\n<li>Clicca su \u201cAnagrafe Consolare e AIRE\u201d e poi su\u00a0\u201cAttribuzione Codice Fiscale\u201d;<\/li>\n<li>Conferma i dati e avvia la richiesta;<\/li>\n<li>Dopo che la richiesta sar\u00e0 stata lavorata dal Consolato, potrai scaricare in autonomia (download) il certificato di attribuzione del Codice Fiscale.<\/li>\n<\/ol>\n<p><strong><em>Se non riesci a scaricare\u00a0il certificato di attribuzione del Codice Fiscale:<\/em><\/strong><\/p>\n<ol>\n<li>Registrati sul portale <a href=\"https:\/\/serviziconsolari.esteri.it\/ScoFE\/index.sco\">Fast-it<\/a>, oppure accedi se hai gi\u00e0 un account attivo;<\/li>\n<li>Richiedi la \u201cAssociazione Online\u201d cliccando su \u201cAnagrafe Consolare e AIRE\u201d e poi su \u201cVisualizzare la propria scheda anagrafica\u201d;<\/li>\n<li>Riceverai sulla tua casella di posta il messaggio di avvenuta associazione;<\/li>\n<li>Accedi nuovamente al portale e scarica il certificato.<\/li>\n<\/ol>\n<p style=\"text-align: justify;\">I cittadini italiani maggiorenni iscritti all\u2019AIRE che hanno gi\u00e0 il codice fiscale possono <strong>scaricare direttamente il certificato di attestazione del codice fiscale <\/strong>attraverso il portale telematico <a href=\"https:\/\/serviziconsolari.esteri.it\/ScoFE\/index.sco\">Fast-it<\/a> accedendo al relativo servizio e seguendo le indicazioni fornite per chiedere il codice fiscale; in questo caso non sar\u00e0 necessario l\u2019intervento del Consolato per il rilascio del certificato.<\/p>\n<p>&nbsp;<\/p>\n<p style=\"text-align: justify;\">In caso di impossibilit\u00e0 a procedere seguendo la modalit\u00e0 indicata sopra, \u00e8 possibile <strong>richiedere il codice fiscale<\/strong>, per se stessi e per i figli minorenni, inviando l`apposito <strong>modulo di domanda (<\/strong><a href=\"https:\/\/consdortmund.esteri.it\/wp-content\/uploads\/2025\/02\/Richiesta-codice-fiscale_2025.pdf\"><strong>per i maggiorenni<\/strong><\/a> e <a href=\"https:\/\/consdortmund.esteri.it\/wp-content\/uploads\/2025\/02\/Richiesta-codice-fiscale-minorenni_2025.pdf\"><strong>per i minorenni<\/strong><\/a>) debitamente compilato e sottoscritto, unitamente alla copia di un documento d\u2019identit\u00e0 e a un certificato di residenza (qualora l\u2019indirizzo registrato nell\u2019anagrafe consolare non fosse pi\u00f9 attuale) via mail all`indirizzo <a href=\"mailto:las.dortmund@esteri.it\">las.dortmund@esteri.it<\/a> oppure per posta.<\/p>\n<p style=\"text-align: justify;\">Coloro che vogliano ricevere anche\u00a0il <strong>tesserino<\/strong> del codice fiscale, in aggiunta a quanto sopra indicato, dovranno inviare la richiesta, <strong><u>esclusivamente per posta<\/u><\/strong>, allegando anche una busta preaffrancata.<\/p>\n<p style=\"text-align: justify;\">In caso di <strong>smarrimento o distruzione del certificato cartaceo o del tesserino plastificato<\/strong>, pu\u00f2 essere richiesto il duplicato con le stesse modalit\u00e0 dell\u2019attribuzione.<\/p>\n<p>&nbsp;<\/p>\n<p><u>4.2 CITTADINI STRANIERI NON RESIDENTI IN ITALIA<\/u><\/p>\n<p style=\"text-align: justify;\">Il cittadino straniero non residente in Italia deve <strong>delegare<\/strong> appositamente un soggetto a presentare il <a href=\"https:\/\/www.agenziaentrate.gov.it\/portale\/documents\/20143\/278893\/modello+editabile+AA4_8_AA4-8+ita.pdf\/e614eda6-701e-c62f-76e5-bdfcd731060a\">modello di richiesta del codice fiscale<\/a> direttamente agli uffici dell\u2019Agenzia delle Entrate dislocati sul territorio italiano, ai sensi dell\u2019art. 1 del D.M. attuativo del 17 maggio 2001, n. 281.<\/p>\n<p>Gli indirizzi degli uffici dell\u2019Agenzia delle Entrate sono reperibili sul sito Internet <a href=\"http:\/\/www.agenziaentrate.it\">www.agenziaentrate.it<\/a><\/p>\n<p style=\"text-align: justify;\">Il cittadino straniero residente nella <a href=\"https:\/\/consdortmund.esteri.it\/it\/chi-siamo\/la-rete-consolare\/la-circoscrizione-consolare\/\">circoscrizione consolare di Dortmund<\/a> pu\u00f2 richiedere il codice fiscale a questo Consolato <strong><u>solo ed esclusivamente<\/u><\/strong> nei casi in cui il C.F. sia necessario per procedure da effettuarsi online e\/o per le quali lo straniero sia impossibilitato a delegare un incaricato per la richiesta all\u2019Agenzia delle Entrate, seguendo le modalit\u00e0 indicate nel modulo di richiesta <strong>(<\/strong><a href=\"https:\/\/consdortmund.esteri.it\/wp-content\/uploads\/2025\/02\/Richiesta-codice-fiscale_2025.pdf\"><strong>per i maggiorenni<\/strong><\/a> e <a href=\"https:\/\/consdortmund.esteri.it\/wp-content\/uploads\/2025\/02\/Richiesta-codice-fiscale-minorenni_2025.pdf\"><strong>per i minorenni<\/strong><\/a>).<\/p>\n<p style=\"text-align: justify;\">Gli <strong>studenti<\/strong> che necessitino del codice fiscale per la preiscrizione all\u2019Universit\u00e0 in Italia possono ottenerlo automaticamente sul <a href=\"https:\/\/www.universitaly.it\/studenti-stranieri\"><strong>Portale UNIVERSITALY<\/strong><\/a> durante la domanda di preiscrizione. L\u2019attribuzione del codice fiscale potr\u00e0 essere perfezionata:<\/p>\n<ul>\n<li style=\"text-align: justify;\">presso lo Sportello Unico dell\u2019Immigrazione o dalla Questura al momento della richiesta del permesso di soggiorno, dagli studenti extra UE;<\/li>\n<li>dall\u2019Agenzia delle Entrate presentando il <a href=\"https:\/\/www.agenziaentrate.gov.it\/portale\/documents\/20143\/278893\/modello+editabile+AA4_8_AA4-8+ita.pdf\/e614eda6-701e-c62f-76e5-bdfcd731060a\">modulo AA4\/8<\/a>, dagli studenti UE.<\/li>\n<\/ul>\n<p style=\"text-align: justify;\">I <strong>cittadini stranieri che necessitino del codice fiscale per acquisto di immobili o per altre attivit\u00e0 commerciali\/finanziarie<\/strong> in Italia possono delegare un loro rappresentante a richiedere il codice fiscale all\u2019Agenzia delle Entrate per proprio conto.<\/p>\n<p>Ai <strong>cittadini di Paesi extra UE che intendono soggiornare in Italia<\/strong> il codice fiscale \u00e8 attribuito:<\/p>\n<ul>\n<li>dallo Sportello unico per l\u2019Immigrazione, presente in ogni Prefettura e competente per il rilascio del nulla osta all\u2019ingresso ai cittadini stranieri che richiedono il permesso di soggiorno per lavoro dipendente o ricongiungimento familiare;<\/li>\n<li>dalla Questura, ufficio della Polizia di Stato, per i cittadini stranieri che richiedono altre tipologie di permessi di soggiorno.<\/li>\n<\/ul>\n<p>&nbsp;<\/p>\n<p style=\"text-align: justify;\">I <strong>cittadini di Paesi UE che intendono soggiornare in Italia<\/strong> possono chiedere il codice fiscale presentando il <a href=\"https:\/\/www.agenziaentrate.gov.it\/portale\/documents\/20143\/278893\/modello+editabile+AA4_8_AA4-8+ita.pdf\/e614eda6-701e-c62f-76e5-bdfcd731060a\">modello AA4\/8<\/a> a un Ufficio territoriale dell\u2019Agenzia delle entrate. La richiesta deve essere motivata e accompagnata da un documento in corso di validit\u00e0 (passaporto o carta d\u2019identit\u00e0 valida per l\u2019espatrio).<\/p>\n<p style=\"text-align: justify;\">Il cittadino straniero che necessiti il codice fiscale per <strong>l\u2019avvio di un procedimento giudiziario in Italia<\/strong> pu\u00f2 includere tra le deleghe attribuite all\u2019avvocato cui affida l\u2019incarico quella di richiedere il C.F. presso un qualunque ufficio dell\u2019Agenzia delle Entrate.<\/p>\n<p>Gli indirizzi degli uffici dell\u2019Agenzia delle Entrate sono reperibili sul sito Internet <a href=\"http:\/\/www.agenziaentrate.it\">www.agenziaentrate.it<\/a>.<\/p>\n","protected":false},"excerpt":{"rendered":"Cos\u2019\u00e8? A cosa serve? A chi presentare la richiesta Come presentare la richiesta Cos\u2019\u00e8 Il codice fiscale \u00e8 il codice alfanumerico rilasciato dall\u2019Agenzia delle Entrate per identificare il cittadino (italiano o straniero) nei rapporti con le amministrazioni pubbliche, i privati e gli enti, italiani. Per le persone fisiche il codice fiscale viene determinato sulla base [&hellip;]","protected":false},"author":5,"featured_media":0,"parent":199,"menu_order":0,"comment_status":"closed","ping_status":"closed","template":"","meta":{"footnotes":""},"class_list":["post-2257","page","type-page","status-publish","hentry"],"_links":{"self":[{"href":"https:\/\/consdortmund.esteri.it\/it\/wp-json\/wp\/v2\/pages\/2257","targetHints":{"allow":["GET"]}}],"collection":[{"href":"https:\/\/consdortmund.esteri.it\/it\/wp-json\/wp\/v2\/pages"}],"about":[{"href":"https:\/\/consdortmund.esteri.it\/it\/wp-json\/wp\/v2\/types\/page"}],"author":[{"embeddable":true,"href":"https:\/\/consdortmund.esteri.it\/it\/wp-json\/wp\/v2\/users\/5"}],"replies":[{"embeddable":true,"href":"https:\/\/consdortmund.esteri.it\/it\/wp-json\/wp\/v2\/comments?post=2257"}],"version-history":[{"count":1,"href":"https:\/\/consdortmund.esteri.it\/it\/wp-json\/wp\/v2\/pages\/2257\/revisions"}],"predecessor-version":[{"id":2258,"href":"https:\/\/consdortmund.esteri.it\/it\/wp-json\/wp\/v2\/pages\/2257\/revisions\/2258"}],"up":[{"embeddable":true,"href":"https:\/\/consdortmund.esteri.it\/it\/wp-json\/wp\/v2\/pages\/199"}],"wp:attachment":[{"href":"https:\/\/consdortmund.esteri.it\/it\/wp-json\/wp\/v2\/media?parent=2257"}],"curies":[{"name":"wp","href":"https:\/\/api.w.org\/{rel}","templated":true}]}}