{"id":203,"date":"2023-03-03T15:01:45","date_gmt":"2023-03-03T14:01:45","guid":{"rendered":"https:\/\/consdortmund.esteri.it\/?page_id=203"},"modified":"2024-07-02T12:21:17","modified_gmt":"2024-07-02T10:21:17","slug":"assistenza-sociale","status":"publish","type":"page","link":"https:\/\/consdortmund.esteri.it\/it\/servizi-consolari-e-visti\/servizi-per-il-cittadino-italiano\/assistenza-sociale-notarile-e-titoli-di-studio\/assistenza-sociale\/","title":{"rendered":"Assistenza sociale"},"content":{"rendered":"<p style=\"text-align: justify;\"><strong>1) Assistenza a detenuti<\/strong><\/p>\n<p style=\"text-align: justify;\">Nel caso di arresto nella Circoscrizione Consolare di Dortmund, il cittadino italiano ha diritto a chiedere la protezione consolare, nell\u2019ambito della quale la Rappresentanza diplomatico-consolare pu\u00f2:<\/p>\n<ul style=\"text-align: justify;\">\n<li>rendere visita al detenuto;<\/li>\n<li>fornire nominativi di legali in loco (clicca\u00a0<a href=\"https:\/\/consdortmund.esteri.it\/it\/servizi-consolari-e-visti\/servizi-per-il-cittadino-italiano\/elenchi-professionisti-con-conoscenza-della-lingua-italiana\/\"><strong>qui<\/strong><\/a>\u00a0per scaricare la lista di avvocati con conoscenza della lingua italiana);<\/li>\n<li>curare i contatti con i familiari;<\/li>\n<li>assicurare, quando necessario e consentito dalle norme locali, assistenza medica e generi di conforto al detenuto.<\/li>\n<\/ul>\n<p style=\"text-align: justify;\"><strong>Il Consolato,\u00a0<\/strong>per contro<strong>, non pu\u00f2 intervenire in giudizio per conto del connazionale e\/o farsi carico delle spese legali.<\/strong><\/p>\n<p style=\"text-align: justify;\">Inoltre, si pubblica la utile\u00a0<a href=\"https:\/\/consdortmund.esteri.it\/wp-content\/uploads\/2023\/04\/detenuti_italiani_allestero_-_guida_pratica_allassistenza_consolare.pdf\"><strong>&#8220;Guida pratica all&#8217;assistenza consolare &#8211; Detenuti italiani all&#8217;estero&#8221;<\/strong><\/a> realizzata dal Ministero degli Affari Esteri e della Cooperazione Internazionale.<\/p>\n<p style=\"text-align: justify;\"><strong>2) Assistenza economica<\/strong><\/p>\n<p style=\"text-align: justify;\">L\u2019Ufficio consolare pu\u00f2, compatibilmente con i fondi disponibili iscritti a bilancio, erogare\u00a0<strong>al cittadino italiano residente stabilmente nella propria circoscrizione consolare<\/strong>\u00a0e che si trovi in situazione di comprovata necessit\u00e0, un\u00a0<strong>sussidio avente carattere di assoluta eccezionalit\u00e0<\/strong>.<\/p>\n<p style=\"text-align: justify;\">Al\u00a0<strong>cittadino italiano residente in Italia o in altra circoscrizione consolare<\/strong>, che si trovi ad affrontare difficolt\u00e0 economiche impreviste\u00a0<strong>e che non possa avvalersi dell\u2019aiuto di familiari o terze persone<\/strong>\u00a0(per esempio attraverso societ\u00e0 abilitate al trasferimento di contanti), pu\u00f2 essere concesso un<strong>\u00a0prestito<\/strong>, che l\u2019interessato si impegna a restituire all\u2019Erario.<\/p>\n<p style=\"text-align: justify;\"><strong>Sussidi<\/strong><br \/>\nDocumentazione da esibire per richiesta di sussidio consolare \u201cuna tantum\u201d in caso di temporanea indigenza:<\/p>\n<ul style=\"text-align: justify;\">\n<li>passaporto o carta d\u2019identit\u00e0 validi;<\/li>\n<li>attestazioni relative a tutti i proventi (ultimo certificato di guadagno, provvedimento dell&#8217;ufficio del Lavoro o di assistenza, assegni familiari, assegno d\u2019invalidit\u00e0, rateo di pensione, ecc.);<\/li>\n<li>comunicazioni dell\u2019Ufficio sociale tedesco (Job Center, Sozialamt, Agentur f\u00fcr Arbeit) relative a domande di sussidio o integrazioni non concessi o percepiti;<\/li>\n<li>estratti-conto completi degli ultimi tre mesi;<\/li>\n<li>eventuali fatture (affitto, conguagli ecc.) non pagate.<\/li>\n<\/ul>\n<p style=\"text-align: justify;\"><strong>Prestiti<\/strong><br \/>\nI prestiti, con promessa di restituzione, possono essere concessi soltanto a connazionali di passaggio che si trovino in occasionale stato di necessit\u00e0 a causa di furto subito o di smarrimento dei propri mezzi.<br \/>\n<strong>N.B.<\/strong>: Tali prestiti non possono essere concessi a connazionali che abbiano gi\u00e0 usufruito precedentemente di tale concessione anche da altri Uffici Consolari e che non possono dimostrare di aver regolarmente estinto tale debito.<\/p>\n<p><strong><u>PRESTITI CON PROMESSA DI RESTITUZIONE \u2013 CAMBIAMENTO MODALITA\u2019 DI RIMBORSO<\/u><\/strong><\/p>\n<p>In ottemperanza all\u2019obbligo di adesione alla Piattaforma Incassi, <strong>dal 30 giugno 2024 le modalit\u00e0 di rimborso dei prestiti con promessa di restituzione<\/strong> concessi ai sensi dell&#8217;art. 24, comma 2, del D. Lgs n.71 del 3 febbraio 2011<strong> sono cambiate<\/strong>.<\/p>\n<p>E\u2019 ora possibile restituire i prestiti concessi <strong>esclusivamente attraverso le seguenti modalit\u00e0<\/strong>:<\/p>\n<ol>\n<li>a)\u00a0\u00a0 presso gli Uffici Postali, rivolgendosi all\u2019operatore di sportello;<\/li>\n<li>b)\u00a0\u00a0 tramite il sito <a href=\"http:\/\/www.poste.it\">poste.it<\/a>;<\/li>\n<li>c)\u00a0\u00a0\u00a0 presso l\u2019Ufficio Consolare che ha concesso il prestito oppure, all\u2019occasione, presso un qualsiasi altro Ufficio Consolare.<\/li>\n<\/ol>\n<p><a href=\"https:\/\/consdortmund.esteri.it\/wp-content\/uploads\/2024\/07\/OPER-70977-DGIT-UFF.-I-Cambiamento-modalita-di-rimborso-prestiti-con-promessa-di-restituzione.allegato1.pdf\">A questo link le istruzioni dettagliate su come effettuare il rimborso tramite le Poste italiane<\/a>.<\/p>\n<p style=\"text-align: justify;\"><strong>3) Patenti di guida<br \/>\n<\/strong><\/p>\n<ul style=\"text-align: justify;\">\n<li>Se vi recate per brevi periodi in Germania potete circolare utilizzando la patente di guida italiana in quanto, in base alla\u00a0<strong>Direttiva comunitaria n. 91\/439\/CEE del 29 luglio 1991<\/strong>, gli Stati membri riconoscono le patenti di guida rilasciate dalle rispettive Autorit\u00e0.<\/li>\n<li>Se invece stabilite\u00a0<strong>la vostra residenza<\/strong>\u00a0in Germania \u00e8 opportuno convertire la patente di guida italiana in una equipollente tedesca presso i locali uffici di motorizzazione (Stra\u00dfenverkehrsamt). Qualora non si \u00e8 pi\u00f9 in possesso della patente italiana (ad esempio a causa di furto o smarrimento) o se la patente non \u00e8 pi\u00f9 in corso di validit\u00e0, potrebbe essere necessario richiedere un attestato di validit\u00e0 della patente. \u00c8 possibile richiederlo anche online sul\u00a0<a href=\"https:\/\/www.ilportaledellautomobilista.it\/web\/portale-automobilista\/patenti_richiesta-attestato-validita-patente\"><strong>portale dell\u2019automobilista<\/strong><\/a>.<\/li>\n<\/ul>\n<p style=\"text-align: justify;\"><strong>4) Assistenza sanitaria<\/strong><\/p>\n<p style=\"text-align: justify;\">I cittadini italiani che si recano in Germania per turismo possono utilizzare la propria tessera sanitaria italiana (TEAM) per ricevere cure e assistenza medica ospedaliera in caso di emergenze.<\/p>\n<p style=\"text-align: justify;\">Per maggiori informazioni si rimanda al\u00a0<strong><a href=\"http:\/\/www.salute.gov.it\/portale\/temi\/p2_4.jsp?lingua=italiano&amp;area=Assistenza%20sanitaria\">sito web del Ministero della Salute<\/a><\/strong>, che ha la competenza in materia.<\/p>\n<p style=\"text-align: justify;\"><strong>I cittadini italiani che, invece, trasferiscono la propria residenza in Germania devono obbligatoriamente stipulare una polizza assicurativa presso una compagnia locale. A tal proposito si rimanda alla guida pubblicata\u00a0<a href=\"https:\/\/consdortmund.esteri.it\/wp-content\/uploads\/2023\/04\/piccolaguidaalsistemasanitarioingermania.pdf\">qui<\/a>.<\/strong><\/p>\n<p style=\"text-align: justify;\"><strong>5) Pensioni e agevolazioni in merito a tasse comunali riservate ai pensionati<\/strong><\/p>\n<p style=\"text-align: justify;\">Le norme comunitarie assicurano la parit\u00e0 di trattamento dei lavoratori e dei pensionati, la totalizzazione dei periodi di lavoro in Italia e all\u2019estero e la trasferibilit\u00e0 delle prestazioni previdenziali nel luogo di residenza. L\u2019Uff. LAS fornisce informazioni di carattere generale sul sistema pensionistico italiano e tedesco. Nella circoscrizione consolare operano una serie di\u00a0<strong>patronati<\/strong>\u00a0(<a href=\"https:\/\/consdortmund.esteri.it\/wp-content\/uploads\/2023\/04\/patronati_do_agg.pdf\"><strong>clicca qui per la lista e i contatti<\/strong><\/a>) che possono fornire informazioni e assistenza nel settore previdenziale.<\/p>\n<p style=\"text-align: justify;\">Presso l\u2019Ufficio LAS del Consolato \u00e8 possibile richiedere il certificato di esistenza in vita a fini pensionistici o l\u2019autentica della propria firma sul modello predisposto e inviato al pensionato dall\u2019INPS.<\/p>\n<p style=\"text-align: justify;\"><strong>I cittadini italiani residenti all\u2019estero (iscritti all\u2019A.I.R.E.) e pensionati in Germania possono beneficiare di alcune agevolazioni previste dai Comuni italiani.<\/strong><br \/>\nIn particolare:<\/p>\n<ul style=\"text-align: justify;\">\n<li>per ottenere la riduzione o esenzione delle imposte comunali IMU, TARI e TASI possono presentare istanza al Comune in cui posseggono l\u2019immobile, allegando un certificato di pensione in regime internazionale, che si pu\u00f2 richiedere presso l\u2019Ufficio LAS del Consolato. Qualora il Comune in cui \u00e8 ubicato l\u2019immobile sia diverso da quello di iscrizione AIRE \u00e8 opportuno allegare anche un certificato di residenza all\u2019estero.<\/li>\n<\/ul>\n<p style=\"text-align: justify;\"><strong>6) Ricerca di connazionali<\/strong><\/p>\n<p style=\"text-align: justify;\">Per la ricerca di persone scomparse e gi\u00e0 residenti nella circoscrizione consolare di Dortmund possono essere effettuati interventi presso le Autorit\u00e0 competenti locali. I familiari dovranno inoltrare all\u2019Ufficio L.A.S. apposita domanda motivata con l\u2019indicazione dei propri dati anagrafici (allegando il proprio documento d\u2019identit\u00e0) e di quelli dello scomparso indicando l\u2019ultima residenza conosciuta ed ogni altro elemento utile al suo rintraccio.<\/p>\n<p style=\"text-align: justify;\"><strong>Informazioni riguardanti cittadini italiani all\u2019estero possono essere fornite nel rispetto della normativa vigente in materia di protezione dei dati personali<\/strong>\u00a0(Regolamento Generale sulla Protezione dei Dati (UE) 2016\/679),\u00a0<strong>che impone nella maggior parte dei casi il consenso della persona cercata.<\/strong>\u00a0Tenendo presente che non tutti i cittadini italiani emigrati all\u2019estero si sono registrati presso gli Uffici consolari italiani, qualora individuata la persona cercata, il Consolato comunicher\u00e0 alla stessa i termini della richiesta ed i riferimenti del richiedente.<\/p>\n<p style=\"text-align: justify;\"><strong>Documenti utili in formato PDF<\/strong><\/p>\n<ul style=\"text-align: justify;\">\n<li><a href=\"https:\/\/consdortmund.esteri.it\/wp-content\/uploads\/2023\/04\/neoimprenditori-it.pdf\"><strong>GUIDA &#8220;PRIMI PASSI IN GERMANIA PER NEO-IMPRENDITORI: Come muovere i primi passi per avviare un\u2019attivit\u00e0 di impresa o di lavoro autonomo.un\u2019attivit\u00e0 di impresa o di lavoro <\/strong><\/a><\/li>\n<li><a href=\"https:\/\/consdortmund.esteri.it\/wp-content\/uploads\/2023\/04\/guida_italiani_allestero.pdf\"><strong>LAVORATORI ITALIANI ALL\u2019ESTERO: come evitare la doppia tassazione e usufruire del credito d\u2019imposta <\/strong><\/a><\/li>\n<li><a href=\"https:\/\/consdortmund.esteri.it\/it\/servizi-consolari-e-visti\/servizi-per-il-cittadino-italiano\/elenchi-professionisti-con-conoscenza-della-lingua-italiana\/\"><strong>Elenco Avvocati con conoscenza della lingua italiana<\/strong><\/a><\/li>\n<li><a href=\"https:\/\/consdortmund.esteri.it\/it\/servizi-consolari-e-visti\/servizi-per-il-cittadino-italiano\/elenchi-professionisti-con-conoscenza-della-lingua-italiana\/\"><strong>Elenco Traduttori giurati<\/strong><\/a><\/li>\n<li><a href=\"https:\/\/consdortmund.esteri.it\/wp-content\/uploads\/2023\/04\/primi_passi.pdf\"><strong>Guida primi passi in Germania<\/strong><\/a><\/li>\n<li><a href=\"https:\/\/consdortmund.esteri.it\/wp-content\/uploads\/2023\/04\/piccolaguidaalsistemasanitarioingermania.pdf\"><strong>Guida sulla sanit\u00e0 tedesca<\/strong><\/a><\/li>\n<li><a href=\"https:\/\/consdortmund.esteri.it\/wp-content\/uploads\/2023\/04\/detenuti_italiani_allestero_-_guida_pratica_allassistenza_consolare.pdf\"><strong>Guida pratica all&#8217;assistenza consolare &#8211; Detenuti italiani all&#8217;estero<\/strong><\/a><\/li>\n<\/ul>\n<p style=\"text-align: justify;\">\n","protected":false},"excerpt":{"rendered":"1) Assistenza a detenuti Nel caso di arresto nella Circoscrizione Consolare di Dortmund, il cittadino italiano ha diritto a chiedere la protezione consolare, nell\u2019ambito della quale la Rappresentanza diplomatico-consolare pu\u00f2: rendere visita al detenuto; fornire nominativi di legali in loco (clicca\u00a0qui\u00a0per scaricare la lista di avvocati con conoscenza della lingua italiana); curare i contatti con [&hellip;]","protected":false},"author":5,"featured_media":0,"parent":199,"menu_order":0,"comment_status":"closed","ping_status":"closed","template":"","meta":{"footnotes":""},"class_list":["post-203","page","type-page","status-publish","hentry"],"_links":{"self":[{"href":"https:\/\/consdortmund.esteri.it\/it\/wp-json\/wp\/v2\/pages\/203","targetHints":{"allow":["GET"]}}],"collection":[{"href":"https:\/\/consdortmund.esteri.it\/it\/wp-json\/wp\/v2\/pages"}],"about":[{"href":"https:\/\/consdortmund.esteri.it\/it\/wp-json\/wp\/v2\/types\/page"}],"author":[{"embeddable":true,"href":"https:\/\/consdortmund.esteri.it\/it\/wp-json\/wp\/v2\/users\/5"}],"replies":[{"embeddable":true,"href":"https:\/\/consdortmund.esteri.it\/it\/wp-json\/wp\/v2\/comments?post=203"}],"version-history":[{"count":2,"href":"https:\/\/consdortmund.esteri.it\/it\/wp-json\/wp\/v2\/pages\/203\/revisions"}],"predecessor-version":[{"id":1689,"href":"https:\/\/consdortmund.esteri.it\/it\/wp-json\/wp\/v2\/pages\/203\/revisions\/1689"}],"up":[{"embeddable":true,"href":"https:\/\/consdortmund.esteri.it\/it\/wp-json\/wp\/v2\/pages\/199"}],"wp:attachment":[{"href":"https:\/\/consdortmund.esteri.it\/it\/wp-json\/wp\/v2\/media?parent=203"}],"curies":[{"name":"wp","href":"https:\/\/api.w.org\/{rel}","templated":true}]}}