{"id":191,"date":"2023-03-03T14:33:42","date_gmt":"2023-03-03T13:33:42","guid":{"rendered":"https:\/\/consdortmund.esteri.it\/?page_id=191"},"modified":"2026-01-12T12:02:00","modified_gmt":"2026-01-12T11:02:00","slug":"anagrafe-a-i-r-e","status":"publish","type":"page","link":"https:\/\/consdortmund.esteri.it\/it\/servizi-consolari-e-visti\/servizi-per-il-cittadino-italiano\/anagrafe-a-i-r-e\/","title":{"rendered":"Anagrafe A.I.R.E."},"content":{"rendered":"<p><strong><a href=\"https:\/\/www.esteri.it\/mae\/it\/servizi\/italiani-all-estero\/aire_0.html\">Informazioni generali sul sito del Ministero degli Affari Esteri e della Cooperazione Internazionale<\/a><\/strong><\/p>\n<p><strong>ISCRIZIONE ALL&#8217;ANAGRAFE DEI RESIDENTI ALL&#8217;ESTERO (A.I.R.E.)<\/strong><\/p>\n<p style=\"text-align: justify;\">L\u2019iscrizione all\u2019AIRE \u00e8\u00a0<strong>obbligatoria<\/strong> per i cittadini italiani residenti all\u2019estero (sono esenti dall\u2019obbligo di iscrizione AIRE le persone che si recano all\u2019estero per un periodo di tempo inferiore all\u2019anno; i lavoratori stagionali; i dipendenti dello Stato in servizio diplomatico e consolare; i militari italiani in servizio presso gli uffici e le strutture della NATO all&#8217;estero).<\/p>\n<p style=\"text-align: justify;\">La dichiarazione di trasferimento di residenza all\u2019estero deve essere resa dall\u2019interessato all\u2019Ufficio consolare competente\u00a0<strong>entro 90 giorni<\/strong>\u00a0dalla data dell\u2019espatrio.<\/p>\n<p>Chiunque, avendo obblighi anagrafici, contravviene alle disposizioni della Legge 24 dicembre 1954, n. 1228, della Legge 27 ottobre 1988, n. 470, e dei regolamenti di esecuzione delle predette leggi \u00e8 soggetto a <strong>sanzioni pecuniarie amministrative<\/strong>, cos\u00ec come previsto dalla Legge 30 dicembre 2023, n. 213. L\u2019Autorit\u00e0 competente all\u2019accertamento e all\u2019irrogazione della sanzione \u00e8 il Comune nella cui anagrafe \u00e8 iscritto il trasgressore.<\/p>\n<p>Il procedimento accertativo e sanzionatorio in capo ai Comuni \u00e8 disciplinato dalla L. 24 novembre 1981, n. 689, il cui art. 1 prevede che \u201cNessuno pu\u00f2 essere assoggettato a sanzioni amministrative se non in forza di una legge che sia entrata in vigore prima della commissione della violazione\u201d.<\/p>\n<p>L\u2019aggiornamento delle informazioni riguardanti i cittadini residenti all\u2019estero, oltre ad essere un obbligo di legge, \u00e8 necessaria per poter usufruire dei servizi consolari (ad es. rilascio di documenti d\u2019identit\u00e0, di dichiarazioni, ecc.), votare nella Circoscrizione estero, ricevere le comunicazioni delle Autorit\u00e0 italiane.<\/p>\n<p>Conseguenze dell\u2019iscrizione all\u2019A.I.R.E. sono la cancellazione dal Servizio Sanitario Nazionale e il trasferimento della competenza in materia di copertura sanitaria alle autorit\u00e0 sanitarie locali.<\/p>\n<p style=\"text-align: justify;\">I connazionali gi\u00e0 iscritti nello schedario consolare di Dortmund devono inoltre tempestivamente comunicare eventuali cambi di indirizzo.<\/p>\n<p style=\"text-align: justify;\">L\u2019aggiornamento delle informazioni riguardanti i cittadini residenti all\u2019estero, oltre ad essere un obbligo di legge, \u00e8 necessario per poter fruire dei servizi consolari (ad es. rilascio di documenti d\u2019identit\u00e0, di dichiarazioni, ecc.), votare nella Circoscrizione estero, ricevere le comunicazioni delle Autorit\u00e0 italiane.<\/p>\n<p style=\"text-align: justify;\">Tra le conseguenze dell\u2019iscrizione all\u2019AIRE vi sono: l&#8217;applicazione della convenzione contro la doppia imposizione dei redditi; la cancellazione dal Servizio Sanitario Nazionale e il trasferimento della competenza in materia di copertura sanitaria alle autorit\u00e0 sanitarie locali.<\/p>\n<p style=\"text-align: justify;\">I proprietari di case o di altri immobili in Italia iscritti all\u2019AIRE possono chiedere agli enti competenti, in base alle regolamentazioni da essi stabilite, riduzioni o agevolazioni per utenze e tributi (per esempio: fornitura di energia elettrica o acqua, tassa rifiuti urbani, imposta comunale sulla casa di propriet\u00e0, ecc.). Inoltre, dal 2021 i pensionati italiani iscritti all\u2019AIRE, titolari di pensione contributiva maturata in regime di convenzione internazionale con l&#8217;Italia, possono richiedere \u2013 direttamente all\u2019Ufficio Tributi del Comune competente \u2013 una agevolazione, su un unico immobile non locato o dato in comodato, relativamente alle imposte IMU e TARI.<\/p>\n<p style=\"text-align: justify;\"><strong>&gt;&gt; ATTENZIONE:<\/strong>\u00a0In attuazione dell&#8217;articolo 1, comma 89, della legge 30 dicembre 2020, n. 178, il Ministero per i beni e le attivit\u00e0 culturali e per il turismo consente, negli anni\u00a0<strong>2021, 2022 e 2023<\/strong>, nei limiti di un fondo appositamente istituito,\u00a0<strong>l&#8217;accesso gratuito<\/strong>\u00a0ai cittadini italiani residenti all&#8217;estero iscritti all&#8217;Anagrafe degli italiani residenti all&#8217;estero (AIRE) a\u00a0<strong>musei, aree e parchi archeologici gestiti dallo Stato, a seguito di esibizione di idoneo documento comprovante l\u2019iscrizione all\u2019AIRE<\/strong>. A tal fine, si ritiene che i connazionali residenti all\u2019estero possano esibire un proprio documento di identit\u00e0 dal quale risulta l\u2019iscrizione all\u2019AIRE, o chiedere al proprio Comune di riferimento un certificato di iscrizione all\u2019AIRE o, infine, esibire una propria autocertificazione nella quale si dichiara l\u2019iscrizione all\u2019AIRE del proprio comune (D.P.R. 445\/2000). Il Consolato non pu\u00f2 rilasciare certificati di iscrizione all\u2019AIRE: essi possono essere rilasciati solo dai Comuni. Per ulteriori informazioni consultare questa\u00a0<a href=\"https:\/\/media.beniculturali.it\/mibac\/files\/boards\/be78e33bc8ca0c99bff70aa174035096\/DECRETI\/ANNO%202021\/DM%2015%20gennaio%202021%20rep%2036%20Attuazione%20art%201%20comma%2089%20L%20178-2020-signed.pdf\"><strong>pagina del Ministero della Cultura<\/strong><\/a>.<\/p>\n<p style=\"text-align: justify;\"><strong>MODALIT\u00c0 DI ISCRIZIONE ALL\u2019AIRE<\/strong><\/p>\n<p style=\"text-align: justify;\">L\u2019iscrizione all\u2019AIRE tramite il Consolato d\u2019Italia a Dortmund (competente per i cittadini italiani residenti nella\u00a0<a href=\"https:\/\/consdortmund.esteri.it\/it\/chi-siamo\/la-rete-consolare\/la-circoscrizione-consolare\/\"><strong>Circoscrizione consolare<\/strong><\/a>) va richiesta utilizzando il portale dei servizi consolari online chiamato Fast It. Il portale\u00a0<a href=\"https:\/\/serviziconsolari.esteri.it\/home\"><strong>FAST-IT<\/strong><\/a>\u00a0\u00e8 disponibile in lingua italiana, inglese, spagnola e portoghese.<\/p>\n<p style=\"text-align: justify;\">Per utilizzare il portale\u00a0<a href=\"https:\/\/serviziconsolarionline.esteri.it\/ScoFE\/index.sco\"><strong>Fast It<\/strong><\/a>\u00a0\u00e8 necessario avere un indirizzo di posta elettronica e un personal computer (NON usare smartphone o tablet).<\/p>\n<p style=\"text-align: justify;\">Previa registrazione al portale \u201c<a href=\"https:\/\/serviziconsolari.esteri.it\/home\"><strong>Fast It<\/strong><\/a>\u201d l&#8217;utente pu\u00f2 accedere alla sezione \u201cAnagrafe Consolare e Aire\u201d e selezionare la funzionalit\u00e0 \u201cRichiedere l&#8217;iscrizione all&#8217;Anagrafe degli Italiani all&#8217;Estero\u201d.<\/p>\n<p style=\"text-align: justify;\">Dovr\u00e0 poi compilare i campi previsti che lo guidano a una corretta e completa formulazione dell&#8217;istanza, che pu\u00f2 essere firmata digitalmente oppure stampata, firmata e caricata sul portale.<\/p>\n<p style=\"text-align: justify;\">\u00c8 importante inserire i propri dati e l\u2019indirizzo in modo corretto e completo.<\/p>\n<p style=\"text-align: justify;\">Vanno inoltre caricate sul portale:<\/p>\n<p style=\"text-align: justify;\">&#8211; copia del documento d\u2019identit\u00e0 in corso di validit\u00e0 (almeno delle pagine contenenti il numero del documento, le generalit\u00e0, la firma del titolare) di tutte le persone che si iscrivono<\/p>\n<p style=\"text-align: justify;\">&#8211; copia dell\u2019ultima iscrizione anagrafica presso il Comune tedesco (Anmeldebest\u00e4tigung oppure Meldebescheinigung) relativa all\u2019intero nucleo familiare, o di altra documentazione ufficiale che comprovi la residenza stabile nella Circoscrizione Consolare (per esempio: fattura di un\u2019utenza domestica, ecc.).<\/p>\n<p style=\"text-align: justify;\">L&#8217;operatore consolare trova dunque i dati della richiesta gi\u00e0 caricati sul portale consolare e, controllata la documentazione prodotta, trasmette l&#8217;istanza al Comune di competenza.<\/p>\n<p style=\"text-align: justify;\">L\u2019iscrizione decorre dalla data di inserimento della domanda sul\u00a0<a href=\"https:\/\/serviziconsolari.esteri.it\/home\"><strong>Fast It<\/strong><\/a>. La notifica dell\u2019avvenuta iscrizione spetta al Comune italiano che avverte direttamente il cittadino all\u2019estero.<\/p>\n<p style=\"text-align: justify;\">Tramite il portale\u00a0<a href=\"https:\/\/serviziconsolari.esteri.it\/home\"><strong>Fast It<\/strong><\/a>\u00a0\u00e8 possibile anche\u00a0<strong>verificare la propria scheda anagrafica e lo stato della propria pratica<\/strong>.<\/p>\n<p style=\"text-align: justify;\">In\u00a0<strong>via eccezionale<\/strong> connessa a malfunzionamenti della piattaforma informatica e fornendone la prova per via documentale, l&#8217;iscrizione all&#8217;AIRE pu\u00f2 essere chiesta inviando la suddetta documentazione e il <a href=\"https:\/\/consdortmund.esteri.it\/wp-content\/uploads\/2023\/03\/modulo_aire_2021.pdf\"><strong>modello di domanda<\/strong><\/a>\u00a0via posta elettronica (<a href=\"mailto:anagrafe.dortmund@esteri.it\">anagrafe.dortmund@esteri.it<\/a>) o per posta ordinaria. Il Consolato si riserva di valutare la procedibilit\u00e0 della richiesta.<\/p>\n<p style=\"text-align: justify;\"><strong>Ulteriori informazioni<\/strong>\u00a0sono disponibili sulla pagina del\u00a0<a href=\"https:\/\/consfriburgo.esteri.it\/consolato_friburgo\/it\/i_servizi\/per_i_cittadini\/anagrafe\/fast-it.html\"><strong>Consolato d\u2019Italia a Friburgo<\/strong><\/a>, che contiene anche una Guida ed un\u00a0<a href=\"https:\/\/consfriburgo.esteri.it\/consolato_friburgo\/it\/i_servizi\/per_i_cittadini\/anagrafe\/fast-it-tutorial-iscrizione-all.html\"><strong>video \u201ctutorial\u201d<\/strong><\/a>.<\/p>\n<p style=\"text-align: justify;\"><strong>CAMBIO DI INDIRIZZO<\/strong><\/p>\n<p style=\"text-align: justify;\">La comunicazione del cambiamento dell&#8217;indirizzo della propria residenza in Germania, all&#8217;interno della circoscrizione di Dortmund, va fatta utilizzando il portale dei servizi consolari online chiamato\u00a0<a href=\"https:\/\/serviziconsolari.esteri.it\/home\"><strong>Fast It<\/strong><\/a>.<\/p>\n<p style=\"text-align: justify;\">Per informazioni, vedere il paragrafo \u201cModalit\u00e0 di iscrizione all&#8217;AIRE\u201d.<\/p>\n<p style=\"text-align: justify;\"><strong>TRASFERIMENTO<\/strong><\/p>\n<p style=\"text-align: justify;\">Per comunicare il trasferimento da una circoscrizione consolare (ad esempio da Londra, Colonia, Parigi, Kuala Lumpur) verso quella di Dortmund e viceversa, occorre utilizzare il\u00a0<strong>portale <a href=\"https:\/\/serviziconsolari.esteri.it\/home\">Fast It<\/a>, <\/strong>trattandosi di una nuova iscrizione A.I.R.E.<\/p>\n<p style=\"text-align: justify;\">Per ulteriori informazioni, vedere il paragrafo \u201cModalit\u00e0 di iscrizione all&#8217;AIRE di Dortmund\u201d.<\/p>\n<p style=\"text-align: justify;\">Si consiglia comunque di contattare il Consolato di destinazione e di effettuare il cambio di circoscrizione entro i 90 giorni dall\u2019emigrazione.<\/p>\n<p style=\"text-align: justify;\"><strong>RIMPATRIO<\/strong><\/p>\n<p style=\"text-align: justify;\">Prima di rientrare definitivamente in Italia \u00e8 necessario effettuare la\u00a0<strong>cancellazione<\/strong>\u00a0presso il comune tedesco (&#8220;<strong>Abmeldung<\/strong>&#8220;).<\/p>\n<p style=\"text-align: justify;\">Il connazionale, una volta in Italia, dovr\u00e0 recarsi presso\u00a0<strong>l&#8217;Ufficio anagrafe del Comune<\/strong>\u00a0ed iscriversi dichiarando il nuovo indirizzo di residenza.<\/p>\n<p style=\"text-align: justify;\">Nella stessa data il Comune provveder\u00e0:<\/p>\n<p style=\"text-align: justify;\">&#8211; alla\u00a0<strong>cancellazione dall&#8217;AIRE\u00a0<\/strong>del connazionale con contestuale iscrizione in\u00a0<strong>APR<\/strong>\u00a0(Anagrafe Popolazione Residente)<\/p>\n<p style=\"text-align: justify;\">&#8211; alla comunicazione ufficiale della data di decorrenza del\u00a0<strong>RIMPATRIO<\/strong>\u00a0al\u00a0<strong>CONSOLATO<\/strong>.<\/p>\n<p style=\"text-align: justify;\">Il connazionale pu\u00f2 inviare a questo Consolato per email &#8220;l&#8217;Abmeldung&#8221; ma ufficialmente il\u00a0<strong>RIMPATRIO<\/strong>\u00a0decorre dalla data d&#8217;iscrizione presso il\u00a0<strong>COMUNE ITALIANO<\/strong>. (Si ricorda che chi lascia la Germania deve comunicarlo per tempo alla cassa malattia tedesca allegando l'&#8221;Abmeldung&#8221; dal Comune tedesco di residenza.).<\/p>\n<p>La procedura di rimpatrio non \u00e8 competenza del Consolato.<\/p>\n<p style=\"text-align: justify;\"><strong>Tutti i connazionali, anche coloro che sono gi\u00e0 iscritti in anagrafe consolare, sono invitati a registrarsi nel portale\u00a0<a href=\"https:\/\/serviziconsolarionline.esteri.it\/ScoFE\/index.sco\">Fast It<\/a>.<\/strong><\/p>\n<p style=\"text-align: justify;\"><strong>ANPR &#8211; Possibilit\u00e0 di scaricare gratuitamente certificati anagrafici<\/strong><\/p>\n<p style=\"text-align: justify;\">Si informa la gentile utenza che a partire dal 15 novembre 2021 i certificati anagrafici personali (quali residenza, cittadinanza ed esistenza in vita) potranno essere scaricati online gratuitamente direttamente dagli interessati, mediante il nuovo servizio dell&#8217;<a href=\"https:\/\/www.anagrafenazionale.interno.it\/\"><strong>Anagrafe nazionale della popolazione<\/strong><\/a>\u00a0residente (ANPR).<\/p>\n<p style=\"text-align: justify;\">In particolare, dal sito Internet sopra indicato sar\u00e0 possibile scaricare 14 certificati per proprio conto o per un componente della propria famiglia, direttamente dal proprio domicilio e senza necessit\u00e0 di recarsi presso un ufficio pubblico. I certificati potranno, inoltre, essere rilasciati anche in forma contestuale (ad esempio cittadinanza, esistenza in vita e residenza potranno essere richiesti in un unico certificato).<\/p>\n<p style=\"text-align: justify;\">Al portale si accede con la propria identit\u00e0 digitale (SPID, Carta d&#8217;Identit\u00e0 Elettronica, Carta Nazionale dei Servizi); se la richiesta \u00e8 per un<br \/>\nfamiliare verr\u00e0 mostrato l&#8217;elenco dei componenti della famiglia per cui \u00e8 possibile richiedere un certificato. Il servizio consente, altres\u00ec, la visione dell&#8217;anteprima del documento per verificare la correttezza dei dati, e di poterlo scaricare in formato PDF o riceverlo via e-mail.<\/p>\n<p style=\"text-align: justify;\">I certificati che \u00e8 possibile richiedere sono:<\/p>\n<ul>\n<li style=\"text-align: justify;\">Anagrafico di nascita;<\/li>\n<li style=\"text-align: justify;\">Anagrafico di matrimonio;<\/li>\n<li style=\"text-align: justify;\">Di cittadinanza;<\/li>\n<li style=\"text-align: justify;\">Di esistenza in vita;<\/li>\n<li style=\"text-align: justify;\">Di residenza;<\/li>\n<li style=\"text-align: justify;\">Di residenza AIRE;<\/li>\n<li style=\"text-align: justify;\">Di stato civile;<\/li>\n<li style=\"text-align: justify;\">Di stato di famiglia;<\/li>\n<li style=\"text-align: justify;\">Di stato di famiglia e di stato civile;<\/li>\n<li style=\"text-align: justify;\">Di residenza in convivenza;<\/li>\n<li style=\"text-align: justify;\">Di stato di famiglia AIRE;<\/li>\n<li style=\"text-align: justify;\">Di stato di famiglia con rapporti di parentela;<\/li>\n<li style=\"text-align: justify;\">Di stato libero;<\/li>\n<li style=\"text-align: justify;\">Anagrafico di unione civile;<\/li>\n<li style=\"text-align: justify;\">Di contratto di convivenza.<\/li>\n<\/ul>\n","protected":false},"excerpt":{"rendered":"Informazioni generali sul sito del Ministero degli Affari Esteri e della Cooperazione Internazionale ISCRIZIONE ALL&#8217;ANAGRAFE DEI RESIDENTI ALL&#8217;ESTERO (A.I.R.E.) L\u2019iscrizione all\u2019AIRE \u00e8\u00a0obbligatoria per i cittadini italiani residenti all\u2019estero (sono esenti dall\u2019obbligo di iscrizione AIRE le persone che si recano all\u2019estero per un periodo di tempo inferiore all\u2019anno; i lavoratori stagionali; i dipendenti dello Stato in [&hellip;]","protected":false},"author":5,"featured_media":0,"parent":53,"menu_order":1,"comment_status":"closed","ping_status":"closed","template":"","meta":{"footnotes":""},"class_list":["post-191","page","type-page","status-publish","hentry"],"_links":{"self":[{"href":"https:\/\/consdortmund.esteri.it\/it\/wp-json\/wp\/v2\/pages\/191","targetHints":{"allow":["GET"]}}],"collection":[{"href":"https:\/\/consdortmund.esteri.it\/it\/wp-json\/wp\/v2\/pages"}],"about":[{"href":"https:\/\/consdortmund.esteri.it\/it\/wp-json\/wp\/v2\/types\/page"}],"author":[{"embeddable":true,"href":"https:\/\/consdortmund.esteri.it\/it\/wp-json\/wp\/v2\/users\/5"}],"replies":[{"embeddable":true,"href":"https:\/\/consdortmund.esteri.it\/it\/wp-json\/wp\/v2\/comments?post=191"}],"version-history":[{"count":3,"href":"https:\/\/consdortmund.esteri.it\/it\/wp-json\/wp\/v2\/pages\/191\/revisions"}],"predecessor-version":[{"id":3043,"href":"https:\/\/consdortmund.esteri.it\/it\/wp-json\/wp\/v2\/pages\/191\/revisions\/3043"}],"up":[{"embeddable":true,"href":"https:\/\/consdortmund.esteri.it\/it\/wp-json\/wp\/v2\/pages\/53"}],"wp:attachment":[{"href":"https:\/\/consdortmund.esteri.it\/it\/wp-json\/wp\/v2\/media?parent=191"}],"curies":[{"name":"wp","href":"https:\/\/api.w.org\/{rel}","templated":true}]}}