{"id":143,"date":"2023-03-03T13:09:54","date_gmt":"2023-03-03T12:09:54","guid":{"rendered":"https:\/\/consdortmund.esteri.it\/?page_id=143"},"modified":"2026-03-05T11:54:15","modified_gmt":"2026-03-05T10:54:15","slug":"il-passaporto","status":"publish","type":"page","link":"https:\/\/consdortmund.esteri.it\/it\/servizi-consolari-e-visti\/servizi-per-il-cittadino-italiano\/il-passaporto\/","title":{"rendered":"Passaporto"},"content":{"rendered":"<p style=\"text-align: justify;\"><strong><u>ATTENZIONE!<\/u><\/strong><strong>\u00a0PER IL RILASCIO DEL PASSAPORTO IL CONSOLATO RICEVE\u00a0<u>SOLO SU APPUNTAMENTO TRAMITE PORTALE\u00a0<\/u><\/strong><a href=\"https:\/\/prenotami.esteri.it\/\"><strong>PRENOT@MI<\/strong><\/a><strong>.\u00a0<u>NON<\/u>\u00a0BISOGNA DUNQUE RECARSI DI PERSONA PRESSO I LOCALI DEL CONSOLATO SENZA APPUNTAMENTO.<\/strong><\/p>\n<p style=\"text-align: justify;\"><strong><u>La richiesta e la ricevuta della richiesta per e-mail NON equivalgono a conferma dell\u2019appuntamento.\u00a0La conferma dovr\u00e0 essere monitorata sulla pagina personale del portale <\/u><\/strong><a href=\"https:\/\/prenotami.esteri.it\/\"><strong>Prenot@mi<\/strong><\/a><strong><u>. Le cancellazioni verranno comunicate e motivate di volta in volta via e-mail.<\/u><\/strong><\/p>\n<p style=\"text-align: justify;\">Se dal proprio smartphone o tablet la prenotazione non dovesse andare a buon fine, provare da PC.<\/p>\n<p style=\"text-align: justify;\"><u>Se ha superato i 70 anni e necessita assistenza alla prenotazione veda la pagina\u00a0<\/u><a href=\"https:\/\/consdortmund.esteri.it\/it\/servizi-consolari-e-visti\/servizi-per-il-cittadino-italiano\/servizi-consolari-over-70\/\"><strong>Servizi Consolari Over 70<\/strong><\/a>.<\/p>\n<p style=\"text-align: center;\"><img loading=\"lazy\" decoding=\"async\" class=\"aligncenter size-full wp-image-2561 img-fluid\" src=\"https:\/\/consdortmund.esteri.it\/wp-content\/uploads\/2025\/08\/freccia.png\" alt=\"\" width=\"151\" height=\"83\" \/><\/p>\n<p style=\"text-align: center;\"><strong>Per accedere al portale cliccare qui sotto<\/strong><\/p>\n<h5 style=\"text-align: center;\"><strong>\u201c<\/strong><a href=\"https:\/\/prenotami.esteri.it\/\"><strong>Prenot@mi<\/strong><\/a><strong>\u201c<\/strong><\/h5>\n<p style=\"text-align: center;\"><strong><u>Si precisa che il servizio di prenotazione \u00e8 gratuito<\/u><\/strong><strong>\u00a0\u00a0<\/strong><\/p>\n<p style=\"text-align: center;\"><a href=\"https:\/\/prenotami.esteri.it\/\"><strong>https:\/\/prenotami.esteri.it<\/strong><\/a><\/p>\n<p style=\"text-align: justify;\"><strong>\u00c8 importantissimo<\/strong>\u00a0leggere tutte le istruzioni, <strong>compilare i moduli e caricare\u00a0online\u00a0tutta la documentazione necessaria<\/strong>; la stessa documentazione dovr\u00e0 essere portata <strong>in originale il giorno dell\u2019appuntamento<\/strong>.<\/p>\n<p>&nbsp;<\/p>\n<p><span style=\"color: #ff0000;\"><strong><u>DOCUMENTI DA CARICARE SUL <\/u><\/strong><\/span><a href=\"https:\/\/prenotami.esteri.it\/\"><strong>PRENOT@MI<\/strong><\/a><span style=\"color: #ff0000;\"><strong><u> (max. 1MB in totale):<\/u><\/strong><\/span><\/p>\n<ul>\n<li><em><u>Se la richiesta \u00e8 per un\u00a0<strong>MAGGIORENNE<\/strong>:<\/u><\/em>\n<ul>\n<li style=\"text-align: justify;\"><strong>Modulo di richiesta<\/strong>\u00a0(da caricare nel campo \u201caltro\u201d).\u00a0<strong><u><a href=\"https:\/\/consdortmund.esteri.it\/wp-content\/uploads\/2025\/11\/RICHIESTA-PASSAPORTO-2023.pdf\">Scaricarlo cliccando qui.<\/a><\/u><\/strong><\/li>\n<li style=\"text-align: justify;\"><strong>Copia del documento d\u2019identit\u00e0<\/strong>\n<ul>\n<li>In caso di\u00a0<u>smarrimento<\/u>\u00a0o\u00a0<u>furto<\/u>:\u00a0<strong>denuncia<\/strong>\u00a0presentata presso le locali autorit\u00e0 di polizia<\/li>\n<\/ul>\n<\/li>\n<li style=\"text-align: justify;\"><strong>Certificato di residenza<\/strong>\u00a0(se l\u2019indirizzo \u00e8 cambiato e non \u00e8 mai stato comunicato l\u2019effettuato cambio)<\/li>\n<\/ul>\n<\/li>\n<\/ul>\n<p>&nbsp;<\/p>\n<ul>\n<li style=\"text-align: justify;\"><em><u>Se la richiesta \u00e8 per un\u00a0<strong>MINORENNE<\/strong>:<\/u><\/em>\n<ul>\n<li><strong>Modulo di richiesta per minori<\/strong>\u00a0firmato da entrambi i genitori (da caricare nel campo \u201caltro\u201d).\u00a0<a href=\"https:\/\/consdortmund.esteri.it\/wp-content\/uploads\/2025\/11\/modulo_richiesta_passaporto_minorenni_2025.pdf\"><strong>Scaricarlo cliccando qui<\/strong><\/a><strong>.<\/strong><\/li>\n<li><strong>Copie dei documenti d\u2019identit\u00e0<\/strong>\u00a0(dei\u00a0<u>genitori<\/u>\u00a0e del\u00a0<u>minore<\/u>)\n<ul>\n<li>In caso di\u00a0<u>smarrimento<\/u>\u00a0o\u00a0<u>furto<\/u>\u00a0del documento del minore:\u00a0<strong>denuncia<\/strong>\u00a0presentata presso le locali autorit\u00e0 di polizia<\/li>\n<\/ul>\n<\/li>\n<li><strong>Certificato di residenza<\/strong>\u00a0del nucleo familiare (se l\u2019indirizzo \u00e8 cambiato)<\/li>\n<\/ul>\n<\/li>\n<\/ul>\n<p style=\"text-align: justify;\"><strong>Una documentazione completa agevola l\u2019esame veloce della richiesta senza rischi di cancellazione dell\u2019appuntamento.<\/strong><\/p>\n<p style=\"text-align: justify;\"><strong>Per ragioni di privacy, sicurezza e praticit\u00e0, \u00e8 necessario presentarsi <u>da soli<\/u> e l\u2019ingresso all\u2019ufficio passaporti sar\u00e0 consentito solo al diretto interessato (cio\u00e8 all\u2019istante) e non a eventuali parenti, amici e accompagnatori (tranne nel caso di minori e diversamente abili)<\/strong><\/p>\n<p><span style=\"color: #ff0000;\"><strong><u>DOCUMENTI DA PORTARE IL GIORNO DELL\u2019APPUNTAMENTO:<\/u><\/strong><\/span><\/p>\n<ul>\n<li style=\"text-align: justify;\"><strong>Modulo\u00a0di richiesta del passaporto<\/strong>, debitamente compilato e sottoscritto\u00a0dall\u2019interessato;<\/li>\n<li style=\"text-align: justify;\"><strong>Documento di riconoscimento<\/strong>;<\/li>\n<\/ul>\n<ul>\n<li><strong>1 fototessera non pi\u00f9 vecchia di sei mesi <\/strong><a href=\"https:\/\/www.esteri.it\/it\/servizi-consolari-e-visti\/italiani-all-estero\/documenti_di_viaggio\/linee-guida-foto-icao\/\">conformi al formato Icao<\/a> (la foto deve rispettare solo suddetti standard. Non si terr\u00e0 conto di eventuali preferenze estetiche)\n<ul>\n<li style=\"text-align: justify;\"><u>Attenzione<\/u>: <u>presentare la foto in formato cartaceo 35x40mm. Non si accettano codici QR;<\/u><\/li>\n<li style=\"text-align: justify;\"><strong><u>Lo sfondo deve essere tassativamente bianco<\/u><\/strong><u>;<\/u><\/li>\n<li style=\"text-align: justify;\"><u>Il soggetto non deve avere occhiali e\/o copricapo (salvo motivi religiosi);<\/u><\/li>\n<li style=\"text-align: justify;\">In consolato \u00e8 presente un dispositivo fotografico. Tuttavia per i passaporti emessi in favore di bambini fino a 10 anni bisogna presentare sempre e solo foto cartacea;<\/li>\n<\/ul>\n<\/li>\n<\/ul>\n<ul style=\"text-align: justify;\">\n<li><strong>Ricevuta del pagamento<\/strong> del costo del libretto e del contributo amministrativo (Euro 116,20), a meno di far parte delle categorie esenti di cui <a href=\"https:\/\/www.esteri.it\/it\/servizi-consolari-e-visti\/italiani-all-estero\/documenti_di_viaggio\/passaporto\/\">all\u2019art. 19 della legge 1185\/1967<\/a>;<\/li>\n<\/ul>\n<ul>\n<li style=\"text-align: justify;\">Nel\u00a0caso in cui il <strong>richiedente sia un MINORE DI ANNI 18<\/strong>,\u00a0<a href=\"https:\/\/www.esteri.it\/mae\/resource\/doc\/2019\/09\/form1_-_atto_di_assenso_in_favore_dei_figli_minori.docx\"><strong>atto di assenso<\/strong><\/a><strong>\u00a0e copia del documento di entrambi genitori;<\/strong><\/li>\n<li style=\"text-align: justify;\">Nel\u00a0caso in cui il richiedente sia un <strong>minore di anni 18 nato all\u2019estero<\/strong>, \u00e8\u00a0necessario presentare al Consolato competente \u2013 che, laddove non si sia\u00a0gi\u00e0 provveduto in tal senso, provveder\u00e0 alla trasmissione in Italia, per\u00a0la successiva trascrizione nei registri di stato civile del Comune di\u00a0riferimento \u2013 <strong>l\u2019atto di nascita<\/strong>, <strong>tradotto e legalizzato (o munito di\u00a0<em>apostille<\/em>) oppure, ove previsto, il certificato su formulario plurilingue.<\/strong><\/li>\n<\/ul>\n<p>&nbsp;<\/p>\n<p style=\"text-align: justify;\">Per il\u00a0<strong><u>viaggio di minori di 14 anni non accompagnati<\/u><\/strong>\u00a0vedere la sezione apposita:\u00a0<a href=\"https:\/\/consdortmund.esteri.it\/it\/servizi-consolari-e-visti\/servizi-per-il-cittadino-italiano\/viaggio-minori-non-accompagnati\/\">Viaggio minori non accompagnati<\/a><\/p>\n<p>&nbsp;<\/p>\n<p><span style=\"color: #ff0000;\"><strong><u>PAGAMENTO<\/u><\/strong><\/span><\/p>\n<ul>\n<li style=\"text-align: justify;\"><strong>\u00a0Bonifico bancario<\/strong><\/li>\n<\/ul>\n<p style=\"text-align: justify;\">Effettuare il pagamento<strong>\u00a0almeno 4 giorni lavorativi prima della data dell\u2019appuntamento<\/strong>\u00a0sul conto corrente del Consolato:<\/p>\n<ul style=\"text-align: justify;\">\n<li><strong>Intestatario<\/strong>: Italienisches Konsulat<\/li>\n<\/ul>\n<ul style=\"text-align: justify;\">\n<li style=\"list-style-type: none;\">\n<ul>\n<li><strong>IBAN:<\/strong> DE88 4407 0024 0377 2662 01<\/li>\n<li><strong>BIC\/SWIFT-CODE<\/strong>: DEUTDEDB440<\/li>\n<li><strong>ISTITUTO BANCARIO<\/strong>: DEUTSCHE BANK<\/li>\n<li><strong>Causale:<\/strong> \u201cNome\u201d \u201cCognome\u201d \u201cData di nascita\u201d PASSAPORTO<\/li>\n<li><strong>Importo: \u20ac 116,20<\/strong><\/li>\n<\/ul>\n<\/li>\n<\/ul>\n<ul style=\"text-align: justify;\">\n<li><strong>Carta Bancomat<\/strong><\/li>\n<\/ul>\n<p style=\"text-align: justify;\">Il bonifico bancario rimane la via preferenziale per la corresponsione dei diritti consolari. Qualora il versamento non fosse possibile, \u00e8 ammesso pagare con\u00a0<strong>carta bancomat<\/strong>\u00a0(solo\u00a0<strong>EC Karte<\/strong>) il giorno dell\u2019appuntamento.<\/p>\n<ul style=\"text-align: justify;\">\n<li><strong>Contanti<\/strong><\/li>\n<\/ul>\n<p style=\"text-align: justify;\">Il contante \u00e8 opzione eventuale e residuale solo nel caso non fosse possibile n\u00e9 bonifico n\u00e9 bancomat e in ogni caso si raccomanda di portare il corrispettivo esatto in quanto non \u00e8 possibile erogare il resto.<\/p>\n<p>&nbsp;<\/p>\n<p><span style=\"color: #ff0000;\"><strong><u>INFORMAZIONI IMPORTANTI<\/u><\/strong><\/span><\/p>\n<ol>\n<li style=\"text-align: justify;\"><strong>Non sei iscritto all\u2019AIRE ma sei residente nella circoscrizione consolare di Dortmund stabilmente o comunque da oltre un anno?<\/strong><\/li>\n<\/ol>\n<p style=\"text-align: justify;\">Prima di richiedere il passaporto iscriviti all\u2019AIRE usando il portale\u00a0<a href=\"https:\/\/serviziconsolari.esteri.it\/\"><strong>FAST-IT<\/strong><\/a>:\u00a0<a href=\"https:\/\/serviziconsolari.esteri.it\/\"><strong>https:\/\/serviziconsolari.esteri.it<\/strong><\/a>. \u00c8 gratis e funziona in tutto il mondo. Basta solo un computer, la rete internet, la scansione in pdf del certificato di residenza e del documento di identit\u00e0 in corso di validit\u00e0.<\/p>\n<ol style=\"text-align: justify;\" start=\"2\">\n<li><strong>Non sei iscritto AIRE n\u00e9 residente nella circoscrizione consolare di Dortmund?<\/strong><\/li>\n<\/ol>\n<p style=\"text-align: justify;\">Rivolgiti all\u2019ufficio consolare territorialmente competente. Clicca su <a href=\"https:\/\/serviziconsolarionline.esteri.it\/ScoFE\/services\/consulate\/find-consulate.sco?sCode=%28null%29\"><strong>questo link<\/strong><\/a>\u00a0per inserire la tua localit\u00e0 di residenza e cercare il consolato competente. spiacenti ma non possiamo aiutarti.<\/p>\n<ol start=\"3\">\n<li style=\"text-align: justify;\"><strong>Non sei cittadino italiano?<\/strong><\/li>\n<\/ol>\n<p style=\"text-align: justify;\">Chiedi il tuo documento di identit\u00e0 alla rappresentanza consolare dello Stato per cui hai la cittadinanza oppure al competente ufficio tedesco se sei un apolide. Spiacenti ma non possiamo aiutarti.<\/p>\n<ol style=\"text-align: justify;\" start=\"4\">\n<li><strong>\u00c8 possibile per le donne sposate inserire il cognome del marito?<\/strong><\/li>\n<\/ol>\n<p style=\"text-align: justify;\">Solo sul passaporto, non sulla carta di identit\u00e0. Se hai un passaporto recente e valido e vuoi inserire il cognome del marito. \u00c8 necessario avere gi\u00e0 trasmesso il certificato internazionale di matrimonio in Consolato.<\/p>\n<ol style=\"text-align: justify;\" start=\"5\">\n<li><strong>Sei un maggiorenne?<\/strong><\/li>\n<\/ol>\n<p style=\"text-align: justify;\">Questo il\u00a0<a href=\"https:\/\/consdortmund.esteri.it\/wp-content\/uploads\/2025\/11\/RICHIESTA-PASSAPORTO-2023.pdf\"><strong>modulo per la richiesta di passaporto (clicca qui)<\/strong><\/a>\u00a0da caricare obbligatoriamente in \u201caltro\u201d sull\u2019applicativo <a href=\"https:\/\/prenotami.esteri.it\/\">Prenot@mi<\/a> insieme alla fotocopia scansionata del documento di identit\u00e0 valido.\u00a0<strong>La dimensione di tutti i file caricati non deve superare 1 MB.<\/strong><\/p>\n<ol style=\"text-align: justify;\" start=\"6\">\n<li><strong>Sei il genitore di un minorenne italiano e vuoi chiedere un passaporto per lui?<\/strong><\/li>\n<\/ol>\n<p style=\"text-align: justify;\">Questo il\u00a0<a href=\"https:\/\/consdortmund.esteri.it\/wp-content\/uploads\/2025\/11\/modulo_richiesta_passaporto_minorenni_2025.pdf\"><strong>modulo per la richiesta di passaporto (clicca qui)<\/strong><\/a>\u00a0da caricare obbligatoriamente in \u201caltro\u201d sull\u2019applicativo <a href=\"https:\/\/prenotami.esteri.it\/\">Prenot@mi<\/a>, insieme alla fotocopia scansionata in pdf dei documenti di identit\u00e0 validi di tutti i genitori ed eventualmente dei minori.\u00a0<strong>la dimensione di tutti i file caricati non deve superare 1 MB<\/strong>.<\/p>\n<ol style=\"text-align: justify;\" start=\"7\">\n<li><strong>Chi deve richiedere il Passaporto per un minore?\u00a0<\/strong><\/li>\n<\/ol>\n<p style=\"text-align: justify;\"><u>Nel caso in cui gli esercenti la responsabilit\u00e0 genitoriale siano i genitori, la richiesta di passaporto per un minore deve essere firmata da entrambi.<\/u>\u00a0Al modulo va allegata\u00a0<strong><em>una fotocopia del documento di identit\u00e0 di chi firma la richiesta<\/em><\/strong>. I cittadini extra UE devono presentarsi di persona all\u2019appuntamento in quanto la loro firma deve essere autenticata personalmente dall\u2019ufficio consolare. In alternativa la firma pu\u00f2 essere autenticata dal Comune tedesco di residenza o da altra autorit\u00e0 competente (notaio) e in questo caso la presenza del cittadino extra UE non \u00e8 necessaria. In caso di decesso di uno degli esercenti la responsabilit\u00e0 genitoriale, \u00e8 necessario presentare l\u2019atto di morte dello stesso.<\/p>\n<p style=\"text-align: justify;\">Se uno dei genitori ha la responsabilit\u00e0 genitoriale (affidamento) esclusiva<strong>\u00a0o in caso di dubbi contattare l\u2019Ufficio Passaporti all\u2019indirizzo\u00a0<\/strong><a href=\"mailto:passaporti.dortmund@esteri.it\"><strong>passaporti.dortmund@esteri.it<\/strong><\/a><strong>.<\/strong><\/p>\n<p><span style=\"text-decoration: underline; color: #ff0000;\"><strong>CONSIGLI UTILI<\/strong><\/span><\/p>\n<ul>\n<li style=\"text-align: justify;\"><strong>Non attendere la scadenza<\/strong>\u00a0del vecchio documento (passaporto o carta d\u2019identit\u00e0), richiedi il nuovo passaporto<strong>\u00a0sei mesi prima della scadenza.\u00a0<\/strong>Considerato l\u2019elevato numero di richieste e vista la complessit\u00e0 della pratica i tempi di emissione possono non essere brevi.<\/li>\n<li style=\"text-align: justify;\"><strong>Non inviare via posta ordinaria o e-mail la richiesta di passaporto. \u00c8 sempre necessario l\u2019appuntamento fissato autonomamente sul\u00a0<\/strong><a href=\"https:\/\/prenotami.esteri.it\/\"><strong>Prenot@mi<\/strong><\/a><strong>.<\/strong><\/li>\n<li style=\"text-align: justify;\">Non inviare denaro n\u00e9 documentazione via posta, se non chiesto espressamente dal Consolato.<\/li>\n<li>Se si desidera prendere appuntamento sia per la Carta d\u2019identit\u00e0 elettronica (CIE), sia per il Passaporto, si consiglia di prenotare prima l\u2019appuntamento per la CIE e in seguito quello per il Passaporto.<\/li>\n<\/ul>\n<p><span style=\"color: #ff0000;\"><strong><u>PASSAPORTO IN CASI DI GRAVE E DOCUMENTATA URGENZA<\/u><\/strong><\/span><\/p>\n<p style=\"text-align: justify;\">Solo per richiedere un <strong><u>passaporto d\u2019urgenza<\/u><\/strong> \u00e8 possibile recarsi direttamente in Consolato senza appuntamento. Sar\u00e0 necessario <strong>dimostrare con prove scritte l\u2019urgenza<\/strong>, mostrando il biglietto aereo, del treno, della nave o dell\u2019autobus, oppure una prenotazione alberghiera all\u2019estero, oppure una lettera del datore di lavoro o una convocazione scritta in banca, oppure una convocazione di struttura sanitaria, oppure una qualsiasi altra circostanza eccezionale di salute, lavoro, ecc. per cui esista prova scritta. <u>Il rilascio del passaporto d\u2019urgenza \u00e8 a discrezione dell\u2019ufficio consolare e il requisito fondamentale \u00e8 che, in base alla verifica telematica effettuata del funzionario del Consolato, non sussistano cause ostative al rilascio del passaporto e che la documentazione sia completa.<\/u> Per il passaporto d\u2019urgenza si dovranno versare i <strong>diritti di urgenza di Euro 50 \u2013 Art. 74, da aggiungersi alla tariffa di 116,20 Euro per il rilascio del passaporto ordinario, per un totale di Euro 166,20<\/strong>: <a href=\"https:\/\/consdortmund.esteri.it\/wp-content\/uploads\/2025\/07\/tariffa_consolare_aggiornata__2025rev-FINale.pdf\"><strong>Tabella delle tariffe consolari (aggiornata 2025)<\/strong><\/a>).<\/p>\n<p><span style=\"color: #ff0000;\"><strong><u>ACCESSO PER LE PERSONE CON MOBILITA\u2019 RIDOTTA<\/u><\/strong><\/span><\/p>\n<p>Si invita l\u2019utenza a contattare in anticipo il Consolato al recapito di seguito indicato:<\/p>\n<p>E-mail: <a href=\"mailto:passaporti.dortmund@esteri.it\">passaporti.dortmund@esteri.it<\/a><\/p>\n<p><span style=\"color: #ff0000;\"><strong><u>CONTATTI DELL\u2019UFFICIO PASSAPORTI<\/u><\/strong><\/span><\/p>\n<ul>\n<li style=\"text-align: justify;\">E-mail:\u00a0<a href=\"mailto:passaporti.dortmund@esteri.it\"><strong>passaporti.dortmund@esteri.it<\/strong><\/a><\/li>\n<li style=\"text-align: justify;\">Tel. +<strong>49 (0)231 57796 10<\/strong><\/li>\n<\/ul>\n<p style=\"text-align: justify;\"><strong>Informazioni di carattere generale sul passaporto italiano<\/strong>\u00a0sono reperibili a\u00a0<a href=\"https:\/\/www.esteri.it\/it\/servizi-consolari-e-visti\/italiani-all-estero\/documenti_di_viaggio\/passaporto\/\"><strong>questa pagina del Ministero degli Affari Esteri e della Cooperazione Internazionale<\/strong><\/a><\/p>\n<p>&nbsp;<\/p>\n<p><span style=\"color: #ff0000;\"><strong><u>MODULISTICA PASSAPORTO<\/u><\/strong><\/span><\/p>\n<ul>\n<li><a href=\"https:\/\/consdortmund.esteri.it\/wp-content\/uploads\/2025\/11\/RICHIESTA-PASSAPORTO-2023.pdf\"><strong>Modulo di richiesta maggiorenni<\/strong><\/a><\/li>\n<li><a href=\"https:\/\/consdortmund.esteri.it\/wp-content\/uploads\/2025\/11\/modulo_richiesta_passaporto_minorenni_2025.pdf\"><strong>Modulo di richiesta minorenni<\/strong><\/a><\/li>\n<\/ul>\n<p>&nbsp;<\/p>\n","protected":false},"excerpt":{"rendered":"ATTENZIONE!\u00a0PER IL RILASCIO DEL PASSAPORTO IL CONSOLATO RICEVE\u00a0SOLO SU APPUNTAMENTO TRAMITE PORTALE\u00a0PRENOT@MI.\u00a0NON\u00a0BISOGNA DUNQUE RECARSI DI PERSONA PRESSO I LOCALI DEL CONSOLATO SENZA APPUNTAMENTO. La richiesta e la ricevuta della richiesta per e-mail NON equivalgono a conferma dell\u2019appuntamento.\u00a0La conferma dovr\u00e0 essere monitorata sulla pagina personale del portale Prenot@mi. Le cancellazioni verranno comunicate e motivate di volta [&hellip;]","protected":false},"author":5,"featured_media":0,"parent":53,"menu_order":5,"comment_status":"closed","ping_status":"closed","template":"","meta":{"footnotes":""},"class_list":["post-143","page","type-page","status-publish","hentry"],"_links":{"self":[{"href":"https:\/\/consdortmund.esteri.it\/it\/wp-json\/wp\/v2\/pages\/143","targetHints":{"allow":["GET"]}}],"collection":[{"href":"https:\/\/consdortmund.esteri.it\/it\/wp-json\/wp\/v2\/pages"}],"about":[{"href":"https:\/\/consdortmund.esteri.it\/it\/wp-json\/wp\/v2\/types\/page"}],"author":[{"embeddable":true,"href":"https:\/\/consdortmund.esteri.it\/it\/wp-json\/wp\/v2\/users\/5"}],"replies":[{"embeddable":true,"href":"https:\/\/consdortmund.esteri.it\/it\/wp-json\/wp\/v2\/comments?post=143"}],"version-history":[{"count":7,"href":"https:\/\/consdortmund.esteri.it\/it\/wp-json\/wp\/v2\/pages\/143\/revisions"}],"predecessor-version":[{"id":3299,"href":"https:\/\/consdortmund.esteri.it\/it\/wp-json\/wp\/v2\/pages\/143\/revisions\/3299"}],"up":[{"embeddable":true,"href":"https:\/\/consdortmund.esteri.it\/it\/wp-json\/wp\/v2\/pages\/53"}],"wp:attachment":[{"href":"https:\/\/consdortmund.esteri.it\/it\/wp-json\/wp\/v2\/media?parent=143"}],"curies":[{"name":"wp","href":"https:\/\/api.w.org\/{rel}","templated":true}]}}