{"id":93,"date":"2023-02-20T14:44:53","date_gmt":"2023-02-20T13:44:53","guid":{"rendered":"https:\/\/consdortmund.esteri.it\/servizi-consolari-e-visti\/servizi-per-il-cittadino-italiano\/"},"modified":"2026-02-02T16:04:50","modified_gmt":"2026-02-02T15:04:50","slug":"servizi-per-il-cittadino-italiano","status":"publish","type":"page","link":"https:\/\/consdortmund.esteri.it\/de\/servizi-consolari-e-visti\/servizi-per-il-cittadino-italiano\/","title":{"rendered":"F\u00fcr italienische Staatsb\u00fcrger"},"content":{"rendered":"<p>In diesem Abschnitt finden Sie die Seiten, die den Dienstleistungen f\u00fcr italienische Staatsb\u00fcrger gewidmet sind.<\/p>\n<ul>\n<li><a href=\"https:\/\/consdortmund.esteri.it\/de\/servizi-consolari-e-visti\/servizi-per-il-cittadino-italiano\/melderegister\/\">Meldewesen A.I.R.E.<\/a><\/li>\n<li><a href=\"https:\/\/consdortmund.esteri.it\/de\/servizi-consolari-e-visti\/servizi-per-il-cittadino-italiano\/staatsbuergerschaft\/ \u200e\">Staatsb\u00fcrgerschaft<\/a><\/li>\n<li><a href=\"https:\/\/consdortmund.esteri.it\/de\/servizi-consolari-e-visti\/servizi-per-il-cittadino-italiano\/il-passaporto\/\">Reisepass<\/a><\/li>\n<li><a href=\"https:\/\/consdortmund.esteri.it\/de\/servizi-consolari-e-visti\/servizi-per-il-cittadino-italiano\/carta-didentita-elettronica-cie\/\">Elektronischer Personalausweis (CIE)<\/a><\/li>\n<li><a href=\"https:\/\/consdortmund.esteri.it\/de\/servizi-consolari-e-visti\/servizi-per-il-cittadino-italiano\/konsularische-dienstleistungen-ueber-70\/\">Konsularische Dienstleistungen \u00fcber 70<\/a><\/li>\n<li><a href=\"https:\/\/consdortmund.esteri.it\/de\/servizi-consolari-e-visti\/servizi-per-il-cittadino-italiano\/reise-unbegleiteter-minderjaehrige\/\">Reise unbegleiteter Minderj\u00e4hrige<\/a><\/li>\n<li><a href=\"https:\/\/consdortmund.esteri.it\/de\/servizi-consolari-e-visti\/servizi-per-il-cittadino-italiano\/eu-etd\/\">EU-ETD<\/a><\/li>\n<li><a href=\"https:\/\/consdortmund.esteri.it\/de\/servizi-consolari-e-visti\/servizi-per-il-cittadino-italiano\/standesamt\/\">Standesamt<\/a><\/li>\n<li><a href=\"https:\/\/consdortmund.esteri.it\/de\/servizi-consolari-e-visti\/servizi-per-il-cittadino-italiano\/sozial-notar-und-schulabteilung-sozial-und-notarabteilung-anerkennung-von-schulabschluessen\/\">Sozialhilfe, Notar und Qualifikationen<\/a><\/li>\n<li><a href=\"https:\/\/consdortmund.esteri.it\/de\/servizi-consolari-e-visti\/servizi-per-il-cittadino-italiano\/sozial-notar-und-schulabteilung-sozial-und-notarabteilung-anerkennung-von-schulabschluessen\/italienische-steuernummer\/\">Steuernummer<\/a><\/li>\n<li><a href=\"https:\/\/consdortmund.esteri.it\/de\/servizi-consolari-e-visti\/servizi-per-il-cittadino-italiano\/vertretungsorgane-der-italiener-im-ausland\/\">Vertretungsorgane der Italiener im Ausland<\/a><\/li>\n<li><a href=\"https:\/\/consdortmund.esteri.it\/de\/servizi-consolari-e-visti\/servizi-per-il-cittadino-italiano\/formulare\/\">Formulare<\/a><\/li>\n<li><a href=\"https:\/\/consdortmund.esteri.it\/de\/servizi-consolari-e-visti\/servizi-per-il-cittadino-italiano\/verzeichnis-der-italienischsprachigen-dienstleister\/\">Verzeichnis der Italienischsprachigen Dienstleister\u00a0<\/a><\/li>\n<li><a href=\"https:\/\/consdortmund.esteri.it\/de\/servizi-consolari-e-visti\/servizi-per-il-cittadino-italiano\/wie-man-fuer-konsularische-dienstleistungen-bezahlt\/\">Wie man f\u00fcr konsularische Dienstleistungen bezahlt<\/a><\/li>\n<li><a href=\"https:\/\/consdortmund.esteri.it\/de\/servizi-consolari-e-visti\/servizi-per-il-cittadino-italiano\/wahlen\/\">Wahlen<\/a><\/li>\n<\/ul>\n","protected":false},"excerpt":{"rendered":"In diesem Abschnitt finden Sie die Seiten, die den Dienstleistungen f\u00fcr italienische Staatsb\u00fcrger gewidmet sind. Meldewesen A.I.R.E. Staatsb\u00fcrgerschaft Reisepass Elektronischer Personalausweis (CIE) Konsularische Dienstleistungen \u00fcber 70 Reise unbegleiteter Minderj\u00e4hrige EU-ETD Standesamt Sozialhilfe, Notar und Qualifikationen Steuernummer Vertretungsorgane der Italiener im Ausland Formulare Verzeichnis der Italienischsprachigen Dienstleister\u00a0 Wie man f\u00fcr konsularische Dienstleistungen bezahlt Wahlen","protected":false},"author":3,"featured_media":0,"parent":36,"menu_order":0,"comment_status":"closed","ping_status":"closed","template":"","meta":{"footnotes":""},"class_list":["post-93","page","type-page","status-publish","hentry"],"_links":{"self":[{"href":"https:\/\/consdortmund.esteri.it\/de\/wp-json\/wp\/v2\/pages\/93","targetHints":{"allow":["GET"]}}],"collection":[{"href":"https:\/\/consdortmund.esteri.it\/de\/wp-json\/wp\/v2\/pages"}],"about":[{"href":"https:\/\/consdortmund.esteri.it\/de\/wp-json\/wp\/v2\/types\/page"}],"author":[{"embeddable":true,"href":"https:\/\/consdortmund.esteri.it\/de\/wp-json\/wp\/v2\/users\/3"}],"replies":[{"embeddable":true,"href":"https:\/\/consdortmund.esteri.it\/de\/wp-json\/wp\/v2\/comments?post=93"}],"version-history":[{"count":6,"href":"https:\/\/consdortmund.esteri.it\/de\/wp-json\/wp\/v2\/pages\/93\/revisions"}],"predecessor-version":[{"id":3169,"href":"https:\/\/consdortmund.esteri.it\/de\/wp-json\/wp\/v2\/pages\/93\/revisions\/3169"}],"up":[{"embeddable":true,"href":"https:\/\/consdortmund.esteri.it\/de\/wp-json\/wp\/v2\/pages\/36"}],"wp:attachment":[{"href":"https:\/\/consdortmund.esteri.it\/de\/wp-json\/wp\/v2\/media?parent=93"}],"curies":[{"name":"wp","href":"https:\/\/api.w.org\/{rel}","templated":true}]}}