{"id":90,"date":"2023-02-20T14:44:05","date_gmt":"2023-02-20T13:44:05","guid":{"rendered":"https:\/\/consdortmund.esteri.it\/italia-e-germania\/diplomazia-culturale\/"},"modified":"2026-03-30T10:58:17","modified_gmt":"2026-03-30T08:58:17","slug":"diplomazia-culturale","status":"publish","type":"page","link":"https:\/\/consdortmund.esteri.it\/de\/italia-e-germania\/diplomazia-culturale\/","title":{"rendered":"Kulturdiplomatie"},"content":{"rendered":"<p>Die Kultur ist ein wesentlicher Bestandteil der italienischen Identit\u00e4t in der Welt und stellt ein materielles und immaterielles Erbe dar, auf das wir zur\u00fcckgreifen k\u00f6nnen, um die Herausforderungen der Gegenwart zu bew\u00e4ltigen. Dazu geh\u00f6ren in vollem Umfang die italienische Sprache als Erbe der Vergangenheit und Br\u00fccke in die Zukunft sowie die wissenschaftliche Forschung, ein Bereich, in dem unser Land weltweit Spitzenleistungen vorweisen kann.<\/p>\n<p style=\"text-align: justify;\">Die Kulturf\u00f6rderung spielt daher eine grundlegende Rolle in der Au\u00dfenpolitik unseres Landes und ist eines der wichtigsten Instrumente der Au\u00dfenwirkung.<\/p>\n<p><img loading=\"lazy\" decoding=\"async\" class=\"aligncenter\" src=\"https:\/\/www.esteri.it\/wp-content\/uploads\/2022\/07\/LaCittaIdeale.jpg\" alt=\"Cultura\" width=\"743\" height=\"188\" \/><\/p>\n<p>Weitere Informationen zu kulturellen Themen wie den Italienischen Kulturinstituten, der F\u00f6rderung der italienischen Sprache, der Internationalisierung des italienischen Hochschulsystems und den internationalen Organisationen im Kulturbereich finden Sie auf der offiziellen Website des Ministeriums f\u00fcr ausw\u00e4rtige Angelegenheiten und internationale Zusammenarbeit unter folgendem Link: <a href=\"https:\/\/www.esteri.it\/it\/diplomazia-culturale-e-diplomazia-scientifica\/cultura\/\">Diplomazia Culturale \u2013 Ministero degli Affari Esteri e della Cooperazione Internazionale<\/a><\/p>\n<p>&nbsp;<\/p>\n","protected":false},"excerpt":{"rendered":"Die Kultur ist ein wesentlicher Bestandteil der italienischen Identit\u00e4t in der Welt und stellt ein materielles und immaterielles Erbe dar, auf das wir zur\u00fcckgreifen k\u00f6nnen, um die Herausforderungen der Gegenwart zu bew\u00e4ltigen. Dazu geh\u00f6ren in vollem Umfang die italienische Sprache als Erbe der Vergangenheit und Br\u00fccke in die Zukunft sowie die wissenschaftliche Forschung, ein Bereich, [&hellip;]","protected":false},"author":3,"featured_media":0,"parent":35,"menu_order":2,"comment_status":"closed","ping_status":"closed","template":"","meta":{"footnotes":""},"class_list":["post-90","page","type-page","status-publish","hentry"],"_links":{"self":[{"href":"https:\/\/consdortmund.esteri.it\/de\/wp-json\/wp\/v2\/pages\/90","targetHints":{"allow":["GET"]}}],"collection":[{"href":"https:\/\/consdortmund.esteri.it\/de\/wp-json\/wp\/v2\/pages"}],"about":[{"href":"https:\/\/consdortmund.esteri.it\/de\/wp-json\/wp\/v2\/types\/page"}],"author":[{"embeddable":true,"href":"https:\/\/consdortmund.esteri.it\/de\/wp-json\/wp\/v2\/users\/3"}],"replies":[{"embeddable":true,"href":"https:\/\/consdortmund.esteri.it\/de\/wp-json\/wp\/v2\/comments?post=90"}],"version-history":[{"count":1,"href":"https:\/\/consdortmund.esteri.it\/de\/wp-json\/wp\/v2\/pages\/90\/revisions"}],"predecessor-version":[{"id":3314,"href":"https:\/\/consdortmund.esteri.it\/de\/wp-json\/wp\/v2\/pages\/90\/revisions\/3314"}],"up":[{"embeddable":true,"href":"https:\/\/consdortmund.esteri.it\/de\/wp-json\/wp\/v2\/pages\/35"}],"wp:attachment":[{"href":"https:\/\/consdortmund.esteri.it\/de\/wp-json\/wp\/v2\/media?parent=90"}],"curies":[{"name":"wp","href":"https:\/\/api.w.org\/{rel}","templated":true}]}}