{"id":88,"date":"2023-02-20T14:43:32","date_gmt":"2023-02-20T13:43:32","guid":{"rendered":"https:\/\/consdortmund.esteri.it\/chi-siamo\/la-rete-consolare\/"},"modified":"2025-11-03T10:03:17","modified_gmt":"2025-11-03T09:03:17","slug":"la-rete-consolare","status":"publish","type":"page","link":"https:\/\/consdortmund.esteri.it\/de\/chi-siamo\/la-rete-consolare\/","title":{"rendered":"Die italienischen Konsulate"},"content":{"rendered":"<p><strong>Liste der italienischen Konsulate in der Bundesrepublik Deutschland:<\/strong><\/p>\n<p><a href=\"https:\/\/ambberlino.esteri.it\/de\/chi-siamo\/la-rete-consolare\/#berlino\"><strong>BERLIN<\/strong>, Konsularkanzlei Italienische Botschaft in Berlin<\/a><br \/>\n<a href=\"https:\/\/ambberlino.esteri.it\/de\/chi-siamo\/la-rete-consolare\/#brema\"><strong>BREMEN<\/strong>, Italienisches Honorarkonsulat<\/a><br \/>\n<a href=\"https:\/\/ambberlino.esteri.it\/de\/chi-siamo\/la-rete-consolare\/#dortmund\"><strong>DORTMUND<\/strong>, Italienisches Konsulat<\/a><br \/>\n<a href=\"https:\/\/ambberlino.esteri.it\/de\/chi-siamo\/la-rete-consolare\/#francoforte\"><strong>FRANKFURT AM MAIN<\/strong>, Italienisches Generalkonsulat<\/a><br \/>\n<a href=\"https:\/\/ambberlino.esteri.it\/de\/chi-siamo\/la-rete-consolare\/#friburgo\"><strong>FREIBURG<\/strong>, Italienisches Konsulat<\/a><br \/>\n<a href=\"https:\/\/ambberlino.esteri.it\/de\/chi-siamo\/la-rete-consolare\/#amburgo\"><strong>HAMBURG<\/strong>, Italienisches Honorarkonsulat<\/a><br \/>\n<a href=\"https:\/\/ambberlino.esteri.it\/de\/chi-siamo\/la-rete-consolare\/#hamm\"><strong>HAMM<\/strong>, Italienisches Honorarkonsulat<\/a><br \/>\n<a href=\"https:\/\/ambberlino.esteri.it\/de\/chi-siamo\/la-rete-consolare\/#hannover\"><strong>HANNOVER<\/strong>, Italienisches Generalkonsulat<\/a><br \/>\n<a href=\"https:\/\/ambberlino.esteri.it\/de\/chi-siamo\/la-rete-consolare\/#kiel\"><strong>KIEL<\/strong>, Italienisches Honorarkonsulat<\/a><br \/>\n<a href=\"https:\/\/ambberlino.esteri.it\/de\/chi-siamo\/la-rete-consolare\/#colonia\"><strong>K\u00d6LN<\/strong>, Italienisches Generalkonsulat<\/a><br \/>\n<a href=\"https:\/\/ambberlino.esteri.it\/de\/chi-siamo\/la-rete-consolare\/#mannheim\"><strong>MANNHEIM<\/strong>, Italienisches Honorarkonsulat<\/a><br \/>\n<a href=\"https:\/\/ambberlino.esteri.it\/de\/chi-siamo\/la-rete-consolare\/#monaco\"><strong>M\u00dcNCHEN<\/strong>, Italienisches Generalkonsulat<\/a><br \/>\n<a href=\"https:\/\/ambberlino.esteri.it\/de\/chi-siamo\/la-rete-consolare\/#norimberga\"><strong>N\u00dcRNBERG<\/strong>, Italienisches Honorarkonsulat<\/a><br \/>\n<a href=\"https:\/\/ambberlino.esteri.it\/de\/chi-siamo\/la-rete-consolare\/#saarbruecken\"><strong>SAARBR\u00dcCKEN<\/strong>, Au\u00dfenstelle des Generalkonsulats Frankfurt<\/a><br \/>\n<a href=\"https:\/\/ambberlino.esteri.it\/de\/chi-siamo\/la-rete-consolare\/#stoccarda\"><strong>STUTTGART<\/strong>, Italienisches Generalkonsulat<\/a><br \/>\n<a href=\"https:\/\/ambberlino.esteri.it\/de\/chi-siamo\/la-rete-consolare\/#wolfsburg\"><strong>WOLFSBURG<\/strong>, Italienische Konsularagentur<\/a><\/p>\n<p><a href=\"https:\/\/serviziconsolari.esteri.it\/ScoFE\/services\/consulate\/find-consulate.sco\" target=\"_blank\" rel=\"noopener\"><strong>&gt; Suche nach dem zust\u00e4ndigen Konsulat<\/strong><\/a><\/p>\n<p><span id=\"berlino\"><a name=\"ItalienischeBotschaftinBerlinKonsularkanzlei\"><\/a><strong>Konsularkanzlei der Italienischen Botschaft BERLIN<\/strong><\/span><br \/>\nLeiterin der Konsularkanzlei: Flavia FRATONI<br \/>\nHildebrandstra\u00dfe 1<br \/>\n10785 Berlin<br \/>\nTel.: +49 (0)30 25440-0<br \/>\nFax: +49 (0)30 25440-189<br \/>\nE-Mail:\u00a0<a href=\"mailto:consolare.berlino@esteri.it\">consolare.berlino@esteri.it<br \/>\n<\/a>Webseite: <a href=\"https:\/\/ambberlino.esteri.it\/de\/servizi-consolari-e-visti\/\">https:\/\/ambberlino.esteri.it\/de\/servizi-consolari-e-visti\/<\/a><\/p>\n<p>\u00d6ffnungszeiten:<br \/>\nMontags und freitags: 08.30 \u2013 12.30 Uhr<br \/>\nDienstags: 08.30 \u2013 10.30 Uhr<br \/>\nMittwochs und donnerstags: 13.00 \u2013 17.00 Uhr<br \/>\n<strong>Konsularbezirk<\/strong>: Berlin, Brandenburg, Sachsen, Sachsen-Anhalt und Th\u00fcringen<\/p>\n<p>\u00d6ffnungzeiten:<br \/>\nMontag \u2013 Freitag: 09.00 \u2013 12.30 Uhr nur nach Vereinbarung<\/p>\n<p><span id=\"brema\"><a name=\"ItalienischesHonorarkonsulatBREMEN\"><\/a><strong>Italienisches Honorarkonsulat BREMEN<\/strong><\/span><br \/>\nHonorarkonsul: Marco Romed FUCHS<br \/>\nManfred-Fuchs-Platz 2-4<br \/>\n28359 Bremen<br \/>\nTel.: +49 (0)421 2020-9739\/-7222<br \/>\nFax: +49 (0)421 2020-700<br \/>\nE-mail:\u00a0<a href=\"mailto:brema.onorario@esteri.itWebseite:%20www.consolato-onorario-brema.de\">brema.onorario@esteri.it<\/a><a href=\"mailto:brema.onorario@esteri.itWebseite:%20www.consolato-onorario-brema.de\"><br \/>\nWebseite:\u00a0<\/a><a title=\"www.consolato-onorario-brema.de\" href=\"http:\/\/www.consolato-onorario-brema.de\/\" target=\"_blank\" rel=\"noopener\">www.consolato-onorario-brema.de<\/a><\/p>\n<p>\u00d6ffnungszeiten:<br \/>\nMontag \u2013 Freitag: 09.00 \u2013 12.30 Uhr; nachmittags nur mit Termin<br \/>\n<strong>Konsularbezirk<\/strong>: Bremen und Bremerhaven<\/p>\n<p><span id=\"dortmund\"><a name=\"ItalienischesKonsulatDORTMUND\"><\/a><strong>Italienisches Konsulat DORTMUND<\/strong><\/span><br \/>\nKonsul: Alice Joy COX<br \/>\nG\u00f6benstra\u00dfe 14<br \/>\n44135 Dortmund<br \/>\nTel.: +49 (0)231 57796-11<br \/>\nFax: +49 (0)231 57796-42<br \/>\nE-Mail:\u00a0<a href=\"mailto:segreteria.dortmund@esteri.it\">segreteria.dortmund@esteri.it<\/a><br \/>\nWebseite:\u00a0<a href=\"https:\/\/ambberlino.esteri.it\/de\/servizi-consolari-e-visti\/\" target=\"_blank\" rel=\"noopener\">https:\/\/<\/a><a href=\"https:\/\/consdortmund.esteri.it\/\" target=\"_blank\" rel=\"noopener\">consdortmund.steri.it<\/a><\/p>\n<p>\u00d6ffnungszeiten:<br \/>\nMontag, Dienstag, Donnerstag, Freitag: 09.00 \u2013 12.30 Uhr<br \/>\nMttwoch: 14.30 -17.30 Uhr<br \/>\n<strong>Konsularbezirk<\/strong>: M\u00fcnster, Detmold und Arnsberg im Land Nordrhein-Westfalen mit Ausnahme der Landkreise Olpe und Siegen-Wittgenstein<\/p>\n<p><a name=\"ItalienischesHonorarkonsulatDRESDEN\"><\/a><span id=\"francoforte\"><strong>Italienisches Generalkonsulat FRANKFURT AM MAIN<\/strong><\/span><br \/>\nGeneralkonsul: Massimo DARCHINI<br \/>\nDanziger Platz 12<br \/>\n60314 Frankfurt am Main<br \/>\nTel.: +49 (0)69 75310<br \/>\nFax: +49 (0)69 7531104<br \/>\nE-Mail:\u00a0<a href=\"mailto:segreteria.francoforte@esteri.it\">segreteria.francoforte@esteri.it<\/a><br \/>\nWebseite: <a href=\"https:\/\/ambberlino.esteri.it\/de\/servizi-consolari-e-visti\/\" target=\"_blank\" rel=\"noopener\">https:\/\/<\/a><a href=\"https:\/\/consfrancoforte.esteri.it\/\" target=\"_blank\" rel=\"noopener\">consfrancoforte.esteri.it<\/a><\/p>\n<p>\u00d6ffnungszeiten:<br \/>\nMontag \u2013 Freitag: 09.00 \u2013 12.30 Uhr<br \/>\nMittwoch: 14.30 \u2013 17.00 Uhr<br \/>\n<strong>Konsularbezirk<\/strong>: L\u00e4nder Hessen, Rheinland-Pfalz und Saarland, sowie der Regierungsbezirk Unterfranken in Bayern<\/p>\n<p><span id=\"friburgo\"><a name=\"ItalienischesKonsulatFREIBURGimBREISGAU\"><\/a><strong>Italienisches Konsulat FREIBURG im BREISGAU<\/strong><\/span><br \/>\nKonsul: Pietro FALCONE<br \/>\nAugustinerplatz 2<br \/>\n79098 Freiburg im Breisgau<br \/>\nTel.: +49 (0)761 386610<br \/>\nFax: +49 (0)761 3866161<br \/>\nE-Mail:\u00a0<a href=\"mailto:consolato.friburgo@esteri.it\">cons.friburgo@esteri.it<\/a><br \/>\nHomepage: <a href=\"https:\/\/ambberlino.esteri.it\/de\/servizi-consolari-e-visti\/\" target=\"_blank\" rel=\"noopener\">https:\/\/<\/a><a href=\"https:\/\/consfriburgo.esteri.it\/\" target=\"_blank\" rel=\"noopener\">consfriburgo.esteri.it<\/a><\/p>\n<p>\u00d6ffnungszeiten:<br \/>\nMontag, Dienstag, Donnerstag, Freitag: 09.00 \u2013 12.15 Uhr<br \/>\nMontag, Mittwoch: 14.00 \u2013 17.00 Uhr<br \/>\nMittwoch: 09.00 \u2013 09.45 reserviert f\u00fcr Behinderte und Over 65<br \/>\n<strong>Konsularbezirk<\/strong>: Freiburg, Ortenauskreis, Rottweil, Emmendingen, Tuttlingen, Schwarzwald-Baar, Breisgau-Hochschwarzwald, Konstanz, L\u00f6rrach, Waldshut<\/p>\n<p><span id=\"amburgo\"><a name=\"ItalienischesHonorarkonsulatHAMBURG\"><\/a><strong>Italienisches Honorarkonsulat HAMBURG<\/strong><\/span><br \/>\nHonorarkonsul: Anton Andreas R\u00d6SSNER<br \/>\nLokstedter Weg 24<br \/>\n20251 Hamburg<br \/>\nTel.: +49 (0)40 444-05044<br \/>\nFax: +49 (0)40 444-05045<br \/>\nE-mail:\u00a0<a href=\"mailto:amburgo.onorario@esteri.it\">amburgo.onorario@esteri.it<\/a>;\u00a0<a>info@consolato-amburgo.de<\/a><br \/>\nWebseite:\u00a0<a href=\"http:\/\/www.consolato-amburgo.de\/\" target=\"_blank\" rel=\"noopener\">www.consolato-amburgo.de<\/a><\/p>\n<p><span id=\"hamm\"><strong><a name=\"HAMM\"><\/a>Italienisches Honorarkonsulat HAMM<\/strong><\/span><br \/>\nHonorarkonsul: Markus KREUZ<br \/>\nc\/o Stadt Hamm<br \/>\nTheodor-Heuss-Platz 16<br \/>\nRathaus Altbau, 2. Etage, Raum 223<br \/>\n59065 Hamm<br \/>\nT +49 (0)2381 173050<br \/>\nF +49 (0)2381 172964<br \/>\nE-mail:\u00a0<a href=\"mailto:hamm.onorario@esteri.it\">hamm.onorario@esteri.it<\/a><\/p>\n<p><a>\u00d6ffnungszeiten:<br \/>\nMontag, Mittwoch, Donnerstag: 09.00 \u2013 12.00 Uhr (nur nach Vereinbarung)<br \/>\n<\/a><strong>Konsularbezirk<\/strong>: Stadt Hamm, M\u00fcnster, Bielefeld, Hochsauerland, Soest, Steinfurt, Coesfeld, Warendorf und Detmold<\/p>\n<p><span id=\"hannover\"><a name=\"ItalienischesGeneralkonsulatHANNOVER\"><\/a><strong>Italienisches Generalkonsulat HANNOVER<\/strong><\/span><br \/>\nGeneralkonsul: David MICHELUT<br \/>\nFreundallee 27<br \/>\n30173 Hannover<br \/>\nTel.: +49 (0)511 28379 0<br \/>\nFax: +49 (0)511 28379 38<br \/>\nE-Mail:\u00a0<a href=\"mailto:segreteria.hannover@esteri.it\">segreteria.hannover@esteri.it<\/a><br \/>\nWebseite: <a href=\"https:\/\/ambberlino.esteri.it\/de\/servizi-consolari-e-visti\/\" target=\"_blank\" rel=\"noopener\">https:\/\/<\/a><a href=\"https:\/\/conshannover.esteri.it\/\" target=\"_blank\" rel=\"noopener\">conshannover.esteri.it<\/a><\/p>\n<p>\u00d6ffnungszeiten:<br \/>\nMontag: 15.000 \u2013 17.00 Uhr<br \/>\nDienstag, Donnerstag, Freitag: 09.00 \u2013 12.00 Uhr<br \/>\nMittwoch: 09.00 \u2013 13.00 und 15.00 \u2013 17.00 Uhr<br \/>\n<strong>Konsularbezirk<\/strong>: Niedersachsen, Hamburg, Bremen, Schleswig-Holstein, Mecklenburg-Vorpommern<\/p>\n<p><span id=\"kiel\"><a name=\"ItalienischesHonorarkonsulatKIEL\"><\/a><strong>I<\/strong><strong>talienisches Honorarkonsulat KIEL<\/strong><\/span><br \/>\nHonorarkonsul: Karsten MEYER<br \/>\nWilhelmplatz 2A (Hinterhaus\/Hof I, 1. Stock)<br \/>\n24116 Kiel<br \/>\nTel.: +49 (0)431 56038573<br \/>\nFax: +49 (0)431 561070<br \/>\nE-mail:\u00a0<a href=\"mailto:consolato_onorario_kiel@yahoo.it\">consolato_onorario_kiel@yahoo.it<\/a><br \/>\nWebseite:\u00a0<a href=\"http:\/\/www.konsulat-kiel.de\/\" target=\"_blank\" rel=\"noopener\">www.konsulat-kiel.de<\/a><\/p>\n<p>\u00d6ffnungszeiten:<br \/>\nMittwoch: 10.00-12.00 und 15.00-17.00 Uhr, oder nach Vereinbarung<br \/>\n<strong>Konsularbezirk<\/strong>: Land Schleswig-Holstein<\/p>\n<p><span id=\"colonia\"><strong>Italienisches Generalkonsulat K\u00d6LN<\/strong><\/span><br \/>\nGeneralkonsul: Massimo CIPOLLETTI<br \/>\nUniversit\u00e4tsstra\u00dfe 81<br \/>\n50931 K\u00f6ln<br \/>\nTel.: +49 (0)221 40087-24 (Vormittag), -23 (Nachmittag)<br \/>\nFax: +49 (0)221 4060350<br \/>\nE-Mail:\u00a0<a href=\"mailto:info.colonia@esteri.it\">info.colonia@esteri.it<\/a><br \/>\nHomepage: <a href=\"https:\/\/ambberlino.esteri.it\/de\/servizi-consolari-e-visti\/\" target=\"_blank\" rel=\"noopener\">https:\/\/<\/a><a href=\"https:\/\/conscolonia.esteri.it\/\" target=\"_blank\" rel=\"noopener\">conscolonia.esteri.it<\/a><\/p>\n<p>\u00d6ffnungszeiten:<br \/>\nMontag \u2013 Freitag: 08.30 \u2013 12.30 Uhr<br \/>\nMittwoch: 08.30 \u2013 12.30 und 15.00 \u2013 17.30 Uhr<br \/>\n<strong>Konsularbezirk<\/strong>: K\u00f6ln, D\u00fcsseldorf und Arnsberg (davon nur die Landkreise Olpe und Siegen-Wittgenstein) in Nordrhein-Westfalen<\/p>\n<p><span id=\"mannheim\"><a name=\"ItalienischesHonorarkonsulatMannheim\"><\/a><strong>Italienisches Honorarkonsulat MANNHEIM<\/strong><\/span><br \/>\nHonorarkonsul: Dr. J\u00fcrgen K\u00dcTEMEYER<br \/>\nc\/o m:con \u2013 mannheim:congress GmbH<br \/>\nRosengartenplatz 2<br \/>\n68161 Mannheim<br \/>\nTel.: +49 (0)621 33840 225<br \/>\nE-mail:\u00a0<a href=\"mailto:mannheim.onorario@esteri.it\">mannheim.onorario@esteri.it<\/a><br \/>\nWebseite:\u00a0<a href=\"http:\/\/www.consolato-onorario-mannheim.de\/\" target=\"_blank\" rel=\"noopener\">www.consolato-onorario-mannheim.de<\/a><\/p>\n<p>\u00d6ffnungszeiten:<br \/>\nMittwoch: 14.00 \u2013 17.00 Uhr nur nach Vereinbarung<br \/>\n<strong>Konsularbezirk<\/strong>: Stadt Mannheim<\/p>\n<p><span id=\"monaco\"><a name=\"ItalienischesGeneralkonsulatMueNCHEN\"><\/a><strong>Italienisches Generalkonsulat M\u00dcNCHEN<\/strong><\/span><br \/>\nGeneralkonsul: Sergio MAFFETTONE<br \/>\nM\u00f6hlstra\u00dfe 3<br \/>\n81675 M\u00fcnchen<br \/>\nTel.: +49 (0)89 4180030<br \/>\nE-Mail:\u00a0<a href=\"mailto:italcons.monacobaviera@esteri.it\">italcons.monacobaviera@esteri.it<\/a><br \/>\nWebseite: <a href=\"https:\/\/ambberlino.esteri.it\/de\/servizi-consolari-e-visti\/\">https:\/\/<\/a><a href=\"https:\/\/consmonacodibaviera.esteri.it\/\" target=\"_blank\" rel=\"noopener\">consmonacodibaviera.esteri.it<\/a><\/p>\n<p>\u00d6ffnungszeiten:<br \/>\nMontag, Mittwoch: 09.00 \u2013 13.00 Uhr<br \/>\nDienstag, Donnerstag: 09.00 \u2013 12.00 Uhr und 13.30 \u2013 16.00 Uhr<br \/>\nFreitag: 09.00 \u2013 12.30<br \/>\n<strong>Konsularbezirk<\/strong>: Freistaat Bayern,\u00a0 ausgenommen Unterfranken<\/p>\n<p><span id=\"norimberga\"><a name=\"ItalienischesHonorarkonsulatNueRNBERG\"><\/a><strong>Italienisches Honorarkonsulat N\u00dcRNBERG<\/strong><\/span><br \/>\nHonorarkonsul: Wolfgang Ferdinand KREUZER<br \/>\nLorenzer Platz 3<br \/>\n90402\u00a0N\u00fcrnberg<br \/>\nTel.: +49 (0)911 2022239<br \/>\nFax: +49 (0)911 2022107<br \/>\nE-mail:\u00a0<a href=\"mailto:norimberga.onorario@esteri.it\">norimberga.onorario@esteri.it<\/a><\/p>\n<p>\u00d6ffnungszeiten:<br \/>\nFreitag: 14.00 \u2013 17.00 Uhr<\/p>\n<p><span id=\"saarbruecken\"><a name=\"aussenstellesaarbruecken\"><\/a><strong>Au\u00dfenstelle des Generalkonsulats Frankfurt in SAARBR\u00dcCKEN\u00a0<\/strong><\/span><br \/>\nAm Ludwigsplatz 7<br \/>\n66117 Saarbr\u00fccken (D)<br \/>\nTel.: +49 (0) 0681 9256-6666)<br \/>\nE-mail:\u00a0<a href=\"mailto:sportello.saar@esteri.it\">sportello.saar@esteri.it<\/a><br \/>\nSito web: <a href=\"https:\/\/consfrancoforte.esteri.it\/de\/chi-siamo\/gli-uffici\/sportello-consolare-a-saarbrucken\/\" target=\"_blank\" rel=\"noopener\">https:\/\/consfrancoforte.esteri.it\/de\/chi-siamo\/gli-uffici\/sportello-consolare-a-saarbrucken\/<\/a><\/p>\n<p>\u00d6ffnungszeiten (nur nach Vereinbarung):<br \/>\nMontag \u2013 freitags: 10.00 \u2013 12.00 Uhr<br \/>\nMittwoch: 14.00 \u2013 16.00 Uhr<br \/>\n<strong>Konsularbezirk<\/strong>: Saarland<\/p>\n<p><span id=\"stoccarda\"><a name=\"ItalienischesGeneralkonsulatSTUTTGART\"><\/a><strong>Italienisches Generalkonsulat STUTTGART<\/strong><\/span><br \/>\nGeneralkonsul: Laura LAMIA<br \/>\nLenzhalde 46<br \/>\n70192 Stuttgart<br \/>\nTel.: +49 (0)711 2563-265<br \/>\nFax: +49 (0)711 2563136<br \/>\nE-Mail:\u00a0<a href=\"mailto:consolato.stoccarda@esteri.it\">consolato.stoccarda@esteri.it<\/a><br \/>\nWebseite: <a href=\"https:\/\/ambberlino.esteri.it\/de\/servizi-consolari-e-visti\/\" target=\"_blank\" rel=\"noopener\">https:\/\/<\/a><a href=\"https:\/\/consstoccarda.esteri.it\/\" target=\"_blank\" rel=\"noopener\">consstoccarda.esteri.it<\/a><\/p>\n<p>\u00d6ffnungszeiten:<br \/>\nMontag \u2013 Freitag: 09.00 \u2013 12.30 Uhr<br \/>\nDonnerstag: 14.00 \u2013 17.00<br \/>\n<strong>Konsularbezirk<\/strong>: Baden-W\u00fcrttemberg, ausgenommen Freiburg im Breisgau<\/p>\n<p><span id=\"wolfsburg\"><strong><a name=\"ItalienischeKonnsularagenturWolfsburg\"><\/a>Italienische Konsularagentur WOLFSBURG<br \/>\n<\/strong><\/span>Konsularagent: Chiara FELICELLI<br \/>\nGoethestra\u00dfe 52<br \/>\n38440 Wolfsburg<br \/>\nTel.: +49 (0)5361 600940<br \/>\nFax: +49 (0)5361 6009420<br \/>\nE-Mail:\u00a0<a href=\"mailto:infowolfsburg@esteri.it\">info.wolfsburg@esteri.it<\/a><br \/>\nWebseite: <a href=\"https:\/\/ambberlino.esteri.it\/de\/servizi-consolari-e-visti\/\" target=\"_blank\" rel=\"noopener\">https:\/\/<\/a><a href=\"https:\/\/conswolfsburg.esteri.it\/\" target=\"_blank\" rel=\"noopener\">conswolfsburg.esteri.it<\/a><\/p>\n<p>\u00d6ffnungszeiten:<br \/>\nMontag \u2013 Freitag: 09.00 \u2013 12.00 Uhr<br \/>\nDienstag, Donnerstag: 15.00 \u2013 17.00 Uhr<br \/>\n<strong>Konsularbezirk<\/strong>: Wolfsburg, Gifhorn und Helmstedt im Land Niedersachsen<\/p>\n","protected":false},"excerpt":{"rendered":"Liste der italienischen Konsulate in der Bundesrepublik Deutschland: BERLIN, Konsularkanzlei Italienische Botschaft in Berlin BREMEN, Italienisches Honorarkonsulat DORTMUND, Italienisches Konsulat FRANKFURT AM MAIN, Italienisches Generalkonsulat FREIBURG, Italienisches Konsulat HAMBURG, Italienisches Honorarkonsulat HAMM, Italienisches Honorarkonsulat HANNOVER, Italienisches Generalkonsulat KIEL, Italienisches Honorarkonsulat K\u00d6LN, Italienisches Generalkonsulat MANNHEIM, Italienisches Honorarkonsulat M\u00dcNCHEN, Italienisches Generalkonsulat N\u00dcRNBERG, Italienisches Honorarkonsulat SAARBR\u00dcCKEN, Au\u00dfenstelle des [&hellip;]","protected":false},"author":3,"featured_media":0,"parent":37,"menu_order":10,"comment_status":"closed","ping_status":"closed","template":"","meta":{"footnotes":""},"class_list":["post-88","page","type-page","status-publish","hentry"],"_links":{"self":[{"href":"https:\/\/consdortmund.esteri.it\/de\/wp-json\/wp\/v2\/pages\/88","targetHints":{"allow":["GET"]}}],"collection":[{"href":"https:\/\/consdortmund.esteri.it\/de\/wp-json\/wp\/v2\/pages"}],"about":[{"href":"https:\/\/consdortmund.esteri.it\/de\/wp-json\/wp\/v2\/types\/page"}],"author":[{"embeddable":true,"href":"https:\/\/consdortmund.esteri.it\/de\/wp-json\/wp\/v2\/users\/3"}],"replies":[{"embeddable":true,"href":"https:\/\/consdortmund.esteri.it\/de\/wp-json\/wp\/v2\/comments?post=88"}],"version-history":[{"count":2,"href":"https:\/\/consdortmund.esteri.it\/de\/wp-json\/wp\/v2\/pages\/88\/revisions"}],"predecessor-version":[{"id":2918,"href":"https:\/\/consdortmund.esteri.it\/de\/wp-json\/wp\/v2\/pages\/88\/revisions\/2918"}],"up":[{"embeddable":true,"href":"https:\/\/consdortmund.esteri.it\/de\/wp-json\/wp\/v2\/pages\/37"}],"wp:attachment":[{"href":"https:\/\/consdortmund.esteri.it\/de\/wp-json\/wp\/v2\/media?parent=88"}],"curies":[{"name":"wp","href":"https:\/\/api.w.org\/{rel}","templated":true}]}}