{"id":87,"date":"2023-02-20T14:43:14","date_gmt":"2023-02-20T13:43:14","guid":{"rendered":"https:\/\/consdortmund.esteri.it\/chi-siamo\/numeri-di-emergenza\/"},"modified":"2026-02-02T16:21:27","modified_gmt":"2026-02-02T15:21:27","slug":"numeri-di-emergenza","status":"publish","type":"page","link":"https:\/\/consdortmund.esteri.it\/de\/chi-siamo\/numeri-di-emergenza\/","title":{"rendered":"Notfallnummer"},"content":{"rendered":"<p><strong><u>Mobiltelefon nur f\u00fcr konsularische Notf\u00e4lle<\/u><\/strong><\/p>\n<p><strong><u>\u00a0<\/u><\/strong><\/p>\n<p>Im Falle eines <strong>schweren Unfalls<\/strong> oder anderer <strong>Angelegenheiten, die ein Gesundheitsrisiko oder eine Gefahr f\u00fcr die pers\u00f6nliche Sicherheit italienischer Staatsb\u00fcrger darstellen<\/strong> und ein dringendes Eingreifen des Konsulats in Dortmund erfordern, rufen Sie bitte die folgende Notrufnummer an:<\/p>\n<p>&nbsp;<\/p>\n<p><strong>0049 (0) 171 9335154<\/strong><\/p>\n<p>&nbsp;<\/p>\n<p>Hinweis: Anrufe bei der Notrufnummer zwecks Informationen zu konsularischen Verwaltungsangelegenheiten werden nicht bearbeitet. F\u00fcr solche Anfragen werden die Nutzer gebeten, die entsprechenden Rubriken auf der Website zu konsultieren.<\/p>\n<p>&nbsp;<\/p>\n<p>Erreichbarkeit der Notrufleitung:<\/p>\n<p>&nbsp;<\/p>\n<p>Montag: 16:00 bis 22:00 Uhr<\/p>\n<p>Dienstag: 16:00 bis 22:00 Uhr<\/p>\n<p>Mittwoch: 18:00 bis 22:00 Uhr<\/p>\n<p>Donnerstag: 16:00 bis 22:00 Uhr<\/p>\n<p>Freitag: 14:00 bis 22:00 Uhr<\/p>\n<p>Samstag, Sonntag und an Feiertagen: 08:00 bis 22:00 Uhr<\/p>\n<p>&nbsp;<\/p>\n<p>________<\/p>\n<p>&nbsp;<\/p>\n<p>&nbsp;<\/p>\n<p><strong>Medizinische Notf\u00e4lle und \u00f6ffentliche Sicherheit<\/strong><\/p>\n<p>Um die Beh\u00f6rden f\u00fcr \u00f6ffentliche Sicherheit und den Rettungsdienst in Deutschland zu kontaktieren, gilt die einheitliche Notrufnummer 112, die rund um die Uhr kostenlos erreichbar ist.<\/p>\n<p>&nbsp;<\/p>\n<p>\u00d6ffentliche Einrichtungen leisten medizinische Soforthilfe gegen Vorlage der italienischen Krankenversicherungskarte (TEAM\/EHIC).<\/p>\n<p>&nbsp;<\/p>\n<p><u>N\u00fctzliche Rufnummern:<\/u><\/p>\n<p><u>\u00a0<\/u><\/p>\n<p>Rettungsdienst und Feuerwehr: 112<\/p>\n<p>\u00c4rztlicher Bereitschaftsdienst: 116117<\/p>\n<p>Polizei: 110<\/p>\n<p>&nbsp;<\/p>\n<p>Weisser Ring (Opferhilfe bei Gewalt): 116006<\/p>\n<p>NINA Info-Hotline (Kinderschutz\/Missbrauch): 0800 2255530<\/p>\n<p>________<\/p>\n<p>&nbsp;<\/p>\n<p>In F\u00e4llen ABSOLUTER NOTF\u00c4LLE au\u00dferhalb der B\u00fcrozeiten oder der Erreichbarkeit der Notrufleitung kann der Bereitschaftsdienst des Ministeriums f\u00fcr ausw\u00e4rtige Angelegenheiten und internationale Zusammenarbeit kontaktiert werden: +39 06 3691 2666<\/p>\n<p>&nbsp;<\/p>\n<p>Kriseneinheit (Unit\u00e0 di Crisi): +39 06 36225 (<a href=\"https:\/\/www.esteri.it\/it\/unita_crisi\/\">https:\/\/www.esteri.it\/it\/unita_crisi\/<\/a>)<\/p>\n<p>&nbsp;<\/p>\n<p>________<\/p>\n<p>&nbsp;<\/p>\n<p><strong>EU ETD \u2013 (Emergency Travel Document)<\/strong><\/p>\n<p>Informationen zur Ausstellung eines ETD finden Sie <a href=\"https:\/\/consdortmund.esteri.it\/de\/servizi-consolari-e-visti\/servizi-per-il-cittadino-italiano\/eu-etd\/\"><strong>HIER<\/strong><\/a>.<\/p>\n<p>Im Rahmen ihrer eigenen Gesch\u00e4ftspolitik gestatten einige Fluggesellschaften das Boarding von Passagieren gegen Vorlage der bei der deutschen Polizei erstatteten Verlust- oder Diebstahlsanzeige des Identit\u00e4tsdokuments, sodass kein ETD erforderlich ist. Bitte pr\u00fcfen Sie diese M\u00f6glichkeit direkt bei der jeweiligen Fluggesellschaft.<\/p>\n<p>________<\/p>\n<p>&nbsp;<\/p>\n<p><strong>Finanzielle Unterst\u00fctzung<\/strong><\/p>\n<p>&nbsp;<\/p>\n<p>Finanzielle Unterst\u00fctzung obliegt in erster Linie den Familienangeh\u00f6rigen. \u00dcber Dienste wie Western Union oder MoneyGram k\u00f6nnen diese in Echtzeit Geldbetr\u00e4ge \u00fcberweisen, die der Nutzer unter Vorlage eines Ausweises und eines Codes abheben kann.<\/p>\n<p>Nur subsidi\u00e4r (unterst\u00fctzend) und in besonders schwerwiegenden F\u00e4llen kann das Konsulat kontaktiert werden.<\/p>\n","protected":false},"excerpt":{"rendered":"Mobiltelefon nur f\u00fcr konsularische Notf\u00e4lle \u00a0 Im Falle eines schweren Unfalls oder anderer Angelegenheiten, die ein Gesundheitsrisiko oder eine Gefahr f\u00fcr die pers\u00f6nliche Sicherheit italienischer Staatsb\u00fcrger darstellen und ein dringendes Eingreifen des Konsulats in Dortmund erfordern, rufen Sie bitte die folgende Notrufnummer an: &nbsp; 0049 (0) 171 9335154 &nbsp; Hinweis: Anrufe bei der Notrufnummer zwecks [&hellip;]","protected":false},"author":3,"featured_media":0,"parent":37,"menu_order":8,"comment_status":"closed","ping_status":"closed","template":"","meta":{"footnotes":""},"class_list":["post-87","page","type-page","status-publish","hentry"],"_links":{"self":[{"href":"https:\/\/consdortmund.esteri.it\/de\/wp-json\/wp\/v2\/pages\/87","targetHints":{"allow":["GET"]}}],"collection":[{"href":"https:\/\/consdortmund.esteri.it\/de\/wp-json\/wp\/v2\/pages"}],"about":[{"href":"https:\/\/consdortmund.esteri.it\/de\/wp-json\/wp\/v2\/types\/page"}],"author":[{"embeddable":true,"href":"https:\/\/consdortmund.esteri.it\/de\/wp-json\/wp\/v2\/users\/3"}],"replies":[{"embeddable":true,"href":"https:\/\/consdortmund.esteri.it\/de\/wp-json\/wp\/v2\/comments?post=87"}],"version-history":[{"count":2,"href":"https:\/\/consdortmund.esteri.it\/de\/wp-json\/wp\/v2\/pages\/87\/revisions"}],"predecessor-version":[{"id":3173,"href":"https:\/\/consdortmund.esteri.it\/de\/wp-json\/wp\/v2\/pages\/87\/revisions\/3173"}],"up":[{"embeddable":true,"href":"https:\/\/consdortmund.esteri.it\/de\/wp-json\/wp\/v2\/pages\/37"}],"wp:attachment":[{"href":"https:\/\/consdortmund.esteri.it\/de\/wp-json\/wp\/v2\/media?parent=87"}],"curies":[{"name":"wp","href":"https:\/\/api.w.org\/{rel}","templated":true}]}}