{"id":644,"date":"2023-03-13T11:11:12","date_gmt":"2023-03-13T10:11:12","guid":{"rendered":"https:\/\/consdortmund.esteri.it\/?page_id=644"},"modified":"2023-04-13T15:21:36","modified_gmt":"2023-04-13T13:21:36","slug":"wirtschaftliche-taetigkeit-in-italien","status":"publish","type":"page","link":"https:\/\/consdortmund.esteri.it\/de\/servizi-consolari-e-visti\/servizi-per-il-cittadino-straniero\/wirtschaftliche-taetigkeit-in-italien\/","title":{"rendered":"Wirtschaftliche T\u00e4tigkeit in Italien"},"content":{"rendered":"<h4 style=\"text-align: justify;\">Wirtschaftliche T\u00e4tigkeit in Italien<\/h4>\n<div style=\"text-align: justify;\" tabindex=\"0\" role=\"textbox\" contenteditable=\"true\" aria-multiline=\"true\" aria-disabled=\"false\" aria-labelledby=\"translation-results-heading\">\n<p>Italien ist das sechstgr\u00f6\u00dfte Land im OECD-Raum und das viertgr\u00f6\u00dfte in Europa, gemessen am Wert des Bruttoinlandsprodukts. Die italienische Produktion macht mehr als 13 % des BIP der Europ\u00e4ischen Union aus.<\/p>\n<p>Was die Merkmale seiner Produktionsstruktur betrifft, so ist Italiens Zusammensetzung nach Wirtschaftszweigen \u00e4hnlich wie die der wichtigsten europ\u00e4ischen L\u00e4nder: 27,7 % der Produktion entfallen auf das verarbeitende Gewerbe und das Baugewerbe und fast 70 % auf den Dienstleistungssektor. Innerhalb des letztgenannten Sektors absorbieren Handel, Verkehr und Kommunikation einen h\u00f6heren Anteil des BIP als im Durchschnitt der europ\u00e4ischen L\u00e4nder.<\/p>\n<p>Im Herzen des Mittelmeers gelegen, ist Italien ein wichtiger Knotenpunkt f\u00fcr Stra\u00dfen-, See- und Luftverkehrsverbindungen zwischen Nord- und S\u00fcdeuropa.<\/p>\n<p>Mit fast 60 Millionen Verbrauchern und einem BIP, das an vierter Stelle in Italien steht, bietet der italienische Markt unz\u00e4hlige M\u00f6glichkeiten f\u00fcr expandierende Unternehmen.<\/p>\n<p>Dank seiner strategischen Lage kann Italien die 396 Millionen Verbraucher in den anderen EU-L\u00e4ndern und die 240 Millionen in Nordafrika und im Nahen Osten leicht erreichen.<\/p>\n<p>Mit einem Umsatz von rund 65 Mrd. EUR hat Italien eine f\u00fchrende Position erreicht (11 % Anteil am europ\u00e4ischen Markt).<\/p>\n<p>In Europa steht Italien an erster Stelle der L\u00e4nder mit den niedrigsten Gr\u00fcndungskosten f\u00fcr den Biotechnologiesektor und an zweiter Stelle f\u00fcr Produkttests in Forschung und Entwicklung, Chemie und Elektronik.<\/p>\n<\/div>\n<div id=\"target-dummydiv\" class=\"lmt__textarea lmt__textarea_dummydiv\" lang=\"de-DE\" style=\"text-align: justify;\" aria-hidden=\"true\"><\/div>\n<div class=\"lmt__textarea_base_style\" lang=\"de-DE\" style=\"text-align: justify;\" aria-hidden=\"true\">Wirtschaftliche T\u00e4tigkeit in Italien Italien ist das sechstgr\u00f6\u00dfte Land im OECD-Raum und das viertgr\u00f6\u00dfte in Europa, gemessen am Wert des Bruttoinlandsprodukts. Die italienische Produktion macht mehr als 13 % des BIP der Europ\u00e4ischen Union aus.<\/div>\n<div class=\"lmt__textarea_base_style\" lang=\"de-DE\" style=\"text-align: justify;\" aria-hidden=\"true\"><\/div>\n<div lang=\"de-DE\" aria-hidden=\"true\">\n<p><strong>Investitionsm\u00f6glichkeiten<\/strong><\/p>\n<\/div>\n<div lang=\"de-DE\" aria-hidden=\"true\">\n<p style=\"text-align: justify;\"><a href=\"https:\/\/www.invitalia.it\/chi-siamo\/agenzia\">Invitalia<\/a> ist die nationale Agentur f\u00fcr Entwicklung, die dem Wirtschaftsministerium untersteht.<\/p>\n<ul style=\"text-align: justify;\">\n<li>Sie kurbelt das Wirtschaftswachstum des Landes an, konzentriert sich auf strategische Sektoren f\u00fcr Entwicklung und Besch\u00e4ftigung, ist an der Wiederbelebung von Krisengebieten beteiligt und ist haupts\u00e4chlich im S\u00fcden Italiens t\u00e4tig.<\/li>\n<li>Sie verwaltet alle nationalen Anreize, die die Gr\u00fcndung neuer Unternehmen und innovativer Start-ups f\u00f6rdern.<\/li>\n<li>Sie finanziert gro\u00dfe und kleine Projekte, die sich an Unternehmer mit konkreten Entwicklungspl\u00e4nen richten, insbesondere in innovativen Sektoren mit hoher Wertsch\u00f6pfung.<\/li>\n<li>Sie bietet Dienstleistungen f\u00fcr die \u00f6ffentliche Verwaltung an, um die Verwendung von EU- und nationalen Mitteln zu beschleunigen und Kulturg\u00fcter aufzuwerten.<\/li>\n<li>Sie ist eine zentrale Einkaufs- und Auftragsvergabestelle f\u00fcr die Umsetzung strategischer Interventionen in der Region.<\/li>\n<\/ul>\n<\/div>\n<p style=\"text-align: justify;\"><strong>Gesch\u00e4ftsm\u00f6glichkeiten<\/strong><\/p>\n<p>Der erste Schritt f\u00fcr ausl\u00e4ndische Unternehmer ist die Beschaffung von Informationen \u00fcber den italienischen Markt und Gesch\u00e4ftschancen in Italien, wenn sie Investitionsstandorte und \u2013formen in Italien finden wollen. Italtrade bietet direkten Zugang zu allen Informationen \u00fcber den italienischen Markt in der Gesch\u00e4ftssprache des ausl\u00e4ndischen Unternehmers.<\/p>\n<p><strong>Volkswirtschaftliche Rahmenbedingungen<\/strong><\/p>\n<p><strong>Aktuelle Daten \u00fcber die italienische Wirtschaftsentwicklung sind bei den unten aufgef\u00fchrten Quellen zu finden.<\/strong><\/p>\n<p><strong>Banca d\u2019Italia<\/strong><br \/>\nAuf der\u00a0<a href=\"http:\/\/www.bancaditalia.it\/homepage\/index.html?com.dotmarketing.htmlpage.language=1\">Webseite der\u00a0<strong>Banca d&#8217;Italia<\/strong><\/a>\u00a0gibt es einen Link zum Bereich Ver\u00f6ffentlichungen (unter &#8222;pubblicazioni&#8220;). Dar\u00fcber hat man Zugang zu Wirtschafts- und Statistikdiensten und Informationen \u00fcber die W\u00e4hrungspolitik in Italien. Von besonderem Interesse f\u00fcr eine akkurate und aktuelle Analyse des Wirtschaftsumfelds in Italien ist in dieser Rubrik das Wirtschaftsbulletin (Bollettino Economico), das im November und M\u00e4rz jedes Jahres aktualisiert wird.<\/p>\n<p><strong>ISTAT<\/strong><br \/>\nDas\u00a0<a href=\"http:\/\/www.istat.it\/en\/\"><strong>Nationale Statistikinstitut<\/strong><\/a>\u00a0liefert aggregierte Daten zu allen Wirtschaftsindikatoren des Landes.<\/p>\n<p><strong>Eurostat<\/strong><br \/>\nDas\u00a0<a href=\"http:\/\/ec.europa.eu\/eurostat\"><strong>Europ\u00e4ische Statistikinstitut<\/strong><\/a>\u00a0liefert aktuelle Daten zu den wichtigsten Wirtschaftsindikatoren der EU-Staaten.<\/p>\n<p><strong>OECD Countries Italy<\/strong><br \/>\n<a href=\"http:\/\/www.oecd.org\/italy\/\">Internetseite der\u00a0<strong>Organisation f\u00fcr wirtschaftliche Zusammenarbeit und Entwicklung (OECD)<\/strong><\/a>, die sich mit Italien befasst und regelm\u00e4\u00dfig Berichte \u00fcber die Entwicklung des Landes liefert, die von eigenen Analysten erstellt werden.<\/p>\n","protected":false},"excerpt":{"rendered":"Wirtschaftliche T\u00e4tigkeit in Italien Italien ist das sechstgr\u00f6\u00dfte Land im OECD-Raum und das viertgr\u00f6\u00dfte in Europa, gemessen am Wert des Bruttoinlandsprodukts. Die italienische Produktion macht mehr als 13 % des BIP der Europ\u00e4ischen Union aus. Was die Merkmale seiner Produktionsstruktur betrifft, so ist Italiens Zusammensetzung nach Wirtschaftszweigen \u00e4hnlich wie die der wichtigsten europ\u00e4ischen L\u00e4nder: 27,7 [&hellip;]","protected":false},"author":4,"featured_media":0,"parent":94,"menu_order":0,"comment_status":"closed","ping_status":"closed","template":"","meta":{"footnotes":""},"class_list":["post-644","page","type-page","status-publish","hentry"],"_links":{"self":[{"href":"https:\/\/consdortmund.esteri.it\/de\/wp-json\/wp\/v2\/pages\/644","targetHints":{"allow":["GET"]}}],"collection":[{"href":"https:\/\/consdortmund.esteri.it\/de\/wp-json\/wp\/v2\/pages"}],"about":[{"href":"https:\/\/consdortmund.esteri.it\/de\/wp-json\/wp\/v2\/types\/page"}],"author":[{"embeddable":true,"href":"https:\/\/consdortmund.esteri.it\/de\/wp-json\/wp\/v2\/users\/4"}],"replies":[{"embeddable":true,"href":"https:\/\/consdortmund.esteri.it\/de\/wp-json\/wp\/v2\/comments?post=644"}],"version-history":[{"count":0,"href":"https:\/\/consdortmund.esteri.it\/de\/wp-json\/wp\/v2\/pages\/644\/revisions"}],"up":[{"embeddable":true,"href":"https:\/\/consdortmund.esteri.it\/de\/wp-json\/wp\/v2\/pages\/94"}],"wp:attachment":[{"href":"https:\/\/consdortmund.esteri.it\/de\/wp-json\/wp\/v2\/media?parent=644"}],"curies":[{"name":"wp","href":"https:\/\/api.w.org\/{rel}","templated":true}]}}