{"id":436,"date":"2023-03-09T11:46:13","date_gmt":"2023-03-09T10:46:13","guid":{"rendered":"https:\/\/consdortmund.esteri.it\/?page_id=436"},"modified":"2026-03-23T14:46:20","modified_gmt":"2026-03-23T13:46:20","slug":"verzeichnis-der-italienischsprachigen-dienstleister","status":"publish","type":"page","link":"https:\/\/consdortmund.esteri.it\/de\/servizi-consolari-e-visti\/servizi-per-il-cittadino-italiano\/verzeichnis-der-italienischsprachigen-dienstleister\/","title":{"rendered":"Verzeichnis der Italienischsprachigen Dienstleister"},"content":{"rendered":"<ul>\n<li><a href=\"https:\/\/consdortmund.esteri.it\/wp-content\/uploads\/2026\/02\/ELENCOTRADUTTORI_18.02.26.pdf\">Verzeichnis der <strong>erm\u00e4chtigten \u00dcbersetzer<\/strong> mit hinterlegter Unterschrift beim Konsulat<\/a><\/li>\n<li><a href=\"https:\/\/consdortmund.esteri.it\/wp-content\/uploads\/2025\/08\/Elenco-Avvocati_.pdf\">Verzeichnis der italienischsprachigen <strong>Rechtsanw\u00e4lte<\/strong><\/a><\/li>\n<li><a href=\"https:\/\/consdortmund.esteri.it\/wp-content\/uploads\/2024\/09\/lista-notai_.pdf\">Verzeichnis der italienischsprachigen <strong>Notare<\/strong><\/a><\/li>\n<li><a href=\"https:\/\/consdortmund.esteri.it\/wp-content\/uploads\/2026\/03\/ELENCO-DI-MEDICI-CON-CONOSCENZA-DELLA-LINGUA-ITALIANA-NELLA-CIRCOSCRIZIONE-CONSOLARE-DI-DORTMUND.pdf\">Verzeichnis der italienischsprachigen<strong> \u00c4rzte<\/strong><\/a><\/li>\n<\/ul>\n","protected":false},"excerpt":{"rendered":"Verzeichnis der erm\u00e4chtigten \u00dcbersetzer mit hinterlegter Unterschrift beim Konsulat Verzeichnis der italienischsprachigen Rechtsanw\u00e4lte Verzeichnis der italienischsprachigen Notare Verzeichnis der italienischsprachigen \u00c4rzte","protected":false},"author":4,"featured_media":0,"parent":93,"menu_order":15,"comment_status":"closed","ping_status":"closed","template":"","meta":{"footnotes":""},"class_list":["post-436","page","type-page","status-publish","hentry"],"_links":{"self":[{"href":"https:\/\/consdortmund.esteri.it\/de\/wp-json\/wp\/v2\/pages\/436","targetHints":{"allow":["GET"]}}],"collection":[{"href":"https:\/\/consdortmund.esteri.it\/de\/wp-json\/wp\/v2\/pages"}],"about":[{"href":"https:\/\/consdortmund.esteri.it\/de\/wp-json\/wp\/v2\/types\/page"}],"author":[{"embeddable":true,"href":"https:\/\/consdortmund.esteri.it\/de\/wp-json\/wp\/v2\/users\/4"}],"replies":[{"embeddable":true,"href":"https:\/\/consdortmund.esteri.it\/de\/wp-json\/wp\/v2\/comments?post=436"}],"version-history":[{"count":6,"href":"https:\/\/consdortmund.esteri.it\/de\/wp-json\/wp\/v2\/pages\/436\/revisions"}],"predecessor-version":[{"id":3310,"href":"https:\/\/consdortmund.esteri.it\/de\/wp-json\/wp\/v2\/pages\/436\/revisions\/3310"}],"up":[{"embeddable":true,"href":"https:\/\/consdortmund.esteri.it\/de\/wp-json\/wp\/v2\/pages\/93"}],"wp:attachment":[{"href":"https:\/\/consdortmund.esteri.it\/de\/wp-json\/wp\/v2\/media?parent=436"}],"curies":[{"name":"wp","href":"https:\/\/api.w.org\/{rel}","templated":true}]}}