{"id":432,"date":"2023-03-09T11:42:47","date_gmt":"2023-03-09T10:42:47","guid":{"rendered":"https:\/\/consdortmund.esteri.it\/?page_id=432"},"modified":"2026-01-30T12:01:52","modified_gmt":"2026-01-30T11:01:52","slug":"standesamtliche-eheschliessung-in-deutschland","status":"publish","type":"page","link":"https:\/\/consdortmund.esteri.it\/de\/servizi-consolari-e-visti\/servizi-per-il-cittadino-italiano\/standesamt\/standesamtliche-eheschliessung-in-deutschland\/","title":{"rendered":"Standesamtliche Eheschliessung in Deutschland"},"content":{"rendered":"<p style=\"text-align: justify;\">Italienische Staatsb\u00fcrger, die eine Eheschlie\u00dfung vor einem deutschen Standesbeamten w\u00fcnschen, m\u00fcssen den ausl\u00e4ndischen Beh\u00f6rden, ein vom Konsulat ausgestelltes Ehef\u00e4higkeitszeugnis vorlegen (Konsulatsgeb\u00fchr \u20ac 6,00 &#8211; G\u00fcltigkeitsdauer 6 Monate ab Ausstellungsdatum).<\/p>\n<p style=\"text-align: justify;\">Zur Beantragung m\u00fcssen die, ordnungsgem\u00e4\u00df im Register A.I.R.E. dieses Konsulats eingeschriebenen Verlobten mit italienischer Staatsangeh\u00f6rigkeit, die auf die jeweilige Lebenssituation bezogene Dokumentation per Post &#8211;\u00a0<strong>zusammen mit einem ausreichend frankiert Briefumschlag mit Angabe der Adresse f\u00fcr die Zusendung des\u00a0Ehef\u00e4higkeitszeugnisses<\/strong>\u00a0&#8211;\u00a0 wie unter den Punkten A,B und C aufgef\u00fchrt.<\/p>\n<p style=\"text-align: justify;\">Zur Ausstellung der Bescheinigung ist die Summe von \u20ac 6,00 auf das folgende Bankkonto zu \u00fcberweisen, unter Angabe des Verwendungszwecks: \u201eVorname, Nachname, Geburtsdatum, Ehef\u00e4higkeitszeugnis\u201c<\/p>\n<ul style=\"text-align: justify;\">\n<li>Kontoinhaber: Italienisches Konsulat<\/li>\n<li>IBAN: DE88440700240377266201<\/li>\n<li>BIC\/SWIFT-Code: DEUTDEDB440<\/li>\n<li>Bankinstitut: Deutsche Bank<\/li>\n<\/ul>\n<p style=\"text-align: justify;\"><strong>!ACHTUNG! Falls beide Verlobte italienische Staatsb\u00fcrger sind, wird nur ein Ehef\u00e4higkeitszeugnis ausgestellt! In diesem Fall den Betrag bitte NUR EINMAL \u00fcberweisen!<\/strong><\/p>\n<p style=\"text-align: justify;\"><strong>Verlobte mit ausl\u00e4ndischer Staatsangeh\u00f6rigkeit m\u00fcssen in jedem Fall die untenstehenden Dokumente vorlegen.<\/strong><\/p>\n<p style=\"text-align: justify;\">Die Ausstellung der Bescheinigung erfolgt nur nach sorgf\u00e4ltiger Pr\u00fcfung (Art. 71 DPR 445\/2000). Eventuell sind auf Anfrage des Konsulats weitere Dokumente vorzulegen. Zeit und Modalit\u00e4ten der Bearbeitung beziehen sich auf die g\u00fcltigen Gesetzesvorgaben (Art. 2, Gesetz 241\/1990). Daher wird ausdr\u00fccklich darum gebeten, das Antragsformular, in allen Teilen sorgf\u00e4ltig ausgef\u00fcllt und einschlie\u00dflich der erforderlichen Dokumentation, m\u00f6glichst fr\u00fchzeitig einzureichen.<\/p>\n<p style=\"text-align: justify;\"><strong>FALL A: falls beide Verlobte in Deutschland wohnhafte, im AIRE eingetragene italienische Staatsb\u00fcrger sind:<\/strong><\/p>\n<p style=\"text-align: justify;\">1)\u00a0<a href=\"https:\/\/consdortmund.esteri.it\/wp-content\/uploads\/2023\/04\/richiesta_certificato_capacita_matrimoniale_italiano-italiano.pdf\"><strong>Modell \/Antragsformular<\/strong><\/a>\u00a0f\u00fcr das Ehef\u00e4higkeitszeugnis, von beiden Verlobten unterzeichnet;<\/p>\n<p style=\"text-align: justify;\">2)\u00a0<strong>Kopie der erweiterten Meldebescheinigung<\/strong>\u00a0mit Angaben zu Staatsangeh\u00f6rigkeit, Meldeanschrift und Personenstand, ausgestellt von der deutschen Wohngemeinde;<\/p>\n<p style=\"text-align: justify;\">3)\u00a0<strong>Kopie eines g\u00fcltigen Ausweisdokuments<\/strong>\u00a0(Pass oder Personalausweis\/Carta d\u2019Identit\u00e0). NUR FOTOKOPIEN &#8211; KEINE ORIGINALE;<\/p>\n<p style=\"text-align: justify;\">4)\u00a0<strong>Ausdruck der Bank\u00fcberweisung<\/strong>, siehe oben.<\/p>\n<p style=\"text-align: justify;\">Es wird darauf hingewiesen, dass deutsche Beh\u00f6rden, von italienischen Staatsb\u00fcrgern die in Italien geboren sind, eine internationale (mehrsprachige) Geburtsurkunde der italienischen Geburtsgemeinde verlangen. Falls diese schon vorliegt, kann mit der restlichen Dokumentation eine KOPIE dieser internationalen Geburtsurkunde eingereicht werden um den Vorgang zu beschleunigen.<\/p>\n<p style=\"text-align: justify;\">F\u00fcr k\u00fcrzlich im A.I.R.E. eingetragene Staatsb\u00fcrger beh\u00e4lt sich das Konsulat vor, bei der italienischen Heimatgemeinde eine\u00a0<strong>Sammelbescheinigung \u00fcber Staatsangeh\u00f6rigkeit, Wohnsitz und Ledigkeit zu beantragen.<\/strong><\/p>\n<p style=\"text-align: justify;\">Zus\u00e4tzlich:<\/p>\n<p style=\"text-align: justify;\">&#8211;\u00a0<strong>Bei Geschiedenen:<\/strong><\/p>\n<p style=\"text-align: justify;\">Kopie des rechtskr\u00e4ftigen Scheidungsurteils (das Konsulat \u00fcberpr\u00fcft bei ausl\u00e4ndischen Scheidungsurteilen die erfolgte Registrierung in Italien).<\/p>\n<p style=\"text-align: justify;\">Falls das Scheidungsurteil noch nicht in Italien registriert ist, kann ein EHEF\u00c4HIGKEITSZEUGNIS NICHT AUSGESTELLT werden, in diesem Fall:<\/p>\n<p style=\"text-align: justify;\">1. F\u00fcr in Deutschland ausgestellte Scheidungsurteile ist die vorgegebene Dokumentation einzureichen (link);<\/p>\n<p style=\"text-align: justify;\">2. Bei Scheidungsurteilen eines Drittlandes ist die Registrierung in Italien von der dort zust\u00e4ndigen italienischen Vertretung vorzunehmen, bevor das Ehef\u00e4higkeitszeugnis ausgestellt werden kann.<\/p>\n<p style=\"text-align: justify;\">&#8211;\u00a0<strong>bei Verwitweten<\/strong>\u00a0eines ausl\u00e4ndischen Staatsangeh\u00f6rigen:<\/p>\n<p style=\"text-align: justify;\">1. Sterbeurkunde des verstorbenen ausl\u00e4ndischen Ehepartners.<\/p>\n<p style=\"text-align: justify;\">&#8211;\u00a0<strong>b<\/strong><strong>ei Minderj\u00e4hrigen<\/strong>:<\/p>\n<p style=\"text-align: justify;\">1. Zustimmung des zust\u00e4ndigen italienischen Familiengerichts laut Art. 84 C.C. &#8211; Gesetz vom 19\/05\/1975, Nr. 151<\/p>\n<p style=\"text-align: justify;\"><strong>FALL B: falls einer der Verlobten Deutscher oder Staatsb\u00fcrger eines europ\u00e4ischen Drittstaates ist, muss dieser (zus\u00e4tzlich zu den Unterlagen unter Punkt A) vorlegen:<\/strong><\/p>\n<p style=\"text-align: justify;\">1.\u00a0<a href=\"http:\/\/consdortmund.esteri.it\/consolato_dortmund\/resource\/doc\/2020\/09\/richiesta_certificato_capacita_matrimoniale_italiano-straniero.pdf\"><strong>Modell\/Antragsformular<\/strong><\/a>\u00a0f\u00fcr das Ehef\u00e4higkeitszeugnis, unterzeichnet vom Verlobten mit italienischer Staatsangeh\u00f6rigkeit (link);<\/p>\n<p style=\"text-align: justify;\">2.\u00a0<strong>Kopie der Erweiterten Meldebescheinigung<\/strong>; f\u00fcr nicht in Deutschland lebende EU B\u00fcrger ist die Kopie einer Meldebescheinigung der zust\u00e4ndigen Meldebeh\u00f6rde ausreichend;<\/p>\n<p style=\"text-align: justify;\">3.\u00a0<strong>Kopie des Auszugs aus dem Geburtenregister mit Randvermerken<\/strong>, ausgestellt von der Geburtsgemeinde;<\/p>\n<p style=\"text-align: justify;\">4.\u00a0<strong>Kopie eines Ausweisdokuments<\/strong>\u00a0einschlie\u00dflich Unterzeichnung;<\/p>\n<p style=\"text-align: justify;\">&#8211;\u00a0<strong>nur f\u00fcr B\u00fcrger eines UE Drittstaates<\/strong><\/p>\n<p style=\"text-align: justify;\">5.\u00a0<strong>Kopie der Ledigkeitsbescheinigung und Ehef\u00e4higkeitszeugnis<\/strong>, ausgestellt von der zust\u00e4ndigen Beh\u00f6rde (Botschaft oder Konsulat) des Ursprungsstaates;<\/p>\n<p style=\"text-align: justify;\"><strong>Bei Geschiedenen<\/strong><\/p>\n<p style=\"text-align: justify;\">6. Bei\u00a0<strong>nicht in Italien ausgesprochenem Scheidungsurteil<\/strong>: rechtskr\u00e4ftiges ausl\u00e4ndisches Scheidungsurteil (oder Kopie der Heiratsurkunde mit entsprechendem Randvermerk);<\/p>\n<p style=\"text-align: justify;\"><strong>bei Verwitweten<\/strong><\/p>\n<p style=\"text-align: justify;\">7. Kopie der Sterbeurkunde des verstorbenen Ehepartners und Kopie der Heiratsurkunde.<\/p>\n<p style=\"text-align: justify;\"><strong>FALL C: falls einer der Verlobten Staatsb\u00fcrger eines NICHT- Mitgliedstaats der EU ist, muss dieser (zus\u00e4tzlich zu den Unterlagen unter Punkt A) vorlegen:<\/strong><\/p>\n<p style=\"text-align: justify;\">1.\u00a0<a href=\"https:\/\/consdortmund.esteri.it\/wp-content\/uploads\/2023\/04\/richiesta_certificato_capacita_matrimoniale_italiano-straniero.pdf\"><strong>Modell\/Antragsformular<\/strong><\/a>\u00a0f\u00fcr das Ehef\u00e4higkeitszeugnis, unterzeichnet vom Verlobten mit italienischer Staatsangeh\u00f6rigkeit;<\/p>\n<p style=\"text-align: justify;\">2.\u00a0<strong>Kopie der Erweiterten Meldebescheinigung<\/strong>; f\u00fcr nicht in Deutschland lebende ausl\u00e4ndische B\u00fcrger ist die Kopie einer in die deutsche oder italienische Sprache \u00fcbersetzte Meldebescheinigung der zust\u00e4ndigen Meldebeh\u00f6rde ausreichend;<\/p>\n<p style=\"text-align: justify;\">3.\u00a0<strong>Kopie des Auszugs aus dem Geburtenregister mit Randvermerken<\/strong>, ausgestellt von der Geburtsgemeinde, in die deutsche oder italienische Sprache \u00fcbersetzt und mit Legalisierung oder Apostille versehen (Laut Haager Konvention vom 05 Oktober 1961) falls nicht auf mehrsprachigem internationalen Formblatt ausgestellt (Hierzu die Anforderungen der deutschen Beh\u00f6rden beachten);<\/p>\n<p style=\"text-align: justify;\">4.\u00a0<strong>Kopie eines Ausweisdokuments<\/strong>\u00a0einschlie\u00dflich Unterzeichnung;<\/p>\n<p style=\"text-align: justify;\">5.\u00a0<strong>Kopie der Ledigkeitsbescheinigung und Ehef\u00e4higkeitszeugnis<\/strong>, ausgestellt von der zust\u00e4ndigen Beh\u00f6rde (Botschaft oder Konsulat) des Ursprungsstaates, \u00fcbersetzt und legalisiert;<\/p>\n<p style=\"text-align: justify;\"><strong>bei Geschiedenen<\/strong><\/p>\n<p style=\"text-align: justify;\">6. Bei nicht in Italien ausgesprochenem Scheidungsurteil: rechtskr\u00e4ftiges ausl\u00e4ndisches Scheidungsurteil (oder Kopie der Heiratsurkunde mit entsprechendem Randvermerk), \u00fcbersetzt und legalisiert.<\/p>\n<p style=\"text-align: justify;\"><strong>bei Verwitweten<\/strong><\/p>\n<p style=\"text-align: justify;\">7. Kopie der Sterbeurkunde des verstorbenen Ehepartners und Kopie der Heiratsurkunde, beide \u00fcbersetzt und legalisiert.<\/p>\n<p style=\"text-align: justify;\"><strong>N.B.: Alle ausl\u00e4ndischen Urkunden, die nicht in mehrsprachiger Ausf\u00fchrung ausgestellt sind, m\u00fcssen \u00fcbersetzt und, wo vorgesehen, legalisiert werden.<\/strong><\/p>\n<p style=\"text-align: justify;\"><strong>Das Ausstellungsdatum s\u00e4mtlicher f\u00fcr die Eheschlie\u00dfung erforderlichen Dokumente, darf nicht l\u00e4nger als 6 Monate zur\u00fcckliegen.<\/strong><\/p>\n<p style=\"text-align: justify;\">Zus\u00e4tzlich wird mitgeteilt, dass entgegen der deutschen Gesetzgebung, das italienische Gesetz keine Namens\u00e4nderung aufgrund der Eheschlie\u00dfung vorsieht.\u00a0<strong>Italienische Staatsb\u00fcrger behalten daher auch nach der Eheschlie\u00dfung ihren Geburtsnamen.<\/strong><\/p>\n<p style=\"text-align: justify;\"><strong>Registrierung der Heiratsurkunde<\/strong><\/p>\n<p style=\"text-align: justify;\">Um in Italien G\u00fcltigkeit zu erlangen, ist die im Ausland erfolgte Eheschlie\u00dfung bei der italienischen Heimatgemeinde zu registrieren.<\/p>\n<p style=\"text-align: justify;\">Die im Original vom deutschen Standesamt ausgestellte Heiratsurkunde, ist auf mehrsprachigem internationalen Formblatt,\u00a0<strong>per Post<\/strong>\u00a0an das Konsulat zu senden, welches diese an die zust\u00e4ndige Heimatgemeinde zur Registrierung weiterleitet.<\/p>\n<p style=\"text-align: justify;\">Alternativ kann die Urkunde direkt bei der zust\u00e4ndigen italienischen Heimatgemeinde eingereicht werden (siehe Art. 12, Komma 11 DPR 396\/2000).<\/p>\n","protected":false},"excerpt":{"rendered":"Italienische Staatsb\u00fcrger, die eine Eheschlie\u00dfung vor einem deutschen Standesbeamten w\u00fcnschen, m\u00fcssen den ausl\u00e4ndischen Beh\u00f6rden, ein vom Konsulat ausgestelltes Ehef\u00e4higkeitszeugnis vorlegen (Konsulatsgeb\u00fchr \u20ac 6,00 &#8211; G\u00fcltigkeitsdauer 6 Monate ab Ausstellungsdatum). Zur Beantragung m\u00fcssen die, ordnungsgem\u00e4\u00df im Register A.I.R.E. dieses Konsulats eingeschriebenen Verlobten mit italienischer Staatsangeh\u00f6rigkeit, die auf die jeweilige Lebenssituation bezogene Dokumentation per Post &#8211;\u00a0zusammen mit [&hellip;]","protected":false},"author":4,"featured_media":0,"parent":423,"menu_order":2,"comment_status":"closed","ping_status":"closed","template":"","meta":{"footnotes":""},"class_list":["post-432","page","type-page","status-publish","hentry"],"_links":{"self":[{"href":"https:\/\/consdortmund.esteri.it\/de\/wp-json\/wp\/v2\/pages\/432","targetHints":{"allow":["GET"]}}],"collection":[{"href":"https:\/\/consdortmund.esteri.it\/de\/wp-json\/wp\/v2\/pages"}],"about":[{"href":"https:\/\/consdortmund.esteri.it\/de\/wp-json\/wp\/v2\/types\/page"}],"author":[{"embeddable":true,"href":"https:\/\/consdortmund.esteri.it\/de\/wp-json\/wp\/v2\/users\/4"}],"replies":[{"embeddable":true,"href":"https:\/\/consdortmund.esteri.it\/de\/wp-json\/wp\/v2\/comments?post=432"}],"version-history":[{"count":1,"href":"https:\/\/consdortmund.esteri.it\/de\/wp-json\/wp\/v2\/pages\/432\/revisions"}],"predecessor-version":[{"id":3156,"href":"https:\/\/consdortmund.esteri.it\/de\/wp-json\/wp\/v2\/pages\/432\/revisions\/3156"}],"up":[{"embeddable":true,"href":"https:\/\/consdortmund.esteri.it\/de\/wp-json\/wp\/v2\/pages\/423"}],"wp:attachment":[{"href":"https:\/\/consdortmund.esteri.it\/de\/wp-json\/wp\/v2\/media?parent=432"}],"curies":[{"name":"wp","href":"https:\/\/api.w.org\/{rel}","templated":true}]}}