{"id":414,"date":"2023-03-03T14:55:49","date_gmt":"2023-03-03T13:55:49","guid":{"rendered":"https:\/\/consdortmund.esteri.it\/?page_id=414"},"modified":"2023-03-14T16:00:30","modified_gmt":"2023-03-14T15:00:30","slug":"sozial-notar-und-schulabteilung-sozial-und-notarabteilung-anerkennung-von-schulabschluessen","status":"publish","type":"page","link":"https:\/\/consdortmund.esteri.it\/de\/servizi-consolari-e-visti\/servizi-per-il-cittadino-italiano\/sozial-notar-und-schulabteilung-sozial-und-notarabteilung-anerkennung-von-schulabschluessen\/","title":{"rendered":"Sozial- Notar- und Schulabteilung &#8211; Anerkennung von Schulabschl\u00fcssen"},"content":{"rendered":"<p style=\"text-align: justify;\">E-Mail: <a href=\"mailto:las.dortmund@esteri.it\">las.dortmund@esteri.it<\/a><\/p>\n<p style=\"text-align: justify;\">Tel. +49 (0)231 57796 16<\/p>\n<p style=\"text-align: justify;\">Fax +49 (0)231 57796 41<\/p>\n<p style=\"text-align: justify;\">Die Sozial- Notar- und Schulabteilung (LAS) ist f\u00fcr die im Folgenden aufgef\u00fchrten Dienstleistungen zust\u00e4ndig. Bei dringenden Notf\u00e4llen und schwerwiegenden Ausnahmesituationen kann pers\u00f6nlich, w\u00e4hrend der Sprechzeiten, Assistenz im Konsulat beantragt werden. Dennoch sollte die Abteilung vorzugsweise telefonisch oder per E-Mail kontaktiert werden, um abzuw\u00e4gen, ob eine pers\u00f6nliche Vorsprache notwendig ist, oder das Konsulat auf anderem Weg Hilfe leisten kann.<\/p>\n","protected":false},"excerpt":{"rendered":"E-Mail: las.dortmund@esteri.it Tel. +49 (0)231 57796 16 Fax +49 (0)231 57796 41 Die Sozial- Notar- und Schulabteilung (LAS) ist f\u00fcr die im Folgenden aufgef\u00fchrten Dienstleistungen zust\u00e4ndig. Bei dringenden Notf\u00e4llen und schwerwiegenden Ausnahmesituationen kann pers\u00f6nlich, w\u00e4hrend der Sprechzeiten, Assistenz im Konsulat beantragt werden. Dennoch sollte die Abteilung vorzugsweise telefonisch oder per E-Mail kontaktiert werden, um abzuw\u00e4gen, [&hellip;]","protected":false},"author":5,"featured_media":0,"parent":93,"menu_order":11,"comment_status":"closed","ping_status":"closed","template":"","meta":{"footnotes":""},"class_list":["post-414","page","type-page","status-publish","hentry"],"_links":{"self":[{"href":"https:\/\/consdortmund.esteri.it\/de\/wp-json\/wp\/v2\/pages\/414","targetHints":{"allow":["GET"]}}],"collection":[{"href":"https:\/\/consdortmund.esteri.it\/de\/wp-json\/wp\/v2\/pages"}],"about":[{"href":"https:\/\/consdortmund.esteri.it\/de\/wp-json\/wp\/v2\/types\/page"}],"author":[{"embeddable":true,"href":"https:\/\/consdortmund.esteri.it\/de\/wp-json\/wp\/v2\/users\/5"}],"replies":[{"embeddable":true,"href":"https:\/\/consdortmund.esteri.it\/de\/wp-json\/wp\/v2\/comments?post=414"}],"version-history":[{"count":0,"href":"https:\/\/consdortmund.esteri.it\/de\/wp-json\/wp\/v2\/pages\/414\/revisions"}],"up":[{"embeddable":true,"href":"https:\/\/consdortmund.esteri.it\/de\/wp-json\/wp\/v2\/pages\/93"}],"wp:attachment":[{"href":"https:\/\/consdortmund.esteri.it\/de\/wp-json\/wp\/v2\/media?parent=414"}],"curies":[{"name":"wp","href":"https:\/\/api.w.org\/{rel}","templated":true}]}}