{"id":408,"date":"2023-03-03T14:42:18","date_gmt":"2023-03-03T13:42:18","guid":{"rendered":"https:\/\/consdortmund.esteri.it\/?page_id=408"},"modified":"2025-06-30T16:01:06","modified_gmt":"2025-06-30T14:01:06","slug":"staatsbuergerschaft","status":"publish","type":"page","link":"https:\/\/consdortmund.esteri.it\/de\/servizi-consolari-e-visti\/servizi-per-il-cittadino-straniero\/staatsbuergerschaft\/","title":{"rendered":"Italienische Staatsangeh\u00f6rigkeit"},"content":{"rendered":"<div class=\"entry-content\">\n<p><a href=\"https:\/\/www.esteri.it\/it\/servizi-consolari-e-visti\/italiani-all-estero\/cittadinanza\/\" target=\"_blank\" rel=\"noopener\">F\u00fcr allgemeine Informationen auf der Webseite des italienischen Au\u00dfenministeriums (MAECI) bitte hier klicken<\/a><\/p>\n<p>Die italienische Staatsangeh\u00f6rigkeit wird derzeit durch das Gesetz Nr. 91 vom 5. Februar 1992 geregelt.<br \/>\nDie italienische Staatsangeh\u00f6rigkeit basiert auf dem Prinzip des\u00a0<em>jus sanguinis<\/em>\u00a0(nach Abstammung), demzufolge das Kind eines italienischen Vaters oder einer italienischen Mutter unabh\u00e4ngig vom Geburtsort ebenfalls die italienische Staatsangeh\u00f6rigkeit hat.<br \/>\nAu\u00dfer durch Abstammung kann die italienische Staatsangeh\u00f6rigkeit nach geltendem Recht auch unter bestimmten anderen Umst\u00e4nden erworben werden.<br \/>\nDie Nachpr\u00fcfung und Entgegennahme von Einb\u00fcrgerungsantr\u00e4gen erfolgen ausschlie\u00dflich durch die f\u00fcr den Wohnort des Antragstellers zust\u00e4ndige Dienststelle.<br \/>\nAntragsteller mit Wohnsitz in Deutschland m\u00fcssen sich daher an die \u00f6rtlich zust\u00e4ndige Konsulardienststelle wenden. F\u00fcr n\u00e4here Angaben klicken Sie bitte <a href=\"https:\/\/ambberlino.esteri.it\/de\/chi-siamo\/la-rete-consolare\/\"><strong>HIER<\/strong><\/a>.<br \/>\nWegen der Vielfalt der F\u00e4lle und Komplexit\u00e4t der Antragsbearbeitung wird Einb\u00fcrgerungsbewerbern mit Wohnsitz im konsularischen Bezirk Dortmund empfohlen, vorher per Mail an <a href=\"mailto:dortmund.cittadinanza@esteri.it\">dortmund.cittadinanza@esteri.it<\/a>\u00a0einen Termin zu vereinbaren.<\/p>\n<p>Mit Wirkung vom 5. Oktober 2018 hat sich gem\u00e4\u00df Art. 9-bis des Gesetzes 91\/92 der durch Art. 1 des Gesetzes Nr. 94\/2009 eingef\u00fchrte Beitrag f\u00fcr Antr\u00e4ge oder Erkl\u00e4rungen zu Wahl, Erwerb, Neuerwerb, Verzicht oder Zuerkennung der italienischen Staatsangeh\u00f6rigkeit von 200,- EUR (zweihundert) auf 250,- EUR (zweihundertf\u00fcnfzig) erh\u00f6ht.<\/p>\n<p>Die wichtigsten F\u00e4lle:<\/p>\n<p>\u2013\u00a0<a href=\"https:\/\/consdortmund.esteri.it\/de\/servizi-consolari-e-visti\/servizi-per-il-cittadino-straniero\/staatsbuergerschaft\/staatsangehoerigkeit-durch-abstammung-jure-sanguinis\/\">Staatsangeh\u00f6rigkeit durch Abstammung (Iure Sanguinis)<\/a><\/p>\n<p>\u2013 <a href=\"https:\/\/consdortmund.esteri.it\/de\/servizi-consolari-e-visti\/servizi-per-il-cittadino-straniero\/staatsbuergerschaft\/erwerb-der-staatsangehoerigkeit-wegen-eheschliessung\/\">Erwerb der Staatsangeh\u00f6rigkeit wegen Eheschliessung<\/a><\/p>\n<p>\u2013 <a href=\"https:\/\/consdortmund.esteri.it\/de\/servizi-consolari-e-visti\/servizi-per-il-cittadino-straniero\/staatsbuergerschaft\/verzicht-auf-der-italienischen-staatsangehoerigkeit\/\">Verzicht auf der italienischen Staatsangeh\u00f6rigkeit<\/a><\/p>\n<p>\u2013 <a href=\"https:\/\/consdortmund.esteri.it\/de\/servizi-consolari-e-visti\/servizi-per-il-cittadino-straniero\/staatsbuergerschaft\/wiedererwerb-der-italienischen-staatsangehoerigkeit-nach-deren-verlust\/\">Wiedererwerb der italienischen Staatsangeh\u00f6rigkeit (nach deren Verlust)<\/a><\/p>\n<p>&nbsp;<\/p>\n<\/div>\n<p style=\"text-align: justify;\"><strong>Staatsangeh\u00f6rigkeitsb\u00fcro<\/strong><\/p>\n<p style=\"text-align: justify;\">T. 0231-57796-22<\/p>\n<p style=\"text-align: justify;\"><a href=\"mailto:cittadinanza.dortmund@esteri.it\">dortmund.cittadinanza@esteri.it<\/a><\/p>\n","protected":false},"excerpt":{"rendered":"F\u00fcr allgemeine Informationen auf der Webseite des italienischen Au\u00dfenministeriums (MAECI) bitte hier klicken Die italienische Staatsangeh\u00f6rigkeit wird derzeit durch das Gesetz Nr. 91 vom 5. Februar 1992 geregelt. Die italienische Staatsangeh\u00f6rigkeit basiert auf dem Prinzip des\u00a0jus sanguinis\u00a0(nach Abstammung), demzufolge das Kind eines italienischen Vaters oder einer italienischen Mutter unabh\u00e4ngig vom Geburtsort ebenfalls die italienische Staatsangeh\u00f6rigkeit [&hellip;]","protected":false},"author":4,"featured_media":0,"parent":94,"menu_order":3,"comment_status":"closed","ping_status":"closed","template":"","meta":{"footnotes":""},"class_list":["post-408","page","type-page","status-publish","hentry"],"_links":{"self":[{"href":"https:\/\/consdortmund.esteri.it\/de\/wp-json\/wp\/v2\/pages\/408","targetHints":{"allow":["GET"]}}],"collection":[{"href":"https:\/\/consdortmund.esteri.it\/de\/wp-json\/wp\/v2\/pages"}],"about":[{"href":"https:\/\/consdortmund.esteri.it\/de\/wp-json\/wp\/v2\/types\/page"}],"author":[{"embeddable":true,"href":"https:\/\/consdortmund.esteri.it\/de\/wp-json\/wp\/v2\/users\/4"}],"replies":[{"embeddable":true,"href":"https:\/\/consdortmund.esteri.it\/de\/wp-json\/wp\/v2\/comments?post=408"}],"version-history":[{"count":6,"href":"https:\/\/consdortmund.esteri.it\/de\/wp-json\/wp\/v2\/pages\/408\/revisions"}],"predecessor-version":[{"id":2419,"href":"https:\/\/consdortmund.esteri.it\/de\/wp-json\/wp\/v2\/pages\/408\/revisions\/2419"}],"up":[{"embeddable":true,"href":"https:\/\/consdortmund.esteri.it\/de\/wp-json\/wp\/v2\/pages\/94"}],"wp:attachment":[{"href":"https:\/\/consdortmund.esteri.it\/de\/wp-json\/wp\/v2\/media?parent=408"}],"curies":[{"name":"wp","href":"https:\/\/api.w.org\/{rel}","templated":true}]}}