{"id":36,"date":"2023-02-20T14:03:16","date_gmt":"2023-02-20T13:03:16","guid":{"rendered":"https:\/\/consdortmund.esteri.it\/servizi-consolari-e-visti\/"},"modified":"2023-03-30T14:34:28","modified_gmt":"2023-03-30T12:34:28","slug":"servizi-consolari-e-visti","status":"publish","type":"page","link":"https:\/\/consdortmund.esteri.it\/de\/servizi-consolari-e-visti\/","title":{"rendered":"Konsularische Dienstleistungen und Visa"},"content":{"rendered":"<ul>\n<li><a href=\"https:\/\/consdortmund.esteri.it\/de\/servizi-consolari-e-visti\/servizi-per-il-cittadino-italiano\/\">Dienstleistungen f\u00fcr italienische Staatsb\u00fcrger<\/a><\/li>\n<li><a href=\"https:\/\/consdortmund.esteri.it\/de\/servizi-consolari-e-visti\/servizi-per-il-cittadino-straniero\/\">Dienstleistungen f\u00fcr ausl\u00e4ndische Staatsangeh\u00f6rige<\/a><\/li>\n<\/ul>\n","protected":false},"excerpt":{"rendered":"Dienstleistungen f\u00fcr italienische Staatsb\u00fcrger Dienstleistungen f\u00fcr ausl\u00e4ndische Staatsangeh\u00f6rige","protected":false},"author":1,"featured_media":0,"parent":0,"menu_order":6,"comment_status":"closed","ping_status":"closed","template":"","meta":{"footnotes":""},"class_list":["post-36","page","type-page","status-publish","hentry"],"_links":{"self":[{"href":"https:\/\/consdortmund.esteri.it\/de\/wp-json\/wp\/v2\/pages\/36","targetHints":{"allow":["GET"]}}],"collection":[{"href":"https:\/\/consdortmund.esteri.it\/de\/wp-json\/wp\/v2\/pages"}],"about":[{"href":"https:\/\/consdortmund.esteri.it\/de\/wp-json\/wp\/v2\/types\/page"}],"author":[{"embeddable":true,"href":"https:\/\/consdortmund.esteri.it\/de\/wp-json\/wp\/v2\/users\/1"}],"replies":[{"embeddable":true,"href":"https:\/\/consdortmund.esteri.it\/de\/wp-json\/wp\/v2\/comments?post=36"}],"version-history":[{"count":0,"href":"https:\/\/consdortmund.esteri.it\/de\/wp-json\/wp\/v2\/pages\/36\/revisions"}],"wp:attachment":[{"href":"https:\/\/consdortmund.esteri.it\/de\/wp-json\/wp\/v2\/media?parent=36"}],"curies":[{"name":"wp","href":"https:\/\/api.w.org\/{rel}","templated":true}]}}