{"id":3362,"date":"2026-03-30T15:43:09","date_gmt":"2026-03-30T13:43:09","guid":{"rendered":"https:\/\/consdortmund.esteri.it\/?page_id=3362"},"modified":"2026-03-31T09:30:46","modified_gmt":"2026-03-31T07:30:46","slug":"initiativen-zur-foerderung-der-italienischen-sprache-und-kultur-im-ausland","status":"publish","type":"page","link":"https:\/\/consdortmund.esteri.it\/de\/italia-e-germania\/diplomazia-culturale\/initiativen-zur-foerderung-der-italienischen-sprache-und-kultur-im-ausland\/","title":{"rendered":"Initiativen zur F\u00f6rderung der italienischen Sprache und Kultur im Ausland"},"content":{"rendered":"<p>Das Ministerium f\u00fcr ausw\u00e4rtige Angelegenheiten und internationale Zusammenarbeit tr\u00e4gt zur Verbreitung des Studiums der italienischen Sprache und Kultur bei, indem es <strong>Initiativen zur F\u00f6rderung der italienischen Sprache und Kultur im Ausland<\/strong> f\u00f6rdert, wie beispielsweise <strong>Kurse zur italienischen Sprache und Kultur<\/strong>, die von <strong>Tr\u00e4gerorganisationen\/<\/strong> <strong>Impulsgeber von Initiativen zur F\u00f6rderung der italienischen Sprache und Kultur<\/strong> (gem\u00e4\u00df Art. 11 des Gesetzesdekrets 64\/2017) organisiert werden, sowie <strong>Kurse<\/strong>, die von <strong>Lehrkr\u00e4ften des Ministeriums<\/strong> durchgef\u00fchrt werden (gem\u00e4\u00df Art. 10 des Gesetzesdekrets 64\/2017).<\/p>\n<ul>\n<li>Die <strong>Tr\u00e4gerorganisationen<\/strong> sind gemeinn\u00fctzige Einrichtungen, die sich weltweit f\u00fcr die Verbreitung und F\u00f6rderung der italienischen Sprache und Kultur einsetzen und gem\u00e4\u00df den in den L\u00e4ndern, in denen sie t\u00e4tig sind, geltenden Rechtsvorschriften gegr\u00fcndet und organisiert sind.<\/li>\n<li>Auf den Websites der diplomatischen und konsularischen Vertretungen wird das <strong>Konsularregister der Tr\u00e4gerorganisationen<\/strong> f\u00fcr Initiativen zugunsten der italienischen Sprache und Kultur ver\u00f6ffentlicht.<\/li>\n<\/ul>\n<p>Diese Organisationen k\u00f6nnen Ministerialzusch\u00fcsse f\u00fcr die Organisation verschiedener Aktivit\u00e4ten beantragen, die sich alle an Sch\u00fcler im schulpflichtigen Alter von 3 bis 18 Jahren richten.<\/p>\n<p>Konkret k\u00f6nnen sie gem\u00e4\u00df Art. 10 des Gesetzesdekrets 64\/2017 und des Ministerialrundschreibens 4\/2022 Folgendes durchf\u00fchren:<\/p>\n<ul>\n<li style=\"list-style-type: none;\">\n<ul>\n<li>Lehrplanbezogene Kurse an lokalen Schulen;<\/li>\n<li>au\u00dferschulische Kurse;<\/li>\n<li>Bereitstellung von Unterrichtsmaterialien gem\u00e4\u00df den Vereinbarungen;<\/li>\n<li>Projekte zum Spracherwerb durch kulturelle und\/oder kreative Aktivit\u00e4ten.<\/li>\n<\/ul>\n<\/li>\n<\/ul>\n<p>In der <strong>n\u00f6rdlichen Hemisph\u00e4re<\/strong> waren im Schuljahr 2023\/2024 <strong>39<\/strong> Tr\u00e4gerorganisationen Empf\u00e4nger von Ministerialzusch\u00fcssen, verteilt auf EU-L\u00e4nder (19 Tr\u00e4ger), Nicht-EU-L\u00e4nder in Europa (9 Tr\u00e4ger), Nord- und Mittelamerika (10 Tr\u00e4ger) sowie den Mittelmeerraum und den Nahen Osten (1 Tr\u00e4ger). Es wurden <strong>4.845<\/strong> Kurse durchgef\u00fchrt.<\/p>\n<ul>\n<li>Die von Italien entsandten <strong>Ministerialdozenten<\/strong> f\u00fcr Kurse gem\u00e4\u00df Art. 10 des Gesetzesdekrets 64\/2017 \u2013 <strong>122 Personen<\/strong> im Schuljahr 2024\/2025 \u2013 sind \u00fcberwiegend in L\u00e4ndern des europ\u00e4ischen Raums (Belgien, Frankreich, Deutschland, Vereinigtes K\u00f6nigreich und Schweiz) t\u00e4tig. Ihre T\u00e4tigkeiten erg\u00e4nzen das Bildungsangebot der Tr\u00e4gerorganisationen durch Ma\u00dfnahmen, die eine fl\u00e4chendeckende Versorgung der Gebiete erm\u00f6glichen, in denen sie t\u00e4tig sind.<\/li>\n<\/ul>\n<p>Weitere Informationen zu den Tr\u00e4gern\u00a0<a href=\"https:\/\/consdortmund.esteri.it\/de\/italia-e-germania\/diplomazia-culturale\/konsularisches-verzeichnis-der-traegerorganisationen-von-initiativen-zur-foerderung-der-italienischen-sprache-und-kultur\/\" target=\"_blank\" rel=\"noopener\">Konsularisches Verzeichnis der Tr\u00e4gerorganisationen von Initiativen zur F\u00f6rderung der italienischen Sprache und Kultur<\/a><\/p>\n","protected":false},"excerpt":{"rendered":"Das Ministerium f\u00fcr ausw\u00e4rtige Angelegenheiten und internationale Zusammenarbeit tr\u00e4gt zur Verbreitung des Studiums der italienischen Sprache und Kultur bei, indem es Initiativen zur F\u00f6rderung der italienischen Sprache und Kultur im Ausland f\u00f6rdert, wie beispielsweise Kurse zur italienischen Sprache und Kultur, die von Tr\u00e4gerorganisationen\/ Impulsgeber von Initiativen zur F\u00f6rderung der italienischen Sprache und Kultur (gem\u00e4\u00df Art. [&hellip;]","protected":false},"author":11,"featured_media":0,"parent":90,"menu_order":0,"comment_status":"closed","ping_status":"closed","template":"","meta":{"footnotes":""},"class_list":["post-3362","page","type-page","status-publish","hentry"],"_links":{"self":[{"href":"https:\/\/consdortmund.esteri.it\/de\/wp-json\/wp\/v2\/pages\/3362","targetHints":{"allow":["GET"]}}],"collection":[{"href":"https:\/\/consdortmund.esteri.it\/de\/wp-json\/wp\/v2\/pages"}],"about":[{"href":"https:\/\/consdortmund.esteri.it\/de\/wp-json\/wp\/v2\/types\/page"}],"author":[{"embeddable":true,"href":"https:\/\/consdortmund.esteri.it\/de\/wp-json\/wp\/v2\/users\/11"}],"replies":[{"embeddable":true,"href":"https:\/\/consdortmund.esteri.it\/de\/wp-json\/wp\/v2\/comments?post=3362"}],"version-history":[{"count":3,"href":"https:\/\/consdortmund.esteri.it\/de\/wp-json\/wp\/v2\/pages\/3362\/revisions"}],"predecessor-version":[{"id":3413,"href":"https:\/\/consdortmund.esteri.it\/de\/wp-json\/wp\/v2\/pages\/3362\/revisions\/3413"}],"up":[{"embeddable":true,"href":"https:\/\/consdortmund.esteri.it\/de\/wp-json\/wp\/v2\/pages\/90"}],"wp:attachment":[{"href":"https:\/\/consdortmund.esteri.it\/de\/wp-json\/wp\/v2\/media?parent=3362"}],"curies":[{"name":"wp","href":"https:\/\/api.w.org\/{rel}","templated":true}]}}