{"id":189,"date":"2023-03-03T13:09:54","date_gmt":"2023-03-03T12:09:54","guid":{"rendered":"https:\/\/consdortmund.esteri.it\/?page_id=189"},"modified":"2026-03-05T12:02:15","modified_gmt":"2026-03-05T11:02:15","slug":"il-passaporto","status":"publish","type":"page","link":"https:\/\/consdortmund.esteri.it\/de\/servizi-consolari-e-visti\/servizi-per-il-cittadino-italiano\/il-passaporto\/","title":{"rendered":"Reisepass"},"content":{"rendered":"<p style=\"text-align: justify;\"><strong><u>ACHTUNG! DIE REISEPASSAUSSTELLUNG IST NUR NACH TERMINVEREINBARUNG \u00dcBER DAS PORTAL <\/u><\/strong><a href=\"https:\/\/prenotami.esteri.it\/\"><strong>PRENOT@MI<\/strong><\/a> <strong><u>M\u00d6GLICH. EIN PERS\u00d6NLICHES ERSCHEINEN IM KONSULAT OHNE TERMIN IST NICHT ERFORDERLICH.<\/u><\/strong><\/p>\n<p style=\"text-align: justify;\"><strong><u>Die Anfrage und der Eingang der Anfrage per E-Mail stellen KEINE Terminbest\u00e4tigung dar. Die Best\u00e4tigung muss auf Ihrer pers\u00f6nlichen Seite im <\/u><\/strong><a href=\"https:\/\/prenotami.esteri.it\/\"><strong>Prenot@mi<\/strong><\/a><strong><u>-Portal erfolgen. Absagen werden individuell per E-Mail mitgeteilt und begr\u00fcndet.<\/u><\/strong><\/p>\n<p style=\"text-align: justify;\">Wenn die Buchung auf Ihrem Smartphone oder Tablet fehlschl\u00e4gt, versuchen Sie es erneut von Ihrem PC aus.<\/p>\n<p style=\"text-align: justify;\"><u>Wenn Sie \u00fcber 70 Jahre alt sind und Hilfe bei Ihrer Buchung ben\u00f6tigen, besuchen Sie die Seite <strong><a href=\"https:\/\/consdortmund.esteri.it\/de\/servizi-consolari-e-visti\/servizi-per-il-cittadino-italiano\/konsularische-dienstleistungen-ueber-70\/\">Konsularische Dienstleistungen \u00fcber 70<\/a><\/strong><\/u><strong><u>.<\/u><\/strong><\/p>\n<p style=\"text-align: center;\"><img loading=\"lazy\" decoding=\"async\" class=\"alignnone size-full wp-image-2561 img-fluid\" src=\"https:\/\/consdortmund.esteri.it\/wp-content\/uploads\/2025\/08\/freccia.png\" alt=\"\" width=\"151\" height=\"83\" \/><\/p>\n<p style=\"text-align: center;\"><strong>Um auf das Portal zuzugreifen, klicken Sie unten<\/strong><\/p>\n<p style=\"text-align: center;\"><strong>\u201c<\/strong><a href=\"https:\/\/prenotami.esteri.it\/\"><strong>Prenot@mi<\/strong><\/a><strong>\u201d<\/strong><\/p>\n<p style=\"text-align: center;\"><strong><u>Bitte beachten Sie, dass der Buchungsservice kostenlos ist.<\/u><\/strong><\/p>\n<p style=\"text-align: center;\"><a href=\"https:\/\/prenotami.esteri.it\/\"><strong>https:\/\/prenotami.esteri.it<\/strong><\/a><\/p>\n<p style=\"text-align: justify;\">Es ist wichtig, alle Anweisungen zu lesen, die Formulare auszuf\u00fcllen und alle erforderlichen Unterlagen online hochzuladen. Sie m\u00fcssen die Originalkopien dieser Dokumente zum Termin mitbringen.<\/p>\n<p style=\"text-align: justify;\"><strong><u><span style=\"color: #ff0000;\">DOKUMENTE ZUM HOCHLADEN AUF<\/span> <\/u><\/strong><a href=\"https:\/\/prenotami.esteri.it\/\"><strong>PRENOT@MI<\/strong><\/a><span style=\"color: #ff0000;\"><strong><u> (insgesamt max. 1 MB):<\/u><\/strong><\/span><\/p>\n<ul style=\"text-align: justify;\">\n<li><strong><u>Bei einem Antrag f\u00fcr einen Erwachsenen:<\/u><\/strong>\n<ul>\n<li><u><a href=\"https:\/\/consdortmund.esteri.it\/wp-content\/uploads\/2025\/11\/RICHIESTA-PASSAPORTO-2023.pdf\"><strong>Antragsformular<\/strong><\/a> (im Feld \u201eSonstiges\u201c hochzuladen). Hier herunterladen.<\/u><\/li>\n<li><u>Kopie des Ausweises<\/u><\/li>\n<\/ul>\n<\/li>\n<li><u>Bei Verlust oder Diebstahl: Anzeige bei der \u00f6rtlichen Polizeibeh\u00f6rde.<\/u><\/li>\n<li><u>Meldebescheinigung (falls sich die Adresse ge\u00e4ndert hat und die \u00c4nderung nie gemeldet wurde).<\/u><\/li>\n<\/ul>\n<p style=\"text-align: justify;\"><u>\u00a0<\/u><\/p>\n<ul style=\"text-align: justify;\">\n<li><strong><u>Bei einem Antrag f\u00fcr eine\/n MINDERJ\u00c4HRIGE\/N:<\/u><\/strong>\n<ul>\n<li><a href=\"https:\/\/consdortmund.esteri.it\/wp-content\/uploads\/2025\/11\/modulo_richiesta_passaporto_minorenni_2025.pdf\"><strong>Antragsformular f\u00fcr Minderj\u00e4hrige<\/strong><\/a>, unterschrieben von beiden Elternteilen (im Feld \u201eSonstige\u201c hochzuladen).<\/li>\n<li><strong>Kopien der Ausweisdokumente<\/strong> (der Eltern und des Minderj\u00e4hrigen)\n<ul>\n<li><strong>Bei Verlust oder Diebstahl<\/strong> des Ausweises\/Reisepasses des Minderj\u00e4hrigen: <strong>Anzeige<\/strong> bei der \u00f6rtlichen Polizeibeh\u00f6rde.<\/li>\n<\/ul>\n<\/li>\n<li><strong>Wohnsitzbescheinigung der Familieneinheit<\/strong> (bei Adress\u00e4nderung)<\/li>\n<\/ul>\n<\/li>\n<\/ul>\n<p style=\"text-align: justify;\"><strong>Vollst\u00e4ndige Unterlagen erm\u00f6glichen eine schnelle Pr\u00fcfung Ihres Antrags, ohne dass Ihr Termin abgesagt werden muss.<\/strong><\/p>\n<p style=\"text-align: justify;\"><strong>Aus Datenschutz-und Sicherheitsgr\u00fcnden sowie im Hinblick auf die Nutzerfreundlichkeit, m\u00fcssen Sie alleine erscheinen. Der Zutritt zum Reisepassb\u00fcro ist nur dem Antragsteller gestattet, nicht jedoch Verwandten, Freunden oder Begleitpersonen (ausgenommen Minderj\u00e4hrige und Menschen mit Behinderung).<\/strong><\/p>\n<p style=\"text-align: justify;\"><span style=\"color: #ff0000;\"><strong><u>AM TAG DES TERMINS MITZUBRINGENDE UNTERLAGEN:<\/u><\/strong><\/span><\/p>\n<ul style=\"text-align: justify;\">\n<li><strong>Vom Antragsteller ordnungsgem\u00e4\u00df ausgef\u00fclltes und unterschriebenes Passantragsformular;<\/strong><\/li>\n<li><strong>Ausweisdokument;<\/strong><\/li>\n<li><strong>Ein Passfoto, das nicht \u00e4lter als sechs Monate ist und dem ICAO-Format entspricht (das Foto muss ausschlie\u00dflich diesen Standards entsprechen. \u00c4sthetische Pr\u00e4ferenzen werden nicht ber\u00fccksichtigt).<\/strong>\n<ul>\n<li><u>Bitte beachten Sie: Das Foto muss eine Papierkopie im Format 35 x 40 mm sein. <\/u><u>QR-Codes werden nicht akzeptiert.<\/u><\/li>\n<li><strong><u>Der Hintergrund muss wei\u00df sein.<\/u><\/strong><\/li>\n<li><u>Der Antragsteller darf keine Brille und\/oder Kopfbedeckung tragen (au\u00dfer aus religi\u00f6sen Gr\u00fcnden).<\/u><\/li>\n<li>Ein Passbildautomat ist im Konsulat vorhanden. F\u00fcr Reisep\u00e4sse f\u00fcr Kinder bis 10 Jahre ist jedoch nur ein Papierfoto vorzulegen.<\/li>\n<\/ul>\n<\/li>\n<\/ul>\n<ul style=\"text-align: justify;\">\n<li><strong>Quittung<\/strong> \u00fcber die Kosten des Reisepass und der Verwaltungsgeb\u00fchr (116,20 Euro), sofern Sie nicht zu den in <a href=\"https:\/\/www.esteri.it\/it\/servizi-consolari-e-visti\/italiani-all-estero\/documenti_di_viaggio\/passaporto\/\"> 19 des Gesetzes 1185\/1967<\/a> genannten befreiten Personengruppen geh\u00f6ren.<\/li>\n<li><strong>Wenn der Antragsteller UNTER 18 JAHREN ist, eine schriftliche Einverst\u00e4ndniserkl\u00e4rung und eine Kopie der Ausweisdokumente beider Elternteile;<\/strong><\/li>\n<li>Wenn der Antragsteller unter 18 Jahre alt und im Ausland geboren ist, ist die Geburtsurkunde in \u00fcbersetzter und legalisierter Form (oder mit Apostille) oder gegebenenfalls auf einem mehrsprachigen Formular beim zust\u00e4ndigen Konsulat einzureichen<strong>. Sofern dies noch nicht geschehen ist, leitet das Konsulat die Urkunde zur anschlie\u00dfenden Registrierung im Standesamt der zust\u00e4ndigen Gemeinde nach Italien weiter.<\/strong><\/li>\n<\/ul>\n<p style=\"text-align: justify;\">Informationen bez\u00fcglich Reisen Minderj\u00e4hriger (<u>unter 14 Jahren) <\/u>\u00a0ohne Begleitung <u>finden Sie im <a href=\"https:\/\/consdortmund.esteri.it\/de\/servizi-consolari-e-visti\/servizi-per-il-cittadino-italiano\/reise-unbegleiteter-minderjaehrige\/\">entsprechenden Abschnitt<\/a>.<\/u><\/p>\n<p>&nbsp;<\/p>\n<p style=\"text-align: justify;\"><span style=\"color: #ff0000;\"><strong><u>ZAHLUNG<\/u><\/strong><\/span><\/p>\n<ul style=\"text-align: justify;\">\n<li><strong><u>Bank\u00fcberweisung<\/u><\/strong><\/li>\n<\/ul>\n<p style=\"text-align: justify;\">Bitte \u00fcberweisen Sie die Zahlung <strong>mindestens 4 Werktage vor dem Termin<\/strong> auf das Bankkonto des Konsulats:<\/p>\n<ul style=\"text-align: justify;\">\n<li><strong>Kontoinhaber<\/strong>: Italienisches Konsulat<\/li>\n<li><strong>IBAN<\/strong>: DE88 4407 0024 0377 2662 01<\/li>\n<li><strong>BIC\/SWIFT-CODE<\/strong>: DEUTDEDB440<\/li>\n<li><strong>BANK<\/strong>: DEUTSCHE BANK<\/li>\n<li><strong>Verwendungszweck<\/strong>: \u201eVorname\u201c, \u201eNachname\u201c, \u201eGeburtsdatum\u201c, \u201eREISEPASS\u201c<\/li>\n<li><strong>Betrag<\/strong>: 116,20 \u20ac<\/li>\n<\/ul>\n<ul style=\"text-align: justify;\">\n<li><strong>Debitkarte<\/strong><\/li>\n<\/ul>\n<p style=\"text-align: justify;\">Die bevorzugte Zahlungsmethode f\u00fcr die Konsulargeb\u00fchren ist weiterhin die Bank\u00fcberweisung. Sollte eine Zahlung nicht m\u00f6glich sein, wird am Termin auch die <strong>Zahlung per Debitkarte<\/strong> (nur <strong>EC-Karte<\/strong>) akzeptiert.<\/p>\n<ul style=\"text-align: justify;\">\n<li><strong>Bargeld<\/strong><\/li>\n<\/ul>\n<p style=\"text-align: justify;\">Bargeld ist nur dann eine m\u00f6gliche Option, wenn weder eine Bank\u00fcberweisung noch eine Zahlung mit Debitkarte m\u00f6glich sind. In jedem Fall empfiehlt es sich, den genauen Betrag mitzubringen, da kein Wechselgeld herausgegeben werden kann.<\/p>\n<p style=\"text-align: justify;\"><span style=\"color: #ff0000;\"><strong><u>WICHTIGE INFORMATIONEN<\/u><\/strong><\/span><\/p>\n<ol style=\"text-align: justify;\">\n<li><strong>Sie sind nicht bei AIRE registriert, wohnen aber dauerhaft oder seit mehr als einem Jahr im Konsularbezirk Dortmund?<\/strong><\/li>\n<\/ol>\n<p style=\"text-align: justify;\">Registrieren Sie sich vor der Beantragung eines Reisepasses im AIRE-Melderegistrier \u00fcber das FAST-IT-Portal: https:\/\/serviziconsolari.esteri.it. Die Registrierung ist kostenlos und weltweit m\u00f6glich. Sie ben\u00f6tigen lediglich einen Computer, eine Internetverbindung, einen PDF-Scan Ihrer Meldebescheinigung und einen g\u00fcltigen Reisepass \/ Personalausweis.<\/p>\n<ol style=\"text-align: justify;\" start=\"2\">\n<li><strong>Sie sind nicht im AIRE registriert oder wohnen nicht im Konsularbezirk Dortmund?<\/strong><\/li>\n<\/ol>\n<p style=\"text-align: justify;\">Kontaktieren Sie die zust\u00e4ndige Konsularstelle. Klicken Sie auf https:\/\/serviziconsolari.esteri.it\/ScoFE\/services\/service-info.sco?serviceId=50, um Ihren Wohnort einzugeben und das zust\u00e4ndige Konsulat zu finden. Leider k\u00f6nnen wir Ihnen nicht weiterhelfen.<\/p>\n<ol style=\"text-align: justify;\" start=\"3\">\n<li><strong>Sie sind kein italienischer Staatsb\u00fcrger?<\/strong><\/li>\n<\/ol>\n<p style=\"text-align: justify;\">Beantragen Sie Ihren Ausweis \/ Reisepass beim Konsulat Ihres Heimatlandes oder bei der zust\u00e4ndigen deutschen Vertretung an, wenn Sie staatenlos sind. Wir k\u00f6nnen Ihnen leider nicht weiterhelfen.<\/p>\n<ol style=\"text-align: justify;\" start=\"4\">\n<li><strong>K\u00f6nnen verheiratete Frauen den Nachnamen ihres Mannes angeben?<\/strong><\/li>\n<\/ol>\n<p style=\"text-align: justify;\">Nur im Reisepass, nicht im Personalausweis. Wenn Sie einen aktuellen, g\u00fcltigen Reisepass besitzen und den Nachnamen Ihres Mannes angeben m\u00f6chten, m\u00fcssen Sie dem Konsulat bereits die internationale Heiratsurkunde vorgelegt haben.<\/p>\n<ol style=\"text-align: justify;\" start=\"5\">\n<li><strong>Sind Sie vollj\u00e4hrig?<\/strong><\/li>\n<\/ol>\n<p style=\"text-align: justify;\">Hier finden Sie das <a href=\"https:\/\/consdortmund.esteri.it\/wp-content\/uploads\/2025\/11\/RICHIESTA-PASSAPORTO-2023.pdf\"><strong>Modulo per la richiesta di passaporto (clicca qui)<\/strong><\/a>. Laden Sie es zusammen mit einer gescannten Kopie Ihres g\u00fcltigen Ausweises \/ Reisepasses im Portal <a href=\"https:\/\/prenotami.esteri.it\/\">Prenot@mi<\/a> im Bereich \u201eSonstiges\u201c hoch. <strong>Die Gr\u00f6\u00dfe aller hochgeladenen Dateien darf 1 MB nicht \u00fcberschreiten.<\/strong><\/p>\n<ol style=\"text-align: justify;\" start=\"6\">\n<li><strong>Sie sind Elternteil eines minderj\u00e4hrigen italienischen Kindes und m\u00f6chten f\u00fcr Ihr Kind einen Reisepass beantragen?<\/strong><\/li>\n<\/ol>\n<p style=\"text-align: justify;\">Dieses <a href=\"https:\/\/consdortmund.esteri.it\/wp-content\/uploads\/2025\/11\/modulo_richiesta_passaporto_minorenni_2025.pdf\"><strong>modulo per la richiesta di passaporto (clicca qui)<\/strong><\/a> muss zusammen mit gescannten PDF-Kopien der g\u00fcltigen Ausweisdokumente aller Eltern und gegebenenfalls der Minderj\u00e4hrigen im Bereich \u201eSonstiges\u201c des Portals <a href=\"https:\/\/prenotami.esteri.it\/\">Prenot@mi<\/a> hochgeladen werden. <strong>Die Gr\u00f6\u00dfe aller hochgeladenen Dateien darf 1 MB nicht \u00fcberschreiten<\/strong>.<\/p>\n<ol style=\"text-align: justify;\" start=\"7\">\n<li><strong>Wer muss einen Reisepass f\u00fcr Minderj\u00e4hrige beantragen?<\/strong><\/li>\n<\/ol>\n<p style=\"text-align: justify;\">Wenn die Eltern das gemeinsame Sorgerecht haben, muss der Reisepassantrag f\u00fcr Minderj\u00e4hrige von beiden Elternteilen unterschrieben werden. <strong>Dem Formular ist eine Fotokopie des Ausweises \/ Reisepasses der unterzeichnenden Person beizuf\u00fcgen<\/strong>. Nicht-EU-B\u00fcrger m\u00fcssen pers\u00f6nlich zum Termin erscheinen, da ihre Unterschrift vom Konsulat pers\u00f6nlich beglaubigt werden muss. Alternativ kann die Unterschrift von der deutschen Wohnsitzgemeinde oder einer anderen zust\u00e4ndigen Beh\u00f6rde (Notar) beglaubigt werden; in diesem Fall ist die Anwesenheit des Nicht-EU-B\u00fcrgers nicht erforderlich. Im Todesfall eines Elternteils ist die Sterbeurkunde vorzulegen.<\/p>\n<p style=\"text-align: justify;\">Wenn nur ein Elternteil das alleinige Sorgerecht hat <strong>oder im Zweifelsfall, wenden Sie sich bitte an das Reisepassb\u00fcro<\/strong> <strong>unter<\/strong> <a href=\"mailto:passaporti.dortmund@esteri.it\"><strong>passaporti.dortmund@esteri.it<\/strong><\/a>.<\/p>\n<p style=\"text-align: justify;\"><span style=\"text-decoration: underline; color: #ff0000;\"><strong>N\u00dcTZLICHE TIPPS<\/strong><\/span><\/p>\n<ul style=\"text-align: justify;\">\n<li><strong>Warten Sie nicht, bis Ihr altes Dokument (Reisepass oder Personalausweis) abl\u00e4uft<\/strong>. Beantragen Sie sechs Monate vor Ablauf einen neuen Reisepass. Aufgrund der hohen Anzahl an Antr\u00e4gen und der Komplexit\u00e4t des Verfahrens kann die Ausstellungszeit lang sein.<\/li>\n<li><strong>Senden Sie Ihren Reisepassantrag nicht per Post oder E-Mail. Ein selbst vereinbarter Termin \u00fcber <\/strong><a href=\"https:\/\/prenotami.esteri.it\/\"><strong>Prenot@mi<\/strong><\/a><strong> ist immer erforderlich.<\/strong><\/li>\n<li>Senden Sie kein Geld oder Dokumente per Post, es sei denn, das Konsulat verlangt dies ausdr\u00fccklich.<\/li>\n<li>Wenn Sie gleichzeitig und am selben Tag \u00a0einen Termin sowohl f\u00fcr den elektronischen Personalausweis (CIE) als auch f\u00fcr den Reisepass vereinbaren m\u00f6chten, empfehlen wir Ihnen, zuerst den Termin f\u00fcr den elektronischen Personalausweis und dann den Termin f\u00fcr den Reisepass zu buchen.<\/li>\n<\/ul>\n<p style=\"text-align: justify;\"><span style=\"color: #ff0000;\"><strong><u>REISEPASS IN F\u00c4LLEN VON SCHWERER UND DOKUMENTIERTER DRINGLICHKEIT<\/u><\/strong><\/span><\/p>\n<p style=\"text-align: justify;\">Im Falle absoluter und nachgewiesener Dringlichkeit, k\u00f6nnen Sie ohne Termin direkt beim Konsulat vorstellig werden. <strong>Ein schriftlicher Nachweis \u00fcber die Dringlichkeit muss vorgelegt werden<\/strong>, beispielsweise ein Flug-, Zug-, Schiffs- oder Busticket, eine ausl\u00e4ndische Hotelreservierung, ein Schreiben Ihres Arbeitgebers, eine schriftliche Vorladung einer Bank, eine Vorladung einer Gesundheitseinrichtung oder andere au\u00dfergew\u00f6hnliche gesundheitliche, berufliche oder sonstige Umst\u00e4nde, f\u00fcr die ein schriftlicher Nachweis vorliegt. Die Ausstellung eines Reisepasses mit Dringlichkeitsgeb\u00fchr liegt im Ermessen des Konsulats. Wesentliche Voraussetzung ist, dass auf Grundlage der Online-Verifizierung durch den Konsulatsbeamten keine Hindernisse f\u00fcr die Reisepassausstellung vorliegen und die Unterlagen vollst\u00e4ndig sind. <strong>Hierf\u00fcr ist eine Dringlichkeitsgeb\u00fchr von 50 \u20ac zu entrichten (Art. 74), zus\u00e4tzlich zu der Geb\u00fchr von 116,20 f\u00fcr die Ausstellung eines gew\u00f6hnlichen Reisepasses, also insgesamt 166,20 Euro<\/strong><\/p>\n<p><span style=\"text-decoration: underline;\"><span style=\"color: #ff0000;\"><strong>ZUGANG F\u00dcR PERSONEN MIT MOBILIT\u00c4TSEINSCHR\u00c4NKUNGEN:<\/strong><\/span><\/span><\/p>\n<p>Bitte wenden Sie sich rechtzeitig an das Konsulat. Benutzen Sie daf\u00fcr folgende Email Adresse: <a href=\"mailto:passaporti.dortmund@esteri.it\">passaporti.dortmund@esteri.it<\/a><\/p>\n<p style=\"text-align: justify;\"><span style=\"color: #ff0000;\"><strong><u>KONTAKTINFORMATIONEN DES REISEPASSB\u00dcROS<\/u><\/strong><\/span><\/p>\n<ul style=\"text-align: justify;\">\n<li>E-mail: <a href=\"mailto:passaporti.dortmund@esteri.it\"><strong>passaporti.dortmund@esteri.it<\/strong><\/a><\/li>\n<li>Tel. +<strong>49 (0)231 57796 10<\/strong><\/li>\n<\/ul>\n<p style=\"text-align: justify;\"><strong>Allgemeine Informationen zum italienischen Reisepass<\/strong> finden Sie <a href=\"https:\/\/www.esteri.it\/it\/servizi-consolari-e-visti\/italiani-all-estero\/documenti_di_viaggio\/passaporto\/\"><strong>hier.<\/strong><\/a><\/p>\n<p>&nbsp;<\/p>\n<p style=\"text-align: justify;\"><span style=\"color: #ff0000;\"><strong><u>REISEPASSFORMULARE<\/u><\/strong><\/span><\/p>\n<ul>\n<li style=\"text-align: justify;\"><a href=\"https:\/\/consdortmund.esteri.it\/wp-content\/uploads\/2025\/11\/RICHIESTA-PASSAPORTO-2023.pdf\"><strong>Modulo di richiesta maggiorenni<\/strong><\/a><\/li>\n<li style=\"text-align: justify;\"><a href=\"https:\/\/consdortmund.esteri.it\/wp-content\/uploads\/2025\/11\/modulo_richiesta_passaporto_minorenni_2025.pdf\"><strong>Modulo di richiesta minorenni<\/strong><\/a><\/li>\n<\/ul>\n","protected":false},"excerpt":{"rendered":"ACHTUNG! DIE REISEPASSAUSSTELLUNG IST NUR NACH TERMINVEREINBARUNG \u00dcBER DAS PORTAL PRENOT@MI M\u00d6GLICH. EIN PERS\u00d6NLICHES ERSCHEINEN IM KONSULAT OHNE TERMIN IST NICHT ERFORDERLICH. Die Anfrage und der Eingang der Anfrage per E-Mail stellen KEINE Terminbest\u00e4tigung dar. Die Best\u00e4tigung muss auf Ihrer pers\u00f6nlichen Seite im Prenot@mi-Portal erfolgen. Absagen werden individuell per E-Mail mitgeteilt und begr\u00fcndet. Wenn die [&hellip;]","protected":false},"author":5,"featured_media":0,"parent":93,"menu_order":5,"comment_status":"closed","ping_status":"closed","template":"","meta":{"footnotes":""},"class_list":["post-189","page","type-page","status-publish","hentry"],"_links":{"self":[{"href":"https:\/\/consdortmund.esteri.it\/de\/wp-json\/wp\/v2\/pages\/189","targetHints":{"allow":["GET"]}}],"collection":[{"href":"https:\/\/consdortmund.esteri.it\/de\/wp-json\/wp\/v2\/pages"}],"about":[{"href":"https:\/\/consdortmund.esteri.it\/de\/wp-json\/wp\/v2\/types\/page"}],"author":[{"embeddable":true,"href":"https:\/\/consdortmund.esteri.it\/de\/wp-json\/wp\/v2\/users\/5"}],"replies":[{"embeddable":true,"href":"https:\/\/consdortmund.esteri.it\/de\/wp-json\/wp\/v2\/comments?post=189"}],"version-history":[{"count":7,"href":"https:\/\/consdortmund.esteri.it\/de\/wp-json\/wp\/v2\/pages\/189\/revisions"}],"predecessor-version":[{"id":3301,"href":"https:\/\/consdortmund.esteri.it\/de\/wp-json\/wp\/v2\/pages\/189\/revisions\/3301"}],"up":[{"embeddable":true,"href":"https:\/\/consdortmund.esteri.it\/de\/wp-json\/wp\/v2\/pages\/93"}],"wp:attachment":[{"href":"https:\/\/consdortmund.esteri.it\/de\/wp-json\/wp\/v2\/media?parent=189"}],"curies":[{"name":"wp","href":"https:\/\/api.w.org\/{rel}","templated":true}]}}