{"id":1010,"date":"2023-03-21T12:06:13","date_gmt":"2023-03-21T11:06:13","guid":{"rendered":"https:\/\/consdortmund.esteri.it\/?page_id=1010"},"modified":"2023-04-12T18:05:37","modified_gmt":"2023-04-12T16:05:37","slug":"eintragung-von-heiratskunden","status":"publish","type":"page","link":"https:\/\/consdortmund.esteri.it\/de\/servizi-consolari-e-visti\/servizi-per-il-cittadino-italiano\/standesamt\/eintragung-von-heiratskunden\/","title":{"rendered":"Eintragung von Heiratskunden"},"content":{"rendered":"<p style=\"text-align: justify;\">Die Heiratskunden italienischer Staatsb\u00fcrger die im Ausland die Ehe geschlossen haben, \u201em\u00fcssen\u201c im Standesamtsregister des letzten Wohnortes in Italien des Betroffenen, oder dessen Eltern, eingetragen werden.<\/p>\n<p style=\"text-align: justify;\">F\u00fcr diese Eintragungen, welche normalerweise von Amts wegen \u00fcbermittelt werden, ist eine internationale Bescheinigung (mehrsprachig) erforderlich.<\/p>\n<p style=\"text-align: justify;\"><strong>Eheschlie\u00dfung<\/strong><\/p>\n<p style=\"text-align: justify;\">Im Ausland geschlossene Ehen m\u00fcssen in Italien registriert werden. Hierzu sind folgende Dokumente per Post einzureichen:<\/p>\n<ul style=\"text-align: justify;\">\n<li>Internationale Heiratsurkunde im Original, ausgestellt vom zust\u00e4ndigen deutschen Standesamt, wo die Ehe geschlossen wurde.<\/li>\n<li>Kopien der Identit\u00e4tsausweise.<\/li>\n<li>Meldebescheinigung der deutschen Gemeinde.<\/li>\n<\/ul>\n<p style=\"text-align: justify;\"><strong>Scheidung<\/strong><\/p>\n<p style=\"text-align: justify;\">Anerkennung eines ausl\u00e4ndischen Scheidungsurteils in Italien.<\/p>\n<p style=\"text-align: justify;\">Zun\u00e4chst ist anzumerken, dass ein im Ausland ausgesprochenes Scheidungsurteil, in Italien nicht automatisch G\u00fcltigkeit erlangt.<\/p>\n<p style=\"text-align: justify;\">A). F\u00fcr die Beantragung der Anerkennung eines deutschen Gerichtsurteils in Italien, das vor dem 10. M\u00e4rz 2001 Rechtskraft erlangt hat, wird um die Vorlage folgender Dokumente gebeten:<\/p>\n<ul style=\"text-align: justify;\">\n<li>Vollst\u00e4ndiges Scheidungsurteil mit Rechtskraftvermerk, mit Tatbestand und Entscheidungsgr\u00fcnden, im Original oder einer vom Amtsgericht beglaubigten Ausf\u00fchrung. Das Urteil muss gebunden und mit einem Siegel des Amtsgerichts versehen sein.<\/li>\n<li>\u00dcbersetzung des Scheidungsurteils in italienischer Sprache durch einen\u00a0<a href=\"https:\/\/consdortmund.esteri.it\/it\/servizi-consolari-e-visti\/servizi-per-il-cittadino-italiano\/elenchi-professionisti-con-conoscenza-della-lingua-italiana\/\"><strong>vereidigten \u00dcbersetzer<\/strong><\/a>.<\/li>\n<li><a href=\"https:\/\/consdortmund.esteri.it\/wp-content\/uploads\/2023\/03\/26421_f_cons57mod_richies_trasc_sent_div-10_agg.2018.doc\">Antragsformular<\/a>, welches von den Betroffenen ausgef\u00fcllt und unterschrieben, einzusenden ist.<\/li>\n<\/ul>\n<p style=\"text-align: justify;\">B). F\u00fcr die Anerkennung eines deutschen Gerichtsurteils in Italien, das nach dem 10. M\u00e4rz 2001 Rechtskraft erlangt hat, wird um die Vorlage folgender Dokumente gebeten:<\/p>\n<ul style=\"text-align: justify;\">\n<li>Bescheinigung gem\u00e4\u00df Art. 39 (der Verordnung EG Nr. 2201\/2003 des Rates vom 27.11.2003) ausgestellt von dem Gericht, welches das Scheidungsurteil ausgesprochen hat.<\/li>\n<li><a href=\"https:\/\/consdortmund.esteri.it\/wp-content\/uploads\/2023\/03\/26421_f_cons57mod_richies_trasc_sent_div-10_agg.2018.doc\">Antragsformular<\/a>, welches von den Betroffenen ausgef\u00fcllt und unterschrieben, einzusenden ist.<\/li>\n<\/ul>\n","protected":false},"excerpt":{"rendered":"Die Heiratskunden italienischer Staatsb\u00fcrger die im Ausland die Ehe geschlossen haben, \u201em\u00fcssen\u201c im Standesamtsregister des letzten Wohnortes in Italien des Betroffenen, oder dessen Eltern, eingetragen werden. F\u00fcr diese Eintragungen, welche normalerweise von Amts wegen \u00fcbermittelt werden, ist eine internationale Bescheinigung (mehrsprachig) erforderlich. Eheschlie\u00dfung Im Ausland geschlossene Ehen m\u00fcssen in Italien registriert werden. Hierzu sind folgende [&hellip;]","protected":false},"author":5,"featured_media":0,"parent":423,"menu_order":5,"comment_status":"closed","ping_status":"closed","template":"","meta":{"footnotes":""},"class_list":["post-1010","page","type-page","status-publish","hentry"],"_links":{"self":[{"href":"https:\/\/consdortmund.esteri.it\/de\/wp-json\/wp\/v2\/pages\/1010","targetHints":{"allow":["GET"]}}],"collection":[{"href":"https:\/\/consdortmund.esteri.it\/de\/wp-json\/wp\/v2\/pages"}],"about":[{"href":"https:\/\/consdortmund.esteri.it\/de\/wp-json\/wp\/v2\/types\/page"}],"author":[{"embeddable":true,"href":"https:\/\/consdortmund.esteri.it\/de\/wp-json\/wp\/v2\/users\/5"}],"replies":[{"embeddable":true,"href":"https:\/\/consdortmund.esteri.it\/de\/wp-json\/wp\/v2\/comments?post=1010"}],"version-history":[{"count":0,"href":"https:\/\/consdortmund.esteri.it\/de\/wp-json\/wp\/v2\/pages\/1010\/revisions"}],"up":[{"embeddable":true,"href":"https:\/\/consdortmund.esteri.it\/de\/wp-json\/wp\/v2\/pages\/423"}],"wp:attachment":[{"href":"https:\/\/consdortmund.esteri.it\/de\/wp-json\/wp\/v2\/media?parent=1010"}],"curies":[{"name":"wp","href":"https:\/\/api.w.org\/{rel}","templated":true}]}}